{"id":1614,"date":"2021-09-17T09:46:30","date_gmt":"2021-09-17T09:46:30","guid":{"rendered":"https:\/\/govorimoorakupluca.com\/naslovnica\/"},"modified":"2022-07-13T07:50:59","modified_gmt":"2022-07-13T07:50:59","slug":"naslovnica","status":"publish","type":"page","link":"https:\/\/2023.govorimoorakupluca.com\/en\/","title":{"rendered":"Naslovnica"},"content":{"rendered":"<style>\/*! elementor - v3.4.8 - 16-11-2021 *\/\n.elementor-heading-title{padding:0;margin:0;line-height:1}.elementor-widget-heading .elementor-heading-title[class*=elementor-size-]>a{color:inherit;font-size:inherit;line-height:inherit}.elementor-widget-heading .elementor-heading-title.elementor-size-small{font-size:15px}.elementor-widget-heading .elementor-heading-title.elementor-size-medium{font-size:19px}.elementor-widget-heading .elementor-heading-title.elementor-size-large{font-size:29px}.elementor-widget-heading .elementor-heading-title.elementor-size-xl{font-size:39px}.elementor-widget-heading .elementor-heading-title.elementor-size-xxl{font-size:59px}<\/style>\n<h2>Govorimo o raku plu\u0107a<\/h2>\n<style>\/*! elementor - v3.4.8 - 16-11-2021 *\/\n.elementor-widget-image{text-align:center}.elementor-widget-image a{display:inline-block}.elementor-widget-image a img[src$=\".svg\"]{width:48px}.elementor-widget-image img{vertical-align:middle;display:inline-block}<\/style>\n<p>\t\t\t\t\t\t\t\t\t\t\t\t<img loading=\"lazy\" decoding=\"async\" width=\"686\" height=\"28\" src=\"https:\/\/govorimoorakupluca.com\/wp-content\/uploads\/2021\/09\/underline-narancasta.svg\" alt=\"\" loading=\"lazy\" \/>\t\t\t\t\t\t\t\t\t\t\t\t\t\t\t<\/p>\n<p>Komunikacijska digitalna platforma <a href=\"http:\/\/www.govorimoorakuplu\u0107a.com\">www.govorimoorakuplu\u0107a.com<\/a> pokrenuta je kao sredi\u0161nje mjesto informiranja za oboljele od raka plu\u0107a, \u010dlanove njihovih obitelji i zainteresiranu javnost.<\/p>\n<p>U trenutku dijagnoze oboljeli imaju velik broj pitanja, nedoumica i sumnji te su im potrebne brze, to\u010dne i provjerene informacije i odgovori na njihova pitanja. Potrebna im je mogu\u0107nost da na jednom mjestu brzo i u\u010dinkovito do\u0111u do odgovora na sva pitanja kao i do savjeta stru\u010dnjaka.<\/p>\n<p>\t\t\t<a href=\"https:\/\/govorimoorakupluca.com\/en\/about-us\/\" role=\"button\"><br \/>\n\t\t\t\t\t\tVi\u0161e o nama<br \/>\n\t\t\t\t\t<\/a><br \/>\n\t\t\t<a href=\"https:\/\/govorimoorakupluca.com\/en\/nasi_projekti\/\" role=\"button\"><br \/>\n\t\t\t\t\t\tNa\u0161i projekti<br \/>\n\t\t\t\t\t<\/a><br \/>\n\t\t<div style=\"width: 640px;\" class=\"wp-video\"><video class=\"wp-video-shortcode\" id=\"video-1614-1\" width=\"640\" height=\"360\" preload=\"metadata\" controls=\"controls\"><source type=\"video\/mp4\" src=\"https:\/\/govorimoorakupluca.com\/wp-content\/uploads\/2021\/09\/3.mp4https:\/\/govorimoorakupluca.com\/wp-content\/uploads\/2021\/09\/Vjezbe-disanja-s-eng-titlom.mp4https:\/\/govorimoorakupluca.com\/wp-content\/uploads\/2021\/09\/Mario-Vekic.mp4?_=1\" \/><a href=\"https:\/\/govorimoorakupluca.com\/wp-content\/uploads\/2021\/09\/3.mp4https:\/\/govorimoorakupluca.com\/wp-content\/uploads\/2021\/09\/Vjezbe-disanja-s-eng-titlom.mp4https:\/\/govorimoorakupluca.com\/wp-content\/uploads\/2021\/09\/Mario-Vekic.mp4\">https:\/\/govorimoorakupluca.com\/wp-content\/uploads\/2021\/09\/3.mp4https:\/\/govorimoorakupluca.com\/wp-content\/uploads\/2021\/09\/Vjezbe-disanja-s-eng-titlom.mp4https:\/\/govorimoorakupluca.com\/wp-content\/uploads\/2021\/09\/Mario-Vekic.mp4<\/a><\/video><\/div><br \/>\n\t\t\t\t\t\t\t\t\t\t\t\t\t\t\t<img loading=\"lazy\" decoding=\"async\" width=\"800\" height=\"450\" src=\"https:\/\/govorimoorakupluca.com\/wp-content\/uploads\/2021\/09\/vlcsnap-2021-09-21-10h38m48s048-1024x576.png\" alt=\"\" loading=\"lazy\" srcset=\"https:\/\/govorimoorakupluca.com\/wp-content\/uploads\/2021\/09\/vlcsnap-2021-09-21-10h38m48s048-1024x576.png 1024w, https:\/\/govorimoorakupluca.com\/wp-content\/uploads\/2021\/09\/vlcsnap-2021-09-21-10h38m48s048-300x169.png 300w, https:\/\/govorimoorakupluca.com\/wp-content\/uploads\/2021\/09\/vlcsnap-2021-09-21-10h38m48s048-768x432.png 768w, https:\/\/govorimoorakupluca.com\/wp-content\/uploads\/2021\/09\/vlcsnap-2021-09-21-10h38m48s048-1536x864.png 1536w, https:\/\/govorimoorakupluca.com\/wp-content\/uploads\/2021\/09\/vlcsnap-2021-09-21-10h38m48s048.png 1920w\" sizes=\"auto, (max-width: 800px) 100vw, 800px\" \/>\t\t\t\t\t\t\t\t\t\t\t\t\t\t\t<\/p>\n<h2>\u0160to je rak plu\u0107a?<\/h2>\n<p>\t\t\t\t\t\t\t\t\t\t\t\t\t\t\t<img loading=\"lazy\" decoding=\"async\" width=\"686\" height=\"28\" src=\"https:\/\/govorimoorakupluca.com\/wp-content\/uploads\/2021\/09\/underline-bijela.svg\" alt=\"\" loading=\"lazy\" \/><br \/>\n\t\tRak je zlo\u0107udna bolest koja je posljedica nastanka abnormalnosti osnovne jedinica \u017eivota u ljudskom tijelu &#8211; stanice. Zdravo tijelo kontinuirano odr\u017eava sustave provjera i ravnote\u017ee rasta stanica, tako da se stanice dijele samo kada je to potrebno. Poreme\u0107aj sustava provjera i ravnote\u017ee rasta stanica rezultira nekontroliranim dijeljenjem ili proliferacijom stanica koje s vremenom stvore masu koja se zove tumor.<br \/>\n\t\t\t<a href=\"https:\/\/govorimoorakupluca.com\/en\/rak-pluca\/\" role=\"button\"><br \/>\n\t\t\t\t\t\tNastavi \u010ditati<br \/>\n\t\t\t\t\t<\/a><br \/>\n\t\t\t<a href=\"https:\/\/govorimoorakupluca.com\/en\/zivjeti-s-rakom-pluca\/\" role=\"button\"><br \/>\n\t\t\t\t\t\t\u017divjeti sa rakom plu\u0107a<br \/>\n\t\t\t\t\t<\/a><\/p>\n<style>\/*! elementor - v3.4.8 - 16-11-2021 *\/\n.elementor-widget.elementor-icon-list--layout-inline .elementor-widget-container{overflow:hidden}.elementor-widget .elementor-icon-list-items.elementor-inline-items{margin-right:-8px;margin-left:-8px}.elementor-widget .elementor-icon-list-items.elementor-inline-items .elementor-icon-list-item{margin-right:8px;margin-left:8px}.elementor-widget .elementor-icon-list-items.elementor-inline-items .elementor-icon-list-item:after{width:auto;left:auto;right:auto;position:relative;height:100%;top:50%;-webkit-transform:translateY(-50%);-ms-transform:translateY(-50%);transform:translateY(-50%);border-top:0;border-bottom:0;border-right:0;border-left-width:1px;border-style:solid;right:-8px}.elementor-widget .elementor-icon-list-items{list-style-type:none;margin:0;padding:0}.elementor-widget .elementor-icon-list-item{margin:0;padding:0;position:relative}.elementor-widget .elementor-icon-list-item:after{position:absolute;bottom:0;width:100%}.elementor-widget .elementor-icon-list-item,.elementor-widget .elementor-icon-list-item a{display:-webkit-box;display:-ms-flexbox;display:flex;-webkit-box-align:center;-ms-flex-align:center;align-items:center;font-size:inherit}.elementor-widget .elementor-icon-list-icon+.elementor-icon-list-text{-ms-flex-item-align:center;align-self:center;padding-left:5px}.elementor-widget .elementor-icon-list-icon{display:-webkit-box;display:-ms-flexbox;display:flex}.elementor-widget .elementor-icon-list-icon svg{width:var(--e-icon-list-icon-size,1em);height:var(--e-icon-list-icon-size,1em)}.elementor-widget .elementor-icon-list-icon i{width:1.25em;font-size:var(--e-icon-list-icon-size)}.elementor-widget.elementor-widget-icon-list .elementor-icon-list-icon{text-align:var(--e-icon-list-icon-align)}.elementor-widget.elementor-widget-icon-list .elementor-icon-list-icon svg{margin:var(--e-icon-list-icon-margin,0 calc(var(--e-icon-list-icon-size, 1em) * .25) 0 0)}.elementor-widget.elementor-list-item-link-full_width a{width:100%}.elementor-widget.elementor-align-center .elementor-icon-list-item,.elementor-widget.elementor-align-center .elementor-icon-list-item a{-webkit-box-pack:center;-ms-flex-pack:center;justify-content:center}.elementor-widget.elementor-align-center .elementor-icon-list-item:after{margin:auto}.elementor-widget.elementor-align-center .elementor-inline-items{-webkit-box-pack:center;-ms-flex-pack:center;justify-content:center}.elementor-widget.elementor-align-left .elementor-icon-list-item,.elementor-widget.elementor-align-left .elementor-icon-list-item a{-webkit-box-pack:start;-ms-flex-pack:start;justify-content:flex-start;text-align:left}.elementor-widget.elementor-align-left .elementor-inline-items{-webkit-box-pack:start;-ms-flex-pack:start;justify-content:flex-start}.elementor-widget.elementor-align-right .elementor-icon-list-item,.elementor-widget.elementor-align-right .elementor-icon-list-item a{-webkit-box-pack:end;-ms-flex-pack:end;justify-content:flex-end;text-align:right}.elementor-widget.elementor-align-right .elementor-icon-list-items{-webkit-box-pack:end;-ms-flex-pack:end;justify-content:flex-end}.elementor-widget:not(.elementor-align-right) .elementor-icon-list-item:after{left:0}.elementor-widget:not(.elementor-align-left) .elementor-icon-list-item:after{right:0}@media (max-width:1024px){.elementor-widget.elementor-tablet-align-center .elementor-icon-list-item,.elementor-widget.elementor-tablet-align-center .elementor-icon-list-item a,.elementor-widget.elementor-tablet-align-center .elementor-icon-list-items{-webkit-box-pack:center;-ms-flex-pack:center;justify-content:center}.elementor-widget.elementor-tablet-align-center .elementor-icon-list-item:after{margin:auto}.elementor-widget.elementor-tablet-align-left .elementor-icon-list-items{-webkit-box-pack:start;-ms-flex-pack:start;justify-content:flex-start}.elementor-widget.elementor-tablet-align-left .elementor-icon-list-item,.elementor-widget.elementor-tablet-align-left .elementor-icon-list-item a{-webkit-box-pack:start;-ms-flex-pack:start;justify-content:flex-start;text-align:left}.elementor-widget.elementor-tablet-align-right .elementor-icon-list-items{-webkit-box-pack:end;-ms-flex-pack:end;justify-content:flex-end}.elementor-widget.elementor-tablet-align-right .elementor-icon-list-item,.elementor-widget.elementor-tablet-align-right .elementor-icon-list-item a{-webkit-box-pack:end;-ms-flex-pack:end;justify-content:flex-end;text-align:right}.elementor-widget:not(.elementor-tablet-align-right) .elementor-icon-list-item:after{left:0}.elementor-widget:not(.elementor-tablet-align-left) .elementor-icon-list-item:after{right:0}}@media (max-width:767px){.elementor-widget.elementor-mobile-align-center .elementor-icon-list-item,.elementor-widget.elementor-mobile-align-center .elementor-icon-list-item a,.elementor-widget.elementor-mobile-align-center .elementor-icon-list-items{-webkit-box-pack:center;-ms-flex-pack:center;justify-content:center}.elementor-widget.elementor-mobile-align-center .elementor-icon-list-item:after{margin:auto}.elementor-widget.elementor-mobile-align-left .elementor-icon-list-items{-webkit-box-pack:start;-ms-flex-pack:start;justify-content:flex-start}.elementor-widget.elementor-mobile-align-left .elementor-icon-list-item,.elementor-widget.elementor-mobile-align-left .elementor-icon-list-item a{-webkit-box-pack:start;-ms-flex-pack:start;justify-content:flex-start;text-align:left}.elementor-widget.elementor-mobile-align-right .elementor-icon-list-items{-webkit-box-pack:end;-ms-flex-pack:end;justify-content:flex-end}.elementor-widget.elementor-mobile-align-right .elementor-icon-list-item,.elementor-widget.elementor-mobile-align-right .elementor-icon-list-item a{-webkit-box-pack:end;-ms-flex-pack:end;justify-content:flex-end;text-align:right}.elementor-widget:not(.elementor-mobile-align-right) .elementor-icon-list-item:after{left:0}.elementor-widget:not(.elementor-mobile-align-left) .elementor-icon-list-item:after{right:0}}<\/style>\n<ul>\n<li>\n\t\t\t\t\t\t\t\t\t\t\t<a href=\"https:\/\/govorimoorakupluca.com\/en\/rak-pluca\/lazni-mitovi-o-raku\/\"><br \/>\n\t\t\t\t\t\t\t<svg aria-hidden=\"true\"><use xlink:href=\"#fas-angle-right\" \/><\/svg><br \/>\n\t\t\t\t\t\t\t\t\t\tLa\u017eni mitovi o raku<br \/>\n\t\t\t\t\t\t\t\t\t\t\t<\/a>\n\t\t\t\t\t\t\t\t\t<\/li>\n<li>\n\t\t\t\t\t\t\t\t\t\t\t<a href=\"https:\/\/govorimoorakupluca.com\/rak-pluca\/genetska-preispozicija-i-rak\/\"><br \/>\n\t\t\t\t\t\t\t<svg aria-hidden=\"true\"><use xlink:href=\"#fas-angle-right\" \/><\/svg><br \/>\n\t\t\t\t\t\t\t\t\t\tGenetska predispozicija i rak<br \/>\n\t\t\t\t\t\t\t\t\t\t\t<\/a>\n\t\t\t\t\t\t\t\t\t<\/li>\n<li>\n\t\t\t\t\t\t\t\t\t\t\t<a href=\"https:\/\/govorimoorakupluca.com\/en\/rak-pluca\/starenje-i-rak\/\"><br \/>\n\t\t\t\t\t\t\t<svg aria-hidden=\"true\"><use xlink:href=\"#fas-angle-right\" \/><\/svg><br \/>\n\t\t\t\t\t\t\t\t\t\tStarenje i rak<br \/>\n\t\t\t\t\t\t\t\t\t\t\t<\/a>\n\t\t\t\t\t\t\t\t\t<\/li>\n<li>\n\t\t\t\t\t\t\t\t\t\t\t<a href=\"https:\/\/govorimoorakupluca.com\/en\/rak-pluca\/pusenje-kao-uzrok-raka\/\"><br \/>\n\t\t\t\t\t\t\t<svg aria-hidden=\"true\"><use xlink:href=\"#fas-angle-right\" \/><\/svg><br \/>\n\t\t\t\t\t\t\t\t\t\tPu\u0161enje kao uzrok raka<br \/>\n\t\t\t\t\t\t\t\t\t\t\t<\/a>\n\t\t\t\t\t\t\t\t\t<\/li>\n<li>\n\t\t\t\t\t\t\t\t\t\t\t<a href=\"https:\/\/govorimoorakupluca.com\/en\/rak-pluca\/utjecaj-e-cigareta-na-pluca\/\"><br \/>\n\t\t\t\t\t\t\t<svg aria-hidden=\"true\"><use xlink:href=\"#fas-angle-right\" \/><\/svg><br \/>\n\t\t\t\t\t\t\t\t\t\tUtjecaj e-cigareta na plu\u0107a<br \/>\n\t\t\t\t\t\t\t\t\t\t\t<\/a>\n\t\t\t\t\t\t\t\t\t<\/li>\n<\/ul>\n<h2>\u0160to u\u010diniti kada saznate da vam je dijagnosticiran rak?<\/h2>\n<p>\t\t\t\t\t\t\t\t\t\t\t\t\t\t\t<img loading=\"lazy\" decoding=\"async\" width=\"672\" height=\"17\" src=\"https:\/\/govorimoorakupluca.com\/wp-content\/uploads\/2021\/09\/underline-plava.svg\" alt=\"\" loading=\"lazy\" \/><br \/>\n\t\tRak je postao u\u010destala bolest; \u00a0\u010dak polovina mu\u0161karaca i tre\u0107ina \u017eena ima dijagnosticiran neki oblik raka tijekom \u017eivota, a napreci u medicini doveli su do pove\u0107anja \u0161anse za izlje\u010denje raka. Tako su danas neki oblici raka izlje\u010divi i u preko 90% slu\u010dajeva.<br \/>\nNo unato\u010d u\u010destalosti, spoznaja da vam je dijagnosticiran rak svakako nije ugodna i u tom trenutku \u0107e vam se \u010diniti da vam se cijeli svijet sru\u0161io. Ne postoji eufemizam za rak i ne treba ga poku\u0161avati predstaviti kao ne\u0161to benigno, a spoznaja da imate rak je vrlo te\u0161ka i trebat \u0107e vam vremena da ju obradite.<br \/>\nNo, ipak postoje savjeti koji vam mogu olak\u0161ati.<br \/>\n\t\t\t<a href=\"https:\/\/govorimoorakupluca.com\/en\/dijagnoza\/#stouciniti\" role=\"button\"><br \/>\n\t\t\t\t\t\tSaznajte vi\u0161e<br \/>\n\t\t\t\t\t<\/a><\/p>\n<h3>1. Informirajte se<\/h3>\n<p>\t\tIstra\u017eivanja su pokazala da se pacijenti informirani o svojoj bolesti bolje nose s bole\u0161\u0107u i njenim nuspojavama od pacijenata koji ne postavljaju pitanja svom onkolo\u0161kom timu.\t\t<\/p>\n<h3>2. Potra\u017eite podr\u0161ku od svojih bli\u017enjih<\/h3>\n<p>\t\tPodr\u0161ka prijatelja, \u010dlanova obitelji i ostalih bliskih osoba vrlo je va\u017ena u procesu izlje\u010denja.\t\t<\/p>\n<h3>3. Po\u010dnite s mijenjanjem \u017eivotnog stila<\/h3>\n<p>Iako \u0107e Vam se briga o na\u010dinu \u017eivota sada mo\u017eda \u010diniti kao dodatna obaveza, sad je upravo vrijeme da je polako stje\u010dete.<\/p>\n<h2>Lije\u010denje raka plu\u0107a<\/h2>\n<p>\t\t\t\t\t\t\t\t\t\t\t\t\t\t\t<img loading=\"lazy\" decoding=\"async\" width=\"686\" height=\"28\" src=\"https:\/\/govorimoorakupluca.com\/wp-content\/uploads\/2021\/09\/underline-bijela.svg\" alt=\"\" loading=\"lazy\" \/>\t\t\t\t\t\t\t\t\t\t\t\t\t\t\t<\/p>\n<h2>Pristupnica<\/h2>\n<p>\t\t\t\t\t\t\t\t\t\t\t\t\t\t\t<img loading=\"lazy\" decoding=\"async\" width=\"686\" height=\"28\" src=\"https:\/\/govorimoorakupluca.com\/wp-content\/uploads\/2021\/09\/underline-bijela.svg\" alt=\"\" loading=\"lazy\" \/>\t\t\t\t\t\t\t\t\t\t\t\t\t\t\t<\/p>\n<h2>Projekti<\/h2>\n<p>\t\t\t\t\t\t\t\t\t\t\t\t\t\t\t<img loading=\"lazy\" decoding=\"async\" width=\"686\" height=\"28\" src=\"https:\/\/govorimoorakupluca.com\/wp-content\/uploads\/2021\/09\/underline-ljubicasta.svg\" alt=\"\" loading=\"lazy\" \/><br \/>\n\t\t\t<a href=\"https:\/\/govorimoorakupluca.com\/en\/nasi_projekti\/\" role=\"button\"><br \/>\n\t\t\t\t\t\tSvi projekti<br \/>\n\t\t\t\t\t<\/a><\/p>\n","protected":false},"excerpt":{"rendered":"<p>Govorimo o raku plu\u0107a Komunikacijska digitalna platforma www.govorimoorakuplu\u0107a.com pokrenuta je kao sredi\u0161nje mjesto informiranja za oboljele od raka plu\u0107a, \u010dlanove njihovih obitelji i zainteresiranu javnost. U trenutku dijagnoze oboljeli imaju velik broj pitanja, nedoumica i sumnji te su im potrebne brze, to\u010dne i provjerene informacije i odgovori na njihova pitanja. Potrebna im je mogu\u0107nost da [&hellip;]<\/p>\n","protected":false},"author":1,"featured_media":0,"parent":0,"menu_order":0,"comment_status":"closed","ping_status":"closed","template":"","meta":{"footnotes":""},"class_list":["post-1614","page","type-page","status-publish","hentry"],"_links":{"self":[{"href":"https:\/\/2023.govorimoorakupluca.com\/en\/wp-json\/wp\/v2\/pages\/1614","targetHints":{"allow":["GET"]}}],"collection":[{"href":"https:\/\/2023.govorimoorakupluca.com\/en\/wp-json\/wp\/v2\/pages"}],"about":[{"href":"https:\/\/2023.govorimoorakupluca.com\/en\/wp-json\/wp\/v2\/types\/page"}],"author":[{"embeddable":true,"href":"https:\/\/2023.govorimoorakupluca.com\/en\/wp-json\/wp\/v2\/users\/1"}],"replies":[{"embeddable":true,"href":"https:\/\/2023.govorimoorakupluca.com\/en\/wp-json\/wp\/v2\/comments?post=1614"}],"version-history":[{"count":4,"href":"https:\/\/2023.govorimoorakupluca.com\/en\/wp-json\/wp\/v2\/pages\/1614\/revisions"}],"predecessor-version":[{"id":1887,"href":"https:\/\/2023.govorimoorakupluca.com\/en\/wp-json\/wp\/v2\/pages\/1614\/revisions\/1887"}],"wp:attachment":[{"href":"https:\/\/2023.govorimoorakupluca.com\/en\/wp-json\/wp\/v2\/media?parent=1614"}],"curies":[{"name":"wp","href":"https:\/\/api.w.org\/{rel}","templated":true}]}}