{"id":1617,"date":"2021-09-17T09:46:44","date_gmt":"2021-09-17T09:46:44","guid":{"rendered":"https:\/\/govorimoorakupluca.com\/rak-pluca\/"},"modified":"2021-10-29T10:30:09","modified_gmt":"2021-10-29T10:30:09","slug":"rak-pluca","status":"publish","type":"page","link":"https:\/\/2023.govorimoorakupluca.com\/en\/rak-pluca\/","title":{"rendered":"Lung cancer"},"content":{"rendered":"\t\t<div data-elementor-type=\"wp-page\" data-elementor-id=\"1617\" data-post-id=\"1617\" data-obj-id=\"1617\" class=\"elementor elementor-1617 dce-elementor-post-1617 elementor-69\">\n\t\t\t\t\t\t<section class=\"elementor-section elementor-top-section elementor-element elementor-element-bf3f8bb elementor-section-boxed elementor-section-height-default elementor-section-height-default\" data-id=\"bf3f8bb\" data-element_type=\"section\">\n\t\t\t\t\t\t<div class=\"elementor-container elementor-column-gap-default\">\n\t\t\t\t\t<div class=\"elementor-column elementor-col-50 elementor-top-column elementor-element elementor-element-b653ac4\" data-id=\"b653ac4\" data-element_type=\"column\">\n\t\t\t<div class=\"elementor-widget-wrap elementor-element-populated\">\n\t\t\t\t\t\t<div class=\"elementor-element elementor-element-d2bda1b elementor-widget elementor-widget-heading\" data-id=\"d2bda1b\" data-element_type=\"widget\" data-widget_type=\"heading.default\">\n\t\t\t\t<div class=\"elementor-widget-container\">\n\t\t\t\t\t<h2 class=\"elementor-heading-title elementor-size-default\">\u0160to je rak plu\u0107a?<\/h2>\t\t\t\t<\/div>\n\t\t\t\t<\/div>\n\t\t\t\t<div class=\"elementor-element elementor-element-36a5bca elementor-widget elementor-widget-text-editor\" data-id=\"36a5bca\" data-element_type=\"widget\" data-widget_type=\"text-editor.default\">\n\t\t\t\t<div class=\"elementor-widget-container\">\n\t\t\t\t\t\t\t\t\t<p>Rak je zlo\u0107udna bolest koja je posljedica nastanka abnormalnosti osnovne jedinica \u017eivota u ljudskom tijelu &#8211; stanice. Zdravo tijelo kontinuirano odr\u017eava sustave provjera i ravnote\u017ee rasta stanica, tako da se stanice dijele samo kada je to potrebno. Poreme\u0107aj sustava provjera i ravnote\u017ee rasta stanica rezultira nekontroliranim dijeljenjem ili proliferacijom stanica koje s vremenom stvore masu koja se zove tumor.<\/p><p>Tumori mogu biti dobro\u0107udni (benigni) ili zlo\u0107udni (maligni). Kada se govori o &#8220;raku&#8221;, misli se na zlo\u0107udne (maligne) tumore. Benigni (dobro\u0107udni) \u00a0tumori se naj\u010de\u0161\u0107e mogu kirur\u0161ki ukloniti i ne \u0161ire se na druge udaljene dijelove tijela. Za razliku od njih maligni tumori rastu agresivno te napadaju druga tkiva u tijelu, ulaze u krvotok i\/ili limfni sustav i zatim na drugim mjestima u tijelu stvaraju nove tumore. Ovaj proces \u0161irenja naziva se metastaziranje ili presa\u0111ivanje tumora (nastaju presadnice ili metastaze).<\/p><p>Rak plu\u0107a mo\u017ee nastati u bilo kojem dijelu plu\u0107a, ali 90% -95% karcinoma plu\u0107a nastaje iz epitelnih stanica, stanica sluznice ve\u0107ih i manjih di\u0161nih putova (bronhija i bronhiola), te se iz tog razloga rak plu\u0107a naziva i rak bronha.<\/p>\t\t\t\t\t\t\t\t<\/div>\n\t\t\t\t<\/div>\n\t\t\t\t\t<\/div>\n\t\t<\/div>\n\t\t\t\t<div class=\"elementor-column elementor-col-50 elementor-top-column elementor-element elementor-element-17f61de\" data-id=\"17f61de\" data-element_type=\"column\">\n\t\t\t<div class=\"elementor-widget-wrap elementor-element-populated\">\n\t\t\t\t\t\t<div class=\"elementor-element elementor-element-67c9672 elementor-widget elementor-widget-image\" data-id=\"67c9672\" data-element_type=\"widget\" data-widget_type=\"image.default\">\n\t\t\t\t<div class=\"elementor-widget-container\">\n\t\t\t\t\t\t\t\t\t\t\t\t\t\t\t<img fetchpriority=\"high\" decoding=\"async\" width=\"800\" height=\"800\" src=\"https:\/\/2023.govorimoorakupluca.com\/wp-content\/uploads\/2021\/09\/JEdra-Social-1080x1080px_2_-1024x1024.jpg\" class=\"attachment-large size-large wp-image-1483\" alt=\"\" srcset=\"https:\/\/2023.govorimoorakupluca.com\/wp-content\/uploads\/2021\/09\/JEdra-Social-1080x1080px_2_-1024x1024.jpg 1024w, https:\/\/2023.govorimoorakupluca.com\/wp-content\/uploads\/2021\/09\/JEdra-Social-1080x1080px_2_-300x300.jpg 300w, https:\/\/2023.govorimoorakupluca.com\/wp-content\/uploads\/2021\/09\/JEdra-Social-1080x1080px_2_-150x150.jpg 150w, https:\/\/2023.govorimoorakupluca.com\/wp-content\/uploads\/2021\/09\/JEdra-Social-1080x1080px_2_-768x768.jpg 768w, https:\/\/2023.govorimoorakupluca.com\/wp-content\/uploads\/2021\/09\/JEdra-Social-1080x1080px_2_.jpg 1080w\" sizes=\"(max-width: 800px) 100vw, 800px\" \/>\t\t\t\t\t\t\t\t\t\t\t\t\t\t\t<\/div>\n\t\t\t\t<\/div>\n\t\t\t\t\t<\/div>\n\t\t<\/div>\n\t\t\t\t\t<\/div>\n\t\t<\/section>\n\t\t\t\t<section class=\"elementor-section elementor-top-section elementor-element elementor-element-156a386 elementor-reverse-tablet elementor-reverse-mobile elementor-section-boxed elementor-section-height-default elementor-section-height-default\" data-id=\"156a386\" data-element_type=\"section\">\n\t\t\t\t\t\t<div class=\"elementor-container elementor-column-gap-default\">\n\t\t\t\t\t<div class=\"elementor-column elementor-col-50 elementor-top-column elementor-element elementor-element-c3be298\" data-id=\"c3be298\" data-element_type=\"column\">\n\t\t\t<div class=\"elementor-widget-wrap elementor-element-populated\">\n\t\t\t\t\t\t<div class=\"elementor-element elementor-element-75d8c3c elementor-widget elementor-widget-image\" data-id=\"75d8c3c\" data-element_type=\"widget\" data-widget_type=\"image.default\">\n\t\t\t\t<div class=\"elementor-widget-container\">\n\t\t\t\t\t\t\t\t\t\t\t\t\t\t\t<img decoding=\"async\" width=\"800\" height=\"534\" src=\"https:\/\/2023.govorimoorakupluca.com\/wp-content\/uploads\/2021\/09\/Depositphotos_223062976_xl-2015-Medium-1024x683.jpg\" class=\"attachment-large size-large wp-image-1484\" alt=\"\" srcset=\"https:\/\/2023.govorimoorakupluca.com\/wp-content\/uploads\/2021\/09\/Depositphotos_223062976_xl-2015-Medium-1024x683.jpg 1024w, https:\/\/2023.govorimoorakupluca.com\/wp-content\/uploads\/2021\/09\/Depositphotos_223062976_xl-2015-Medium-300x200.jpg 300w, https:\/\/2023.govorimoorakupluca.com\/wp-content\/uploads\/2021\/09\/Depositphotos_223062976_xl-2015-Medium-768x512.jpg 768w, https:\/\/2023.govorimoorakupluca.com\/wp-content\/uploads\/2021\/09\/Depositphotos_223062976_xl-2015-Medium.jpg 1151w\" sizes=\"(max-width: 800px) 100vw, 800px\" \/>\t\t\t\t\t\t\t\t\t\t\t\t\t\t\t<\/div>\n\t\t\t\t<\/div>\n\t\t\t\t\t<\/div>\n\t\t<\/div>\n\t\t\t\t<div class=\"elementor-column elementor-col-50 elementor-top-column elementor-element elementor-element-2613831\" data-id=\"2613831\" data-element_type=\"column\">\n\t\t\t<div class=\"elementor-widget-wrap elementor-element-populated\">\n\t\t\t\t\t\t<div class=\"elementor-element elementor-element-6ae6d77 elementor-widget elementor-widget-text-editor\" data-id=\"6ae6d77\" data-element_type=\"widget\" data-widget_type=\"text-editor.default\">\n\t\t\t\t<div class=\"elementor-widget-container\">\n\t\t\t\t\t\t\t\t\t<p>Rak plu\u0107a ima tendenciju \u0161irenja ili metastaziranja rano nakon formiranja, \u0161to ga \u010dini vrlo opasnim po \u017eivot i jedan je od oblika raka koje je najte\u017ee lije\u010diti. Mjesta naj\u010de\u0161\u0107ih metastaza su nadbubre\u017ene \u017elijezde, jetra, mozak i kosti, ali to mo\u017ee biti i bilo koji drugi dio tijela.<\/p><p>Plu\u0107a su vrlo \u010desto i mjesto metastaziranja malignih tumora iz drugih dijelova tijela. Metastaze su naj\u010de\u0161\u0107e sastavljene od iste vrste stanica kao i originalni (primarni) tumori. Na primjer, ako se rak prostate \u0161iri putem krvi u plu\u0107a, to je metastatski rak prostate u plu\u0107a, a ne rak plu\u0107a.<\/p><p>Glavna funkcija plu\u0107a je izmjena plinova izme\u0111u zraka koji udi\u0161emo i krvi. Kroz plu\u0107a udahnuti kisik iz zraka ulazi u krvotok , a uglji\u010dni dioksid se uklanja iz krvi. Desno plu\u0107no krilo ima tri re\u017enja, dok je lijevo plu\u0107no krilo sastavljeno od dva re\u017enja te male strukture koja se zove lingula, a koja je ekvivalent srednjem re\u017enju na desnoj strani. Glavni put ulaska zraka u plu\u0107a su bronhi koji proizlaze iz du\u0161nika. Bronhi se granaju u sve manje di\u0161ne putove, bronhiole, koji zavr\u0161avaju sitnim mjehuri\u0107ima poznatim kao alveole. Alveole su mjesto gdje se odvija izmjena plinova. Plu\u0107a i unutarnja strana prsnog ko\u0161a su prekriveni tankim slojem tkiva koji se zove poplu\u0107nica ili pleura.<\/p><p>Zlo\u0107udni tumor mo\u017ee nastati i iz pleure, ta se vrsta tumora zove mezoteliom i agresivna je vrsta tumora koji se te\u0161ko lije\u010di. Rijetko maligni tumori u prsnom ko\u0161u mogu nastati i iz potpornih tkiva ili krvnih \u017eila.<\/p>\t\t\t\t\t\t\t\t<\/div>\n\t\t\t\t<\/div>\n\t\t\t\t\t<\/div>\n\t\t<\/div>\n\t\t\t\t\t<\/div>\n\t\t<\/section>\n\t\t\t\t<section class=\"elementor-section elementor-top-section elementor-element elementor-element-c2af769 elementor-section-boxed elementor-section-height-default elementor-section-height-default\" data-id=\"c2af769\" data-element_type=\"section\">\n\t\t\t\t\t\t<div class=\"elementor-container elementor-column-gap-default\">\n\t\t\t\t\t<div class=\"elementor-column elementor-col-100 elementor-top-column elementor-element elementor-element-5ea6b24\" data-id=\"5ea6b24\" data-element_type=\"column\">\n\t\t\t<div class=\"elementor-widget-wrap elementor-element-populated\">\n\t\t\t\t\t\t<div class=\"elementor-element elementor-element-733ee9d elementor-widget elementor-widget-heading\" data-id=\"733ee9d\" data-element_type=\"widget\" data-widget_type=\"heading.default\">\n\t\t\t\t<div class=\"elementor-widget-container\">\n\t\t\t\t\t<h2 class=\"elementor-heading-title elementor-size-default\">Tipovi raka plu\u0107a<\/h2>\t\t\t\t<\/div>\n\t\t\t\t<\/div>\n\t\t\t\t<div class=\"elementor-element elementor-element-3dc47c2 elementor-widget elementor-widget-text-editor\" data-id=\"3dc47c2\" data-element_type=\"widget\" data-widget_type=\"text-editor.default\">\n\t\t\t\t<div class=\"elementor-widget-container\">\n\t\t\t\t\t\t\t\t\t<p>Rak plu\u0107a, tako\u0111er poznat kao rak bronha, dijeli se u dvije temeljne skupine: <a href=\"http:\/\/www.msd-prirucnici.placebo.hr\/msd-za-pacijente\/bolesti-pluca-i-disnih-putova\/rak-pluca\">rak plu\u0107a malih stanica<\/a> (SCLC &#8211; small cell lung cancers) i <a href=\"http:\/\/www.msd-prirucnici.placebo.hr\/msd-za-pacijente\/bolesti-pluca-i-disnih-putova\/rak-pluca\">rak plu\u0107a ne-malih stanica<\/a> (NSCLC &#8211; non-small cell lung cancers ). Ova klasifikacija se temelji na mikroskopskom izgledu tumorskih stanica. Ove dvije vrste raka rastu i \u0161ire se na razli\u010dite na\u010dine i osjetljive su na razli\u010dite vrste lije\u010denja, tako da je razlikovanje ove dvije vrste jako va\u017eno.<\/p><p>Rak plu\u0107a malih stanica (SCLC) ili mikrocelularni rak \u010dini oko 20% slu\u010dajeva raka plu\u0107a te je najagresivniji i najbr\u017ee rastu\u0107i od svih karcinoma plu\u0107a. Ovaj tip raka plu\u0107a je izrazito sna\u017eno povezan s pu\u0161enjem cigareta te se samo 1% ovih tumora javlja u nepu\u0161a\u010da. SCLC metastazira brzo na mnoge organe i tkiva u tijelu, a naj\u010de\u0161\u0107e se otkrije nakon \u0161to su ve\u0107 pro\u0161irio.<\/p><p>Rak plu\u0107a ne-malih stanica (NSCLC) je naj\u010de\u0161\u0107i tip i \u010dini oko 80% svih karcinoma plu\u0107a. NSCLC mogu se podijeliti u tri glavna tipa, a podjela se temelji na vrsti tumorskih stanica:<\/p><p>Adenokarcinomi su naj\u010de\u0161\u0107a podvrsta NSCLC. Iako su i adenokarcinomi povezani s pu\u0161enjem, kao i ostali oblici raka plu\u0107a, ovaj tip se javlja i kod nepu\u0161a\u010da. Ve\u0107ina adenokarcinoma nastaje u perifernim podru\u010djima plu\u0107a.<\/p>\t\t\t\t\t\t\t\t<\/div>\n\t\t\t\t<\/div>\n\t\t\t\t\t<\/div>\n\t\t<\/div>\n\t\t\t\t\t<\/div>\n\t\t<\/section>\n\t\t\t\t<section class=\"elementor-section elementor-top-section elementor-element elementor-element-2eab6dc elementor-section-boxed elementor-section-height-default elementor-section-height-default\" data-id=\"2eab6dc\" data-element_type=\"section\">\n\t\t\t\t\t\t<div class=\"elementor-container elementor-column-gap-default\">\n\t\t\t\t\t<div class=\"elementor-column elementor-col-50 elementor-top-column elementor-element elementor-element-8430240\" data-id=\"8430240\" data-element_type=\"column\">\n\t\t\t<div class=\"elementor-widget-wrap elementor-element-populated\">\n\t\t\t\t\t\t<div class=\"elementor-element elementor-element-7b9ef91 elementor-widget elementor-widget-text-editor\" data-id=\"7b9ef91\" data-element_type=\"widget\" data-widget_type=\"text-editor.default\">\n\t\t\t\t<div class=\"elementor-widget-container\">\n\t\t\t\t\t\t\t\t\t<p>Karcinomi plo\u010dastih stanica nekada su bili \u010de\u0161\u0107i od adenokarcinoma, a trenutno \u010dine oko 30% NSCLC. Karcinomi plo\u010dastih stanica nastaju naj\u010de\u0161\u0107e u sredi\u0161njim dijelovima \u00a0plu\u0107a, odnosno bronhima.<\/p><p>Karcinomi velika stanica su rje\u0111i podtip NSCLC. Mogu\u0107e su i mje\u0161avine razli\u010ditih vrsta stanica NSCLC.<\/p><p>I neke druge vrste tumora mogu nastati u plu\u0107ima, ali puno rje\u0111e i zajedno \u010dine samo 5-10 % od svih slu\u010dajeva zlo\u0107udnih bolesti plu\u0107a:<\/p><p>Karcinoidi \u010dine do 5% slu\u010dajeva raka plu\u0107a. Ovi tumori su obi\u010dno mali (3-4 cm ili manje) u trenutku postavljanja dijagnoze i javljaju se \u010de\u0161\u0107e u mla\u0111ih ljudi. Nisu povezani s pu\u0161enjem. Mogu metastazirati, a mali postotak tih tumora izlu\u010duje supstance sli\u010dne hormonima koje mogu uzrokovati simptome povezane s hormonom koji se proizvodi. Karcinoidi op\u0107enito rastu i \u0161ire se sporije nego rak bronha, i ve\u0107ina ih se otkrije dovoljno rano da se mogu kirur\u0161ki resecirati u cijelosti.<\/p>\t\t\t\t\t\t\t\t<\/div>\n\t\t\t\t<\/div>\n\t\t\t\t\t<\/div>\n\t\t<\/div>\n\t\t\t\t<div class=\"elementor-column elementor-col-50 elementor-top-column elementor-element elementor-element-4aad43c\" data-id=\"4aad43c\" data-element_type=\"column\">\n\t\t\t<div class=\"elementor-widget-wrap elementor-element-populated\">\n\t\t\t\t\t\t<div class=\"elementor-element elementor-element-72120cc elementor-widget elementor-widget-image\" data-id=\"72120cc\" data-element_type=\"widget\" data-widget_type=\"image.default\">\n\t\t\t\t<div class=\"elementor-widget-container\">\n\t\t\t\t\t\t\t\t\t\t\t\t\t\t\t<img decoding=\"async\" width=\"800\" height=\"534\" src=\"https:\/\/2023.govorimoorakupluca.com\/wp-content\/uploads\/2021\/09\/Govorimo-o-raku-pluca-37-of-74-1-1024x684.jpg\" class=\"attachment-large size-large wp-image-1398\" alt=\"\" srcset=\"https:\/\/2023.govorimoorakupluca.com\/wp-content\/uploads\/2021\/09\/Govorimo-o-raku-pluca-37-of-74-1-1024x684.jpg 1024w, https:\/\/2023.govorimoorakupluca.com\/wp-content\/uploads\/2021\/09\/Govorimo-o-raku-pluca-37-of-74-1-300x200.jpg 300w, https:\/\/2023.govorimoorakupluca.com\/wp-content\/uploads\/2021\/09\/Govorimo-o-raku-pluca-37-of-74-1-768x513.jpg 768w, https:\/\/2023.govorimoorakupluca.com\/wp-content\/uploads\/2021\/09\/Govorimo-o-raku-pluca-37-of-74-1-1536x1026.jpg 1536w, https:\/\/2023.govorimoorakupluca.com\/wp-content\/uploads\/2021\/09\/Govorimo-o-raku-pluca-37-of-74-1.jpg 1920w\" sizes=\"(max-width: 800px) 100vw, 800px\" \/>\t\t\t\t\t\t\t\t\t\t\t\t\t\t\t<\/div>\n\t\t\t\t<\/div>\n\t\t\t\t\t<\/div>\n\t\t<\/div>\n\t\t\t\t\t<\/div>\n\t\t<\/section>\n\t\t\t\t<section class=\"elementor-section elementor-top-section elementor-element elementor-element-f737b8a elementor-section-boxed elementor-section-height-default elementor-section-height-default\" data-id=\"f737b8a\" data-element_type=\"section\">\n\t\t\t\t\t\t<div class=\"elementor-container elementor-column-gap-default\">\n\t\t\t\t\t<div class=\"elementor-column elementor-col-100 elementor-top-column elementor-element elementor-element-0db2c0d\" data-id=\"0db2c0d\" data-element_type=\"column\">\n\t\t\t<div class=\"elementor-widget-wrap elementor-element-populated\">\n\t\t\t\t\t\t<div class=\"elementor-element elementor-element-d2c2b2b elementor-widget elementor-widget-text-editor\" data-id=\"d2c2b2b\" data-element_type=\"widget\" data-widget_type=\"text-editor.default\">\n\t\t\t\t<div class=\"elementor-widget-container\">\n\t\t\t\t\t\t\t\t\t<p>Rak potpornih tkiva u plu\u0107ima, kao \u0161to su glatki mi\u0161i\u0107i, krvne \u017eile, ili stanice i tkiva imunolo\u0161kog sustava rijetko se javljaju u plu\u0107ima.<\/p><p>Kao \u0161to je spomenuto ranije, metastatski karcinomi iz drugih primarnih tumora u tijelu \u010desto se mogu na\u0107i u plu\u0107ima. Tumori s bilo kojeg mjesta u tijelu mogu se pro\u0161iriti do plu\u0107a ili kroz krvotok, kroz limfni sustav, ili direktno iz obli\u017enjih organa. Metastatski tumori se naj\u010de\u0161\u0107e javljaju u obliku vi\u0161e okruglastih tumora \u010de\u0161\u0107e smje\u0161tenih u perifernim dijelovima plu\u0107nih krila.<\/p>\t\t\t\t\t\t\t\t<\/div>\n\t\t\t\t<\/div>\n\t\t\t\t\t<\/div>\n\t\t<\/div>\n\t\t\t\t\t<\/div>\n\t\t<\/section>\n\t\t\t\t<section class=\"elementor-section elementor-top-section elementor-element elementor-element-236d0a6 elementor-section-boxed elementor-section-height-default elementor-section-height-default\" data-id=\"236d0a6\" data-element_type=\"section\" data-settings=\"{&quot;background_background&quot;:&quot;classic&quot;}\">\n\t\t\t\t\t\t<div class=\"elementor-container elementor-column-gap-default\">\n\t\t\t\t\t<div class=\"elementor-column elementor-col-100 elementor-top-column elementor-element elementor-element-980cf81\" data-id=\"980cf81\" data-element_type=\"column\">\n\t\t\t<div class=\"elementor-widget-wrap elementor-element-populated\">\n\t\t\t\t\t\t<div class=\"elementor-element elementor-element-d00b964 elementor-widget elementor-widget-heading\" data-id=\"d00b964\" data-element_type=\"widget\" data-widget_type=\"heading.default\">\n\t\t\t\t<div class=\"elementor-widget-container\">\n\t\t\t\t\t<h2 class=\"elementor-heading-title elementor-size-default\">Saznaj vi\u0161e<\/h2>\t\t\t\t<\/div>\n\t\t\t\t<\/div>\n\t\t\t\t<div class=\"elementor-element elementor-element-3eea5b1 elementor-widget elementor-widget-heading\" data-id=\"3eea5b1\" data-element_type=\"widget\" data-widget_type=\"heading.default\">\n\t\t\t\t<div class=\"elementor-widget-container\">\n\t\t\t\t\t<h4 class=\"elementor-heading-title elementor-size-default\"><a href=\"https:\/\/govorimoorakupluca.com\/rak-pluca\/lazni-mitovi-o-raku\/\">La\u017eni mitovi o raku<\/a><\/h4>\t\t\t\t<\/div>\n\t\t\t\t<\/div>\n\t\t\t\t<div class=\"elementor-element elementor-element-1dc615c elementor-widget elementor-widget-heading\" data-id=\"1dc615c\" data-element_type=\"widget\" data-widget_type=\"heading.default\">\n\t\t\t\t<div class=\"elementor-widget-container\">\n\t\t\t\t\t<h4 class=\"elementor-heading-title elementor-size-default\"><a href=\"https:\/\/govorimoorakupluca.com\/rak-pluca\/genetska-preispozicija-i-rak\/\">Genetska preispozicija i rak<\/a><\/h4>\t\t\t\t<\/div>\n\t\t\t\t<\/div>\n\t\t\t\t<div class=\"elementor-element elementor-element-0154bc4 elementor-widget elementor-widget-heading\" data-id=\"0154bc4\" data-element_type=\"widget\" data-widget_type=\"heading.default\">\n\t\t\t\t<div class=\"elementor-widget-container\">\n\t\t\t\t\t<h4 class=\"elementor-heading-title elementor-size-default\"><a href=\"https:\/\/govorimoorakupluca.com\/rak-pluca\/starenje-i-rak\/\">Starenje i rak<\/a><\/h4>\t\t\t\t<\/div>\n\t\t\t\t<\/div>\n\t\t\t\t<div class=\"elementor-element elementor-element-45e5728 elementor-widget elementor-widget-heading\" data-id=\"45e5728\" data-element_type=\"widget\" data-widget_type=\"heading.default\">\n\t\t\t\t<div class=\"elementor-widget-container\">\n\t\t\t\t\t<h4 class=\"elementor-heading-title elementor-size-default\"><a href=\"https:\/\/govorimoorakupluca.com\/rak-pluca\/pusenje-kao-uzrok-raka\/\">Pu\u0161enje kao uzrok raka<\/a><\/h4>\t\t\t\t<\/div>\n\t\t\t\t<\/div>\n\t\t\t\t<div class=\"elementor-element elementor-element-4e6277d elementor-widget elementor-widget-heading\" data-id=\"4e6277d\" data-element_type=\"widget\" data-widget_type=\"heading.default\">\n\t\t\t\t<div class=\"elementor-widget-container\">\n\t\t\t\t\t<h4 class=\"elementor-heading-title elementor-size-default\"><a href=\"https:\/\/govorimoorakupluca.com\/rak-pluca\/utjecaj-e-cigareta-na-pluca\/\">Utjecaj e-cigareta na plu\u0107a<\/a><\/h4>\t\t\t\t<\/div>\n\t\t\t\t<\/div>\n\t\t\t\t\t<\/div>\n\t\t<\/div>\n\t\t\t\t\t<\/div>\n\t\t<\/section>\n\t\t\t\t<\/div>\n\t\t","protected":false},"excerpt":{"rendered":"<p>\u0160to je rak plu\u0107a? Rak je zlo\u0107udna bolest koja je posljedica nastanka abnormalnosti osnovne jedinica \u017eivota u ljudskom tijelu &#8211; stanice. Zdravo tijelo kontinuirano odr\u017eava sustave provjera i ravnote\u017ee rasta stanica, tako da se stanice dijele samo kada je to potrebno. Poreme\u0107aj sustava provjera i ravnote\u017ee rasta stanica rezultira nekontroliranim dijeljenjem ili proliferacijom stanica koje [&hellip;]<\/p>\n","protected":false},"author":1,"featured_media":0,"parent":0,"menu_order":0,"comment_status":"closed","ping_status":"closed","template":"","meta":{"footnotes":""},"class_list":["post-1617","page","type-page","status-publish","hentry"],"_links":{"self":[{"href":"https:\/\/2023.govorimoorakupluca.com\/en\/wp-json\/wp\/v2\/pages\/1617","targetHints":{"allow":["GET"]}}],"collection":[{"href":"https:\/\/2023.govorimoorakupluca.com\/en\/wp-json\/wp\/v2\/pages"}],"about":[{"href":"https:\/\/2023.govorimoorakupluca.com\/en\/wp-json\/wp\/v2\/types\/page"}],"author":[{"embeddable":true,"href":"https:\/\/2023.govorimoorakupluca.com\/en\/wp-json\/wp\/v2\/users\/1"}],"replies":[{"embeddable":true,"href":"https:\/\/2023.govorimoorakupluca.com\/en\/wp-json\/wp\/v2\/comments?post=1617"}],"version-history":[{"count":1,"href":"https:\/\/2023.govorimoorakupluca.com\/en\/wp-json\/wp\/v2\/pages\/1617\/revisions"}],"predecessor-version":[{"id":1643,"href":"https:\/\/2023.govorimoorakupluca.com\/en\/wp-json\/wp\/v2\/pages\/1617\/revisions\/1643"}],"wp:attachment":[{"href":"https:\/\/2023.govorimoorakupluca.com\/en\/wp-json\/wp\/v2\/media?parent=1617"}],"curies":[{"name":"wp","href":"https:\/\/api.w.org\/{rel}","templated":true}]}}