{"id":1618,"date":"2021-09-21T11:22:02","date_gmt":"2021-09-21T11:22:02","guid":{"rendered":"https:\/\/govorimoorakupluca.com\/rak-pluca\/genetska-preispozicija-i-rak\/"},"modified":"2022-02-23T06:50:41","modified_gmt":"2022-02-23T06:50:41","slug":"genetska-predispozicija-i-rak","status":"publish","type":"page","link":"https:\/\/2023.govorimoorakupluca.com\/en\/rak-pluca\/genetska-predispozicija-i-rak\/","title":{"rendered":"Genetska predispozicija i rak"},"content":{"rendered":"\t\t<div data-elementor-type=\"wp-page\" data-elementor-id=\"1618\" data-post-id=\"1618\" data-obj-id=\"1618\" class=\"elementor elementor-1618 dce-elementor-post-1618 elementor-352\">\n\t\t\t\t\t\t<section class=\"elementor-section elementor-top-section elementor-element elementor-element-27aafdf elementor-section-boxed elementor-section-height-default elementor-section-height-default\" data-id=\"27aafdf\" data-element_type=\"section\">\n\t\t\t\t\t\t<div class=\"elementor-container elementor-column-gap-default\">\n\t\t\t\t\t<div class=\"elementor-column elementor-col-50 elementor-top-column elementor-element elementor-element-f0c1397\" data-id=\"f0c1397\" data-element_type=\"column\">\n\t\t\t<div class=\"elementor-widget-wrap elementor-element-populated\">\n\t\t\t\t\t\t<div class=\"elementor-element elementor-element-810b4ea elementor-widget elementor-widget-text-editor\" data-id=\"810b4ea\" data-element_type=\"widget\" data-widget_type=\"text-editor.default\">\n\t\t\t\t<div class=\"elementor-widget-container\">\n\t\t\t\t\t\t\t\t\t<p>Iako je uvrije\u017eeno mi\u0161ljenje da je genetska predispozicija direktan uzrok nastanka karcinoma kod mnogih ljudi i cijelih obitelji, to nije apsolutno to\u010dno. Istra\u017eivanja su, naime, pokazala da je postotak oboljevanja od karcinoma koji nastaju naslje\u0111ivanjem neispravnih gena daleko manji od onih koji nastaju zbog promjena gena uzrokovanih starenjem ili utjecajem drugih \u0161tetnih \u010dimbenika. Ve\u0107ina karcinoma razvija se upravo zbog kombinacije djelovanja vi\u0161e \u010dimbenika iz na\u0161eg okru\u017eenja.<\/p><p>3 glavne prepreke na putu zlo\u0107udne pretvorbe su genomska (nadzor i popravak DNA), energijska (ograni\u010denost dostupnosti kisika i supstrata) te imunosna (mehanizmi stani\u010dnog i humoralnog antitumorskog djelovanja imunosnog sustava). Genomska nestabilnost dovodi do pove\u0107ane u\u010destalosti \u00a0to\u010dkastih mutacija i kromosomskih aberacija te mikrosatelitske nestabilnosti (\u201cmutatorski fenotip\u201d), promjene genskog izra\u017eaja i stvaranja selektivne prednosti za pre\u017eivljavanje stanice, a nekontroliranom diobom pove\u0107ava se mogu\u0107nost dodatne genomske nestabilnosti.<\/p>\t\t\t\t\t\t\t\t<\/div>\n\t\t\t\t<\/div>\n\t\t\t\t\t<\/div>\n\t\t<\/div>\n\t\t\t\t<div class=\"elementor-column elementor-col-50 elementor-top-column elementor-element elementor-element-af3fb7b\" data-id=\"af3fb7b\" data-element_type=\"column\">\n\t\t\t<div class=\"elementor-widget-wrap elementor-element-populated\">\n\t\t\t\t\t\t<div class=\"elementor-element elementor-element-9fb4053 elementor-widget elementor-widget-image\" data-id=\"9fb4053\" data-element_type=\"widget\" data-widget_type=\"image.default\">\n\t\t\t\t<div class=\"elementor-widget-container\">\n\t\t\t\t\t\t\t\t\t\t\t\t\t\t\t<img fetchpriority=\"high\" decoding=\"async\" width=\"800\" height=\"534\" src=\"https:\/\/2023.govorimoorakupluca.com\/wp-content\/uploads\/2021\/09\/Depositphotos_35477327_xl-2015-Medium-1024x683.jpg\" class=\"attachment-large size-large wp-image-1486\" alt=\"\" srcset=\"https:\/\/2023.govorimoorakupluca.com\/wp-content\/uploads\/2021\/09\/Depositphotos_35477327_xl-2015-Medium-1024x683.jpg 1024w, https:\/\/2023.govorimoorakupluca.com\/wp-content\/uploads\/2021\/09\/Depositphotos_35477327_xl-2015-Medium-300x200.jpg 300w, https:\/\/2023.govorimoorakupluca.com\/wp-content\/uploads\/2021\/09\/Depositphotos_35477327_xl-2015-Medium-768x512.jpg 768w, https:\/\/2023.govorimoorakupluca.com\/wp-content\/uploads\/2021\/09\/Depositphotos_35477327_xl-2015-Medium.jpg 1152w\" sizes=\"(max-width: 800px) 100vw, 800px\" \/>\t\t\t\t\t\t\t\t\t\t\t\t\t\t\t<\/div>\n\t\t\t\t<\/div>\n\t\t\t\t\t<\/div>\n\t\t<\/div>\n\t\t\t\t\t<\/div>\n\t\t<\/section>\n\t\t\t\t<section class=\"elementor-section elementor-top-section elementor-element elementor-element-48b7ec6 elementor-reverse-tablet elementor-reverse-mobile elementor-section-boxed elementor-section-height-default elementor-section-height-default\" data-id=\"48b7ec6\" data-element_type=\"section\">\n\t\t\t\t\t\t<div class=\"elementor-container elementor-column-gap-default\">\n\t\t\t\t\t<div class=\"elementor-column elementor-col-100 elementor-top-column elementor-element elementor-element-36432c2\" data-id=\"36432c2\" data-element_type=\"column\">\n\t\t\t<div class=\"elementor-widget-wrap elementor-element-populated\">\n\t\t\t\t\t\t<div class=\"elementor-element elementor-element-402136d elementor-widget elementor-widget-text-editor\" data-id=\"402136d\" data-element_type=\"widget\" data-widget_type=\"text-editor.default\">\n\t\t\t\t<div class=\"elementor-widget-container\">\n\t\t\t\t\t\t\t\t\t<p>Razli\u010dite genske gre\u0161ke potencijalno pove\u0107avaju rizik od nastanka nekih vrsta karcinoma. Naslje\u0111e ima zna\u010dajnu ulogu kod obiteljske polipoze debelog crijeva, rak debelog crijeva ima ve\u0107u pojavnost u nekim obiteljima, za nastanak raka dojke i jajnika zna\u010dajno je postojanje mutacije gena BRCA 1 i BRCA 2, a kod osoba sa Downovim sindrom postoji 12 \u2013 30 x ve\u0107i rizik razvoja akutne leukemije.<\/p><p>Me\u0111utim u nastanku zlo\u0107udne stanice bitnu ulogu imaju i egzogeni ( vanjski) \u010dimbenici koji pove\u0107avaju rizik nastanka karcinoma kao primjerice pu\u0161enje cigareta (rak plu\u0107a, grkljana, mokra\u0107nog mjehura), dugotrajna izlo\u017eenost ultraljubi\u010dastom zra\u010denju (rak ko\u017ee), ioniziraju\u0107em zra\u010denju ili uranu (rak plu\u0107a). Neke prehrambene navike pove\u0107avaju rizik nastanka raka probavnih organa &#8211; dimljena i ukiseljena hrana (pove\u0107ava u\u010destalost raka \u017eeluca); alkohol (dovodi do \u010de\u0161\u0107eg nastanka raka jednjaka), dok nasuprot tome unos hrane bogate vlaknima uz manje od 30% ukupnih kalorija koje dolaze od masti\u00a0 smanjuju rizik nastanka raka debeloga crijeva.<\/p><p>3 glavne prepreke na putu zlo\u0107udne pretvorbe su genomska (nadzor i popravak DNA), energijska (ograni\u010denost dostupnosti kisika i supstrata) te imunosna (mehanizmi stani\u010dnog i humoralnog antitumorskog djelovanja imunosnog sustava). Genomska nestabilnost dovodi do pove\u0107ane u\u010destalosti \u00a0to\u010dkastih mutacija i kromosomskih aberacija te mikrosatelitske nestabilnosti (\u201cmutatorski fenotip\u201d), promjene genskog izra\u017eaja i stvaranja selektivne prednosti za pre\u017eivljavanje stanice, a nekontroliranom diobom pove\u0107ava se mogu\u0107nost dodatne genomske nestabilnosti.<\/p>\t\t\t\t\t\t\t\t<\/div>\n\t\t\t\t<\/div>\n\t\t\t\t\t<\/div>\n\t\t<\/div>\n\t\t\t\t\t<\/div>\n\t\t<\/section>\n\t\t\t\t<section class=\"elementor-section elementor-top-section elementor-element elementor-element-fcc0216 elementor-section-boxed elementor-section-height-default elementor-section-height-default\" data-id=\"fcc0216\" data-element_type=\"section\">\n\t\t\t\t\t\t<div class=\"elementor-container elementor-column-gap-default\">\n\t\t\t\t\t<div class=\"elementor-column elementor-col-100 elementor-top-column elementor-element elementor-element-bed0507\" data-id=\"bed0507\" data-element_type=\"column\">\n\t\t\t<div class=\"elementor-widget-wrap elementor-element-populated\">\n\t\t\t\t\t\t<div class=\"elementor-element elementor-element-14850ea elementor-widget elementor-widget-text-editor\" data-id=\"14850ea\" data-element_type=\"widget\" data-widget_type=\"text-editor.default\">\n\t\t\t\t<div class=\"elementor-widget-container\">\n\t\t\t\t\t\t\t\t\t<p>Poznati rizi\u010dni \u010dimbenici zlo\u0107udne preobrazbe stanica su i izlo\u017eenost nekim kemikalijama , primjerice \u00a0azbestu (rak plu\u0107a i poplu\u0107nice), ali i infekcije nekim virusima (HBV, HCV, HPV, HIV, CMV, EBV&#8230;), parazitima (Shistosoma &#8211; rak mokra\u0107noga mjehura). Moderni na\u010din \u017eivota sve vi\u0161e uklju\u010duje pretilost uz manjak tjelesne aktivnosti, te starenje, \u0161to doprinosi ve\u0107oj u\u010destalosti karcinogeneze.<\/p><p>Dakle, kada govorimo o raku, ne mo\u017eemo sa sigurno\u0161\u0107u re\u0107i da isklju\u010divo geni uzrokuju rak ili da oni nemaju nikakve veze u njegovu nastanku, ali svakako mo\u017eemo utvrditi da genetska predispozicija nije jedini \u010dimbenik. \u017divotnim stilom i brigom za svoje zdravlje svatko mo\u017ee utjecati na razvoj karcinoma i smanjiti rizik od njegovog nastajanja. Neki od tih na\u010dina predstavljaju usvajanje tzv. zdravih navika koje uklju\u010duju prestanak pu\u0161enja, odr\u017eavanje zdrave tjelesne te\u017eine, uravnote\u017eena prehrana s dovoljnom koli\u010dinom povr\u0107a i vo\u0107a, manje izlaganja suncu tijekom visokih temperatura i redovna fizi\u010dka aktivnost.<\/p><p>Mnogo \u010dimbenika utje\u010de na pojavu zlo\u0107udnih tumora, neke ne poznajemo, neke ne mo\u017eemo izbje\u0107i, a neke ne \u017eelimo izbje\u0107i (pu\u0161enje, pretilost!)<\/p>\t\t\t\t\t\t\t\t<\/div>\n\t\t\t\t<\/div>\n\t\t\t\t\t<\/div>\n\t\t<\/div>\n\t\t\t\t\t<\/div>\n\t\t<\/section>\n\t\t\t\t<\/div>\n\t\t","protected":false},"excerpt":{"rendered":"<p>Iako je uvrije\u017eeno mi\u0161ljenje da je genetska predispozicija direktan uzrok nastanka karcinoma kod mnogih ljudi i cijelih obitelji, to nije apsolutno to\u010dno. Istra\u017eivanja su, naime, pokazala da je postotak oboljevanja od karcinoma koji nastaju naslje\u0111ivanjem neispravnih gena daleko manji od onih koji nastaju zbog promjena gena uzrokovanih starenjem ili utjecajem drugih \u0161tetnih \u010dimbenika. Ve\u0107ina karcinoma [&hellip;]<\/p>\n","protected":false},"author":1,"featured_media":0,"parent":1617,"menu_order":0,"comment_status":"closed","ping_status":"closed","template":"","meta":{"footnotes":""},"class_list":["post-1618","page","type-page","status-publish","hentry"],"_links":{"self":[{"href":"https:\/\/2023.govorimoorakupluca.com\/en\/wp-json\/wp\/v2\/pages\/1618","targetHints":{"allow":["GET"]}}],"collection":[{"href":"https:\/\/2023.govorimoorakupluca.com\/en\/wp-json\/wp\/v2\/pages"}],"about":[{"href":"https:\/\/2023.govorimoorakupluca.com\/en\/wp-json\/wp\/v2\/types\/page"}],"author":[{"embeddable":true,"href":"https:\/\/2023.govorimoorakupluca.com\/en\/wp-json\/wp\/v2\/users\/1"}],"replies":[{"embeddable":true,"href":"https:\/\/2023.govorimoorakupluca.com\/en\/wp-json\/wp\/v2\/comments?post=1618"}],"version-history":[{"count":2,"href":"https:\/\/2023.govorimoorakupluca.com\/en\/wp-json\/wp\/v2\/pages\/1618\/revisions"}],"predecessor-version":[{"id":1845,"href":"https:\/\/2023.govorimoorakupluca.com\/en\/wp-json\/wp\/v2\/pages\/1618\/revisions\/1845"}],"up":[{"embeddable":true,"href":"https:\/\/2023.govorimoorakupluca.com\/en\/wp-json\/wp\/v2\/pages\/1617"}],"wp:attachment":[{"href":"https:\/\/2023.govorimoorakupluca.com\/en\/wp-json\/wp\/v2\/media?parent=1618"}],"curies":[{"name":"wp","href":"https:\/\/api.w.org\/{rel}","templated":true}]}}