{"id":1619,"date":"2021-09-21T11:22:22","date_gmt":"2021-09-21T11:22:22","guid":{"rendered":"https:\/\/govorimoorakupluca.com\/rak-pluca\/pusenje-kao-uzrok-raka\/"},"modified":"2021-10-29T10:30:34","modified_gmt":"2021-10-29T10:30:34","slug":"pusenje-kao-uzrok-raka","status":"publish","type":"page","link":"https:\/\/2023.govorimoorakupluca.com\/en\/rak-pluca\/pusenje-kao-uzrok-raka\/","title":{"rendered":"Smoking as a cause of cancer"},"content":{"rendered":"\t\t<div data-elementor-type=\"wp-page\" data-elementor-id=\"1619\" data-post-id=\"1619\" data-obj-id=\"1619\" class=\"elementor elementor-1619 dce-elementor-post-1619 elementor-356\">\n\t\t\t\t\t\t<section class=\"elementor-section elementor-top-section elementor-element elementor-element-bad4e22 elementor-section-boxed elementor-section-height-default elementor-section-height-default\" data-id=\"bad4e22\" data-element_type=\"section\">\n\t\t\t\t\t\t<div class=\"elementor-container elementor-column-gap-default\">\n\t\t\t\t\t<div class=\"elementor-column elementor-col-50 elementor-top-column elementor-element elementor-element-cb56807\" data-id=\"cb56807\" data-element_type=\"column\">\n\t\t\t<div class=\"elementor-widget-wrap elementor-element-populated\">\n\t\t\t\t\t\t<div class=\"elementor-element elementor-element-4fa251e elementor-widget elementor-widget-heading\" data-id=\"4fa251e\" data-element_type=\"widget\" data-widget_type=\"heading.default\">\n\t\t\t\t<div class=\"elementor-widget-container\">\n\t\t\t\t\t<h2 class=\"elementor-heading-title elementor-size-default\">Pu\u0161enje je glavni uzro\u010dnik nastanka raka plu\u0107a i mnogih drugih oblika raka<\/h2>\t\t\t\t<\/div>\n\t\t\t\t<\/div>\n\t\t\t\t<div class=\"elementor-element elementor-element-155240c elementor-widget elementor-widget-text-editor\" data-id=\"155240c\" data-element_type=\"widget\" data-widget_type=\"text-editor.default\">\n\t\t\t\t<div class=\"elementor-widget-container\">\n\t\t\t\t\t\t\t\t\t<p>Pu\u0161enje je glavni uzro\u010dnik nastanka raka plu\u0107a i mnogih drugih oblika raka. Tako\u0111er, naj\u010de\u0161\u0107i je uzrok raka koji se mo\u017ee prevenirati, odnosno izbje\u0107i. Samo u SAD-u pu\u0161enje godi\u0161nje prouzro\u010di smrt pribli\u017eno pola milijuna ljudi, a jedan od 5 smrtnih ishoda je povezan s pu\u0161enjem. Oko 40% bolesnika sa dijagnozom raka ima rak povezan s pu\u0161enjem cigareta. Uzev\u0161i u obzir da gotovo petina odraslih u svijetu pu\u0161i, pu\u0161enje se mo\u017ee smatrati vrlo ozbiljnim globalnim problemom.<\/p>\t\t\t\t\t\t\t\t<\/div>\n\t\t\t\t<\/div>\n\t\t\t\t\t<\/div>\n\t\t<\/div>\n\t\t\t\t<div class=\"elementor-column elementor-col-50 elementor-top-column elementor-element elementor-element-f2bc985\" data-id=\"f2bc985\" data-element_type=\"column\">\n\t\t\t<div class=\"elementor-widget-wrap elementor-element-populated\">\n\t\t\t\t\t\t<div class=\"elementor-element elementor-element-6d08831 elementor-widget elementor-widget-image\" data-id=\"6d08831\" data-element_type=\"widget\" data-widget_type=\"image.default\">\n\t\t\t\t<div class=\"elementor-widget-container\">\n\t\t\t\t\t\t\t\t\t\t\t\t\t\t\t<img fetchpriority=\"high\" decoding=\"async\" width=\"800\" height=\"531\" src=\"https:\/\/2023.govorimoorakupluca.com\/wp-content\/uploads\/2021\/09\/Depositphotos_45038793_xl-2015-Medium-1024x680.jpg\" class=\"attachment-large size-large wp-image-1490\" alt=\"\" srcset=\"https:\/\/2023.govorimoorakupluca.com\/wp-content\/uploads\/2021\/09\/Depositphotos_45038793_xl-2015-Medium-1024x680.jpg 1024w, https:\/\/2023.govorimoorakupluca.com\/wp-content\/uploads\/2021\/09\/Depositphotos_45038793_xl-2015-Medium-300x199.jpg 300w, https:\/\/2023.govorimoorakupluca.com\/wp-content\/uploads\/2021\/09\/Depositphotos_45038793_xl-2015-Medium-768x510.jpg 768w, https:\/\/2023.govorimoorakupluca.com\/wp-content\/uploads\/2021\/09\/Depositphotos_45038793_xl-2015-Medium.jpg 1156w\" sizes=\"(max-width: 800px) 100vw, 800px\" \/>\t\t\t\t\t\t\t\t\t\t\t\t\t\t\t<\/div>\n\t\t\t\t<\/div>\n\t\t\t\t\t<\/div>\n\t\t<\/div>\n\t\t\t\t\t<\/div>\n\t\t<\/section>\n\t\t\t\t<section class=\"elementor-section elementor-top-section elementor-element elementor-element-3e50cba elementor-section-boxed elementor-section-height-default elementor-section-height-default\" data-id=\"3e50cba\" data-element_type=\"section\">\n\t\t\t\t\t\t<div class=\"elementor-container elementor-column-gap-default\">\n\t\t\t\t\t<div class=\"elementor-column elementor-col-100 elementor-top-column elementor-element elementor-element-e50736b\" data-id=\"e50736b\" data-element_type=\"column\">\n\t\t\t<div class=\"elementor-widget-wrap elementor-element-populated\">\n\t\t\t\t\t\t<div class=\"elementor-element elementor-element-58ef121 elementor-widget elementor-widget-accordion\" data-id=\"58ef121\" data-element_type=\"widget\" data-widget_type=\"accordion.default\">\n\t\t\t\t<div class=\"elementor-widget-container\">\n\t\t\t\t\t\t\t<div class=\"elementor-accordion\">\n\t\t\t\t\t\t\t<div class=\"elementor-accordion-item\">\n\t\t\t\t\t<div id=\"elementor-tab-title-9321\" class=\"elementor-tab-title\" data-tab=\"1\" role=\"button\" aria-controls=\"elementor-tab-content-9321\" aria-expanded=\"false\">\n\t\t\t\t\t\t\t\t\t\t\t\t\t<span class=\"elementor-accordion-icon elementor-accordion-icon-left\" aria-hidden=\"true\">\n\t\t\t\t\t\t\t\t\t\t\t\t\t\t\t<span class=\"elementor-accordion-icon-closed\"><svg class=\"e-font-icon-svg e-fas-plus\" viewBox=\"0 0 448 512\" xmlns=\"http:\/\/www.w3.org\/2000\/svg\"><path d=\"M416 208H272V64c0-17.67-14.33-32-32-32h-32c-17.67 0-32 14.33-32 32v144H32c-17.67 0-32 14.33-32 32v32c0 17.67 14.33 32 32 32h144v144c0 17.67 14.33 32 32 32h32c17.67 0 32-14.33 32-32V304h144c17.67 0 32-14.33 32-32v-32c0-17.67-14.33-32-32-32z\"><\/path><\/svg><\/span>\n\t\t\t\t\t\t\t\t<span class=\"elementor-accordion-icon-opened\"><svg class=\"e-font-icon-svg e-fas-minus\" viewBox=\"0 0 448 512\" xmlns=\"http:\/\/www.w3.org\/2000\/svg\"><path d=\"M416 208H32c-17.67 0-32 14.33-32 32v32c0 17.67 14.33 32 32 32h384c17.67 0 32-14.33 32-32v-32c0-17.67-14.33-32-32-32z\"><\/path><\/svg><\/span>\n\t\t\t\t\t\t\t\t\t\t\t\t\t\t<\/span>\n\t\t\t\t\t\t\t\t\t\t\t\t<a class=\"elementor-accordion-title\" tabindex=\"0\">Kako pu\u0161enje uzrokuje rak?<\/a>\n\t\t\t\t\t<\/div>\n\t\t\t\t\t<div id=\"elementor-tab-content-9321\" class=\"elementor-tab-content elementor-clearfix\" data-tab=\"1\" role=\"region\" aria-labelledby=\"elementor-tab-title-9321\"><p>\u0160tetni spojevi duhanskih proizvoda pu\u0161enjem ulaze u krvotok i tako dolaze u sve dijelove tijela \u0161to je ujedno i glavni razlog za\u0161to pu\u0161enje mo\u017ee uzrokovati brojne oblike karcinoma. Iako je ljudski organizam sposoban boriti se sa brojnim \u0161tetnim tvarima u nekoj mjeri, dugoro\u010dna konzumacija cigareta ipak predstavlja prete\u017eak zadatak za \u010dovjekov organizam. Osim raka plu\u0107a pu\u0161enje cigareta je povezano i s pojavno\u0161\u0107u raka usne \u0161upljine, \u017edrijela i grkljana, jednjaka, \u017eeluca, mokra\u0107nog mjehura, debelog crijeva i nekih drugih primarnih sijela.<\/p><\/div>\n\t\t\t\t<\/div>\n\t\t\t\t\t\t\t<div class=\"elementor-accordion-item\">\n\t\t\t\t\t<div id=\"elementor-tab-title-9322\" class=\"elementor-tab-title\" data-tab=\"2\" role=\"button\" aria-controls=\"elementor-tab-content-9322\" aria-expanded=\"false\">\n\t\t\t\t\t\t\t\t\t\t\t\t\t<span class=\"elementor-accordion-icon elementor-accordion-icon-left\" aria-hidden=\"true\">\n\t\t\t\t\t\t\t\t\t\t\t\t\t\t\t<span class=\"elementor-accordion-icon-closed\"><svg class=\"e-font-icon-svg e-fas-plus\" viewBox=\"0 0 448 512\" xmlns=\"http:\/\/www.w3.org\/2000\/svg\"><path d=\"M416 208H272V64c0-17.67-14.33-32-32-32h-32c-17.67 0-32 14.33-32 32v144H32c-17.67 0-32 14.33-32 32v32c0 17.67 14.33 32 32 32h144v144c0 17.67 14.33 32 32 32h32c17.67 0 32-14.33 32-32V304h144c17.67 0 32-14.33 32-32v-32c0-17.67-14.33-32-32-32z\"><\/path><\/svg><\/span>\n\t\t\t\t\t\t\t\t<span class=\"elementor-accordion-icon-opened\"><svg class=\"e-font-icon-svg e-fas-minus\" viewBox=\"0 0 448 512\" xmlns=\"http:\/\/www.w3.org\/2000\/svg\"><path d=\"M416 208H32c-17.67 0-32 14.33-32 32v32c0 17.67 14.33 32 32 32h384c17.67 0 32-14.33 32-32v-32c0-17.67-14.33-32-32-32z\"><\/path><\/svg><\/span>\n\t\t\t\t\t\t\t\t\t\t\t\t\t\t<\/span>\n\t\t\t\t\t\t\t\t\t\t\t\t<a class=\"elementor-accordion-title\" tabindex=\"0\">Pu\u0161enje i rak plu\u0107a<\/a>\n\t\t\t\t\t<\/div>\n\t\t\t\t\t<div id=\"elementor-tab-content-9322\" class=\"elementor-tab-content elementor-clearfix\" data-tab=\"2\" role=\"region\" aria-labelledby=\"elementor-tab-title-9322\"><p>Pu\u0161enje je uvjerljivo naj\u010de\u0161\u0107i uzrok raka plu\u0107a. Podaci o u\u010destalosti oboljevanja od raka plu\u0107a uzrokovanih pu\u0161enjem variraju u razli\u010ditim dr\u017eavama, a kre\u0107u se izme\u0111u 70 i 90 posto. Tako\u0111er, pu\u0161a\u010di su u mnogo ve\u0107oj opasnosti od razvoja karcinoma plu\u0107a nego nepu\u0161a\u010di, a rizik raste ovisno o tome koliko dugo osoba pu\u0161i i koliko cigareta dnevno. Proizvodnja cigareta s filterom dovela je do promjene vrste raka koji nastaje povezano s pu\u0161enjem. Smanjuju\u0107i razinu udahnutih polinuklearnih aromatskih ugljikohidrata smanjila se pojavnost karcinoma plo\u010dastih stanica, dok je pove\u0107anje razine duhan-specifi\u010dnih N-nitrozamina pove\u0107alo pojavnost adenokarcinoma plu\u0107a. Filteri cigareta omogu\u0107uju pu\u0161a\u010dima sna\u017enije i dublje udisanje duhanskog dima kao i dulje zadr\u017eavanje dima u plu\u0107ima, \u010dime se otpu\u0161taju ve\u0107e doze karcinogena dublje do periferije plu\u0107a. Konzumacija duhanskih proizvoda pomo\u0107u lule i pu\u0161enje cigara podjednako su \u0161tetni kao pu\u0161enje cigareta, dok su cigarete s mentolom \u010dak i \u0161tetnije od obi\u010dnih zbog toga \u0161to omogu\u0107uju pu\u0161a\u010dima da dublje uvuku dim, \u0161to je dovelo do njihove zabrane u pojedinim dr\u017eavama. Posljednjih godina duhanska industrija stavlja na tr\u017ei\u0161te novije i druga\u010dije \u201enaprave\u201c za pu\u0161enje, te se neki pu\u0161a\u010di odlu\u010duju zamijeniti klasi\u010dne cigarete novijim \u201ene\u0161kodljivim\u201c oblicima, no na\u017ealost sve je vi\u0161e znanstvenih dokaza i o njihovoj dugoro\u010dnoj \u0161tetnosti.<\/p><\/div>\n\t\t\t\t<\/div>\n\t\t\t\t\t\t\t<div class=\"elementor-accordion-item\">\n\t\t\t\t\t<div id=\"elementor-tab-title-9323\" class=\"elementor-tab-title\" data-tab=\"3\" role=\"button\" aria-controls=\"elementor-tab-content-9323\" aria-expanded=\"false\">\n\t\t\t\t\t\t\t\t\t\t\t\t\t<span class=\"elementor-accordion-icon elementor-accordion-icon-left\" aria-hidden=\"true\">\n\t\t\t\t\t\t\t\t\t\t\t\t\t\t\t<span class=\"elementor-accordion-icon-closed\"><svg class=\"e-font-icon-svg e-fas-plus\" viewBox=\"0 0 448 512\" xmlns=\"http:\/\/www.w3.org\/2000\/svg\"><path d=\"M416 208H272V64c0-17.67-14.33-32-32-32h-32c-17.67 0-32 14.33-32 32v144H32c-17.67 0-32 14.33-32 32v32c0 17.67 14.33 32 32 32h144v144c0 17.67 14.33 32 32 32h32c17.67 0 32-14.33 32-32V304h144c17.67 0 32-14.33 32-32v-32c0-17.67-14.33-32-32-32z\"><\/path><\/svg><\/span>\n\t\t\t\t\t\t\t\t<span class=\"elementor-accordion-icon-opened\"><svg class=\"e-font-icon-svg e-fas-minus\" viewBox=\"0 0 448 512\" xmlns=\"http:\/\/www.w3.org\/2000\/svg\"><path d=\"M416 208H32c-17.67 0-32 14.33-32 32v32c0 17.67 14.33 32 32 32h384c17.67 0 32-14.33 32-32v-32c0-17.67-14.33-32-32-32z\"><\/path><\/svg><\/span>\n\t\t\t\t\t\t\t\t\t\t\t\t\t\t<\/span>\n\t\t\t\t\t\t\t\t\t\t\t\t<a class=\"elementor-accordion-title\" tabindex=\"0\">Pasivno pu\u0161enje<\/a>\n\t\t\t\t\t<\/div>\n\t\t\t\t\t<div id=\"elementor-tab-content-9323\" class=\"elementor-tab-content elementor-clearfix\" data-tab=\"3\" role=\"region\" aria-labelledby=\"elementor-tab-title-9323\"><p>Udisanje dima tu\u0111ih duhanskih proizvoda tako\u0111er mo\u017ee uzrokovati rak. Prema navodima Ministarstva zdravstva i socijalne skrbi Sjedinjenih Ameri\u010dkih Dr\u017eava, pasivno pu\u0161enje pove\u0107ava \u0161ansu za oboljenje od karcinoma plu\u0107a za 20-30% kod osoba koje nikada nisu zapalile cigaretu. \u010cak i kratkotrajna izlo\u017eenost dimu o\u0161te\u0107uje stanice na na\u010din koji pokre\u0107e nastanak raka, a kao i kod pu\u0161enja, \u0161to ste du\u017ee izlo\u017eeni dimu, ve\u0107a je \u0161ansa za oboljenje od raka.<\/p><\/div>\n\t\t\t\t<\/div>\n\t\t\t\t\t\t\t<div class=\"elementor-accordion-item\">\n\t\t\t\t\t<div id=\"elementor-tab-title-9324\" class=\"elementor-tab-title\" data-tab=\"4\" role=\"button\" aria-controls=\"elementor-tab-content-9324\" aria-expanded=\"false\">\n\t\t\t\t\t\t\t\t\t\t\t\t\t<span class=\"elementor-accordion-icon elementor-accordion-icon-left\" aria-hidden=\"true\">\n\t\t\t\t\t\t\t\t\t\t\t\t\t\t\t<span class=\"elementor-accordion-icon-closed\"><svg class=\"e-font-icon-svg e-fas-plus\" viewBox=\"0 0 448 512\" xmlns=\"http:\/\/www.w3.org\/2000\/svg\"><path d=\"M416 208H272V64c0-17.67-14.33-32-32-32h-32c-17.67 0-32 14.33-32 32v144H32c-17.67 0-32 14.33-32 32v32c0 17.67 14.33 32 32 32h144v144c0 17.67 14.33 32 32 32h32c17.67 0 32-14.33 32-32V304h144c17.67 0 32-14.33 32-32v-32c0-17.67-14.33-32-32-32z\"><\/path><\/svg><\/span>\n\t\t\t\t\t\t\t\t<span class=\"elementor-accordion-icon-opened\"><svg class=\"e-font-icon-svg e-fas-minus\" viewBox=\"0 0 448 512\" xmlns=\"http:\/\/www.w3.org\/2000\/svg\"><path d=\"M416 208H32c-17.67 0-32 14.33-32 32v32c0 17.67 14.33 32 32 32h384c17.67 0 32-14.33 32-32v-32c0-17.67-14.33-32-32-32z\"><\/path><\/svg><\/span>\n\t\t\t\t\t\t\t\t\t\t\t\t\t\t<\/span>\n\t\t\t\t\t\t\t\t\t\t\t\t<a class=\"elementor-accordion-title\" tabindex=\"0\">\u0160to mo\u017eete u\u010diniti?<\/a>\n\t\t\t\t\t<\/div>\n\t\t\t\t\t<div id=\"elementor-tab-content-9324\" class=\"elementor-tab-content elementor-clearfix\" data-tab=\"4\" role=\"region\" aria-labelledby=\"elementor-tab-title-9324\"><p>Jedino i najbolje rje\u0161enje je da prestanete pu\u0161iti. Nema prave alternative za prestanak pu\u0161enja jer i cigareta do dvije na dan tako\u0111er pove\u0107avaju rizik za oboljevanje od karcinoma. Prestanak pu\u0161enja \u0107e biti lak\u0161i ako od po\u010detka ne krenete gledati na njega kao na ne\u0161to negativno. Poku\u0161ajte osvijestiti sve razloge zbog kojih prestajete pu\u0161iti i neka vam poslu\u017ee kao stalna unutarnja motivacija za prestanak pu\u0161enja. Jasno odredite datum prestanka pu\u0161enja, dr\u017eite ga se i budite realni u o\u010dekivanjima jer proces odvikavanja nije lak, pogotovo u prvim tjednima, ali je itetako mogu\u0107. \u010cak i bolesnici koji ve\u0107 imaju postavljenu dijagnozu karcinoma imaju koristi od prestanka pu\u0161enja jer nastavak pu\u0161enja pove\u0107ava vjerojatnost povrata ili ponovnog nastanka maligne bolesti, povezan je s lo\u0161ijim ishodima lije\u010denja i pove\u0107anom toksi\u010dno\u0161\u0107u terapije.<\/p><\/div>\n\t\t\t\t<\/div>\n\t\t\t\t\t\t\t\t\t\t<script type=\"application\/ld+json\">{\"@context\":\"https:\\\/\\\/schema.org\",\"@type\":\"FAQPage\",\"mainEntity\":[{\"@type\":\"Question\",\"name\":\"Kako pu\\u0161enje uzrokuje rak?\",\"acceptedAnswer\":{\"@type\":\"Answer\",\"text\":\"<p>\\u0160tetni spojevi duhanskih proizvoda pu\\u0161enjem ulaze u krvotok i tako dolaze u sve dijelove tijela \\u0161to je ujedno i glavni razlog za\\u0161to pu\\u0161enje mo\\u017ee uzrokovati brojne oblike karcinoma. Iako je ljudski organizam sposoban boriti se sa brojnim \\u0161tetnim tvarima u nekoj mjeri, dugoro\\u010dna konzumacija cigareta ipak predstavlja prete\\u017eak zadatak za \\u010dovjekov organizam. Osim raka plu\\u0107a pu\\u0161enje cigareta je povezano i s pojavno\\u0161\\u0107u raka usne \\u0161upljine, \\u017edrijela i grkljana, jednjaka, \\u017eeluca, mokra\\u0107nog mjehura, debelog crijeva i nekih drugih primarnih sijela.<\\\/p>\"}},{\"@type\":\"Question\",\"name\":\"Pu\\u0161enje i rak plu\\u0107a\",\"acceptedAnswer\":{\"@type\":\"Answer\",\"text\":\"<p>Pu\\u0161enje je uvjerljivo naj\\u010de\\u0161\\u0107i uzrok raka plu\\u0107a. Podaci o u\\u010destalosti oboljevanja od raka plu\\u0107a uzrokovanih pu\\u0161enjem variraju u razli\\u010ditim dr\\u017eavama, a kre\\u0107u se izme\\u0111u 70 i 90 posto. Tako\\u0111er, pu\\u0161a\\u010di su u mnogo ve\\u0107oj opasnosti od razvoja karcinoma plu\\u0107a nego nepu\\u0161a\\u010di, a rizik raste ovisno o tome koliko dugo osoba pu\\u0161i i koliko cigareta dnevno. Proizvodnja cigareta s filterom dovela je do promjene vrste raka koji nastaje povezano s pu\\u0161enjem. Smanjuju\\u0107i razinu udahnutih polinuklearnih aromatskih ugljikohidrata smanjila se pojavnost karcinoma plo\\u010dastih stanica, dok je pove\\u0107anje razine duhan-specifi\\u010dnih N-nitrozamina pove\\u0107alo pojavnost adenokarcinoma plu\\u0107a. Filteri cigareta omogu\\u0107uju pu\\u0161a\\u010dima sna\\u017enije i dublje udisanje duhanskog dima kao i dulje zadr\\u017eavanje dima u plu\\u0107ima, \\u010dime se otpu\\u0161taju ve\\u0107e doze karcinogena dublje do periferije plu\\u0107a. Konzumacija duhanskih proizvoda pomo\\u0107u lule i pu\\u0161enje cigara podjednako su \\u0161tetni kao pu\\u0161enje cigareta, dok su cigarete s mentolom \\u010dak i \\u0161tetnije od obi\\u010dnih zbog toga \\u0161to omogu\\u0107uju pu\\u0161a\\u010dima da dublje uvuku dim, \\u0161to je dovelo do njihove zabrane u pojedinim dr\\u017eavama. Posljednjih godina duhanska industrija stavlja na tr\\u017ei\\u0161te novije i druga\\u010dije \\u201enaprave\\u201c za pu\\u0161enje, te se neki pu\\u0161a\\u010di odlu\\u010duju zamijeniti klasi\\u010dne cigarete novijim \\u201ene\\u0161kodljivim\\u201c oblicima, no na\\u017ealost sve je vi\\u0161e znanstvenih dokaza i o njihovoj dugoro\\u010dnoj \\u0161tetnosti.<\\\/p>\"}},{\"@type\":\"Question\",\"name\":\"Pasivno pu\\u0161enje\",\"acceptedAnswer\":{\"@type\":\"Answer\",\"text\":\"<p>Udisanje dima tu\\u0111ih duhanskih proizvoda tako\\u0111er mo\\u017ee uzrokovati rak. Prema navodima Ministarstva zdravstva i socijalne skrbi Sjedinjenih Ameri\\u010dkih Dr\\u017eava, pasivno pu\\u0161enje pove\\u0107ava \\u0161ansu za oboljenje od karcinoma plu\\u0107a za 20-30% kod osoba koje nikada nisu zapalile cigaretu. \\u010cak i kratkotrajna izlo\\u017eenost dimu o\\u0161te\\u0107uje stanice na na\\u010din koji pokre\\u0107e nastanak raka, a kao i kod pu\\u0161enja, \\u0161to ste du\\u017ee izlo\\u017eeni dimu, ve\\u0107a je \\u0161ansa za oboljenje od raka.<\\\/p>\"}},{\"@type\":\"Question\",\"name\":\"\\u0160to mo\\u017eete u\\u010diniti?\",\"acceptedAnswer\":{\"@type\":\"Answer\",\"text\":\"<p>Jedino i najbolje rje\\u0161enje je da prestanete pu\\u0161iti. Nema prave alternative za prestanak pu\\u0161enja jer i cigareta do dvije na dan tako\\u0111er pove\\u0107avaju rizik za oboljevanje od karcinoma. Prestanak pu\\u0161enja \\u0107e biti lak\\u0161i ako od po\\u010detka ne krenete gledati na njega kao na ne\\u0161to negativno. Poku\\u0161ajte osvijestiti sve razloge zbog kojih prestajete pu\\u0161iti i neka vam poslu\\u017ee kao stalna unutarnja motivacija za prestanak pu\\u0161enja. Jasno odredite datum prestanka pu\\u0161enja, dr\\u017eite ga se i budite realni u o\\u010dekivanjima jer proces odvikavanja nije lak, pogotovo u prvim tjednima, ali je itetako mogu\\u0107. \\u010cak i bolesnici koji ve\\u0107 imaju postavljenu dijagnozu karcinoma imaju koristi od prestanka pu\\u0161enja jer nastavak pu\\u0161enja pove\\u0107ava vjerojatnost povrata ili ponovnog nastanka maligne bolesti, povezan je s lo\\u0161ijim ishodima lije\\u010denja i pove\\u0107anom toksi\\u010dno\\u0161\\u0107u terapije.<\\\/p>\"}}]}<\/script>\n\t\t\t\t\t<\/div>\n\t\t\t\t\t\t<\/div>\n\t\t\t\t<\/div>\n\t\t\t\t\t<\/div>\n\t\t<\/div>\n\t\t\t\t\t<\/div>\n\t\t<\/section>\n\t\t\t\t<\/div>\n\t\t","protected":false},"excerpt":{"rendered":"<p>Pu\u0161enje je glavni uzro\u010dnik nastanka raka plu\u0107a i mnogih drugih oblika raka Pu\u0161enje je glavni uzro\u010dnik nastanka raka plu\u0107a i mnogih drugih oblika raka. Tako\u0111er, naj\u010de\u0161\u0107i je uzrok raka koji se mo\u017ee prevenirati, odnosno izbje\u0107i. Samo u SAD-u pu\u0161enje godi\u0161nje prouzro\u010di smrt pribli\u017eno pola milijuna ljudi, a jedan od 5 smrtnih ishoda je povezan s [&hellip;]<\/p>\n","protected":false},"author":1,"featured_media":0,"parent":1617,"menu_order":0,"comment_status":"closed","ping_status":"closed","template":"","meta":{"footnotes":""},"class_list":["post-1619","page","type-page","status-publish","hentry"],"_links":{"self":[{"href":"https:\/\/2023.govorimoorakupluca.com\/en\/wp-json\/wp\/v2\/pages\/1619","targetHints":{"allow":["GET"]}}],"collection":[{"href":"https:\/\/2023.govorimoorakupluca.com\/en\/wp-json\/wp\/v2\/pages"}],"about":[{"href":"https:\/\/2023.govorimoorakupluca.com\/en\/wp-json\/wp\/v2\/types\/page"}],"author":[{"embeddable":true,"href":"https:\/\/2023.govorimoorakupluca.com\/en\/wp-json\/wp\/v2\/users\/1"}],"replies":[{"embeddable":true,"href":"https:\/\/2023.govorimoorakupluca.com\/en\/wp-json\/wp\/v2\/comments?post=1619"}],"version-history":[{"count":1,"href":"https:\/\/2023.govorimoorakupluca.com\/en\/wp-json\/wp\/v2\/pages\/1619\/revisions"}],"predecessor-version":[{"id":1646,"href":"https:\/\/2023.govorimoorakupluca.com\/en\/wp-json\/wp\/v2\/pages\/1619\/revisions\/1646"}],"up":[{"embeddable":true,"href":"https:\/\/2023.govorimoorakupluca.com\/en\/wp-json\/wp\/v2\/pages\/1617"}],"wp:attachment":[{"href":"https:\/\/2023.govorimoorakupluca.com\/en\/wp-json\/wp\/v2\/media?parent=1619"}],"curies":[{"name":"wp","href":"https:\/\/api.w.org\/{rel}","templated":true}]}}