{"id":1620,"date":"2021-09-21T11:21:53","date_gmt":"2021-09-21T11:21:53","guid":{"rendered":"https:\/\/govorimoorakupluca.com\/rak-pluca\/lazni-mitovi-o-raku\/"},"modified":"2021-10-29T10:30:20","modified_gmt":"2021-10-29T10:30:20","slug":"lazni-mitovi-o-raku","status":"publish","type":"page","link":"https:\/\/2023.govorimoorakupluca.com\/en\/rak-pluca\/lazni-mitovi-o-raku\/","title":{"rendered":"False myths about cancer"},"content":{"rendered":"\t\t<div data-elementor-type=\"wp-page\" data-elementor-id=\"1620\" data-post-id=\"1620\" data-obj-id=\"1620\" class=\"elementor elementor-1620 dce-elementor-post-1620 elementor-350\">\n\t\t\t\t\t\t<section class=\"elementor-section elementor-top-section elementor-element elementor-element-4128b0e elementor-section-boxed elementor-section-height-default elementor-section-height-default\" data-id=\"4128b0e\" data-element_type=\"section\">\n\t\t\t\t\t\t<div class=\"elementor-container elementor-column-gap-default\">\n\t\t\t\t\t<div class=\"elementor-column elementor-col-50 elementor-top-column elementor-element elementor-element-94dcbb0\" data-id=\"94dcbb0\" data-element_type=\"column\">\n\t\t\t<div class=\"elementor-widget-wrap elementor-element-populated\">\n\t\t\t\t\t\t<div class=\"elementor-element elementor-element-07952e6 elementor-widget elementor-widget-heading\" data-id=\"07952e6\" data-element_type=\"widget\" data-widget_type=\"heading.default\">\n\t\t\t\t<div class=\"elementor-widget-container\">\n\t\t\t\t\t<h2 class=\"elementor-heading-title elementor-size-default\">O temi raka postoje mnogi mitovi<\/h2>\t\t\t\t<\/div>\n\t\t\t\t<\/div>\n\t\t\t\t<div class=\"elementor-element elementor-element-355f5bc elementor-widget elementor-widget-text-editor\" data-id=\"355f5bc\" data-element_type=\"widget\" data-widget_type=\"text-editor.default\">\n\t\t\t\t<div class=\"elementor-widget-container\">\n\t\t\t\t\t\t\t\t\t<p>Rak je po\u0161ast suvremene dobi \u2013 svake godine vi\u0161e od 12 milijuna ljudi u svijetu sazna da boluje od raka. Razni izvori, provjereni i neprovjereni, dobronamjerni i zlonamjerni, svakodnevno nas obasipaju mno\u0161tvom informacija. Tako \u010desto nastaju mitovi koje uzimamo \u201ezdravo za gotovo\u201c i prihva\u0107amo bez provjere to\u010dnosti. O temi raka postoje mnogi mitovi kao \u0161to su povezanost pojave raka sa zra\u010denjem mobilnih telefona, kori\u0161tenjem plasti\u010dnih boca, umjetnih sladila i GMO hrane, a velika ve\u0107ina ih nema znanstveno upori\u0161te.<\/p>\t\t\t\t\t\t\t\t<\/div>\n\t\t\t\t<\/div>\n\t\t\t\t\t<\/div>\n\t\t<\/div>\n\t\t\t\t<div class=\"elementor-column elementor-col-50 elementor-top-column elementor-element elementor-element-d73ecce\" data-id=\"d73ecce\" data-element_type=\"column\">\n\t\t\t<div class=\"elementor-widget-wrap elementor-element-populated\">\n\t\t\t\t\t\t<div class=\"elementor-element elementor-element-14c273e elementor-widget elementor-widget-image\" data-id=\"14c273e\" data-element_type=\"widget\" data-widget_type=\"image.default\">\n\t\t\t\t<div class=\"elementor-widget-container\">\n\t\t\t\t\t\t\t\t\t\t\t\t\t\t\t<img fetchpriority=\"high\" decoding=\"async\" width=\"800\" height=\"534\" src=\"https:\/\/2023.govorimoorakupluca.com\/wp-content\/uploads\/2021\/09\/Depositphotos_260297244_xl-2015-Medium-1024x684.jpg\" class=\"attachment-large size-large wp-image-1485\" alt=\"\" srcset=\"https:\/\/2023.govorimoorakupluca.com\/wp-content\/uploads\/2021\/09\/Depositphotos_260297244_xl-2015-Medium-1024x684.jpg 1024w, https:\/\/2023.govorimoorakupluca.com\/wp-content\/uploads\/2021\/09\/Depositphotos_260297244_xl-2015-Medium-300x200.jpg 300w, https:\/\/2023.govorimoorakupluca.com\/wp-content\/uploads\/2021\/09\/Depositphotos_260297244_xl-2015-Medium-768x513.jpg 768w, https:\/\/2023.govorimoorakupluca.com\/wp-content\/uploads\/2021\/09\/Depositphotos_260297244_xl-2015-Medium.jpg 1150w\" sizes=\"(max-width: 800px) 100vw, 800px\" \/>\t\t\t\t\t\t\t\t\t\t\t\t\t\t\t<\/div>\n\t\t\t\t<\/div>\n\t\t\t\t\t<\/div>\n\t\t<\/div>\n\t\t\t\t\t<\/div>\n\t\t<\/section>\n\t\t\t\t<section class=\"elementor-section elementor-top-section elementor-element elementor-element-78ccc77 elementor-section-boxed elementor-section-height-default elementor-section-height-default\" data-id=\"78ccc77\" data-element_type=\"section\">\n\t\t\t\t\t\t<div class=\"elementor-container elementor-column-gap-default\">\n\t\t\t\t\t<div class=\"elementor-column elementor-col-100 elementor-top-column elementor-element elementor-element-3445b6b\" data-id=\"3445b6b\" data-element_type=\"column\">\n\t\t\t<div class=\"elementor-widget-wrap elementor-element-populated\">\n\t\t\t\t\t\t<div class=\"elementor-element elementor-element-d658ef3 elementor-widget elementor-widget-accordion\" data-id=\"d658ef3\" data-element_type=\"widget\" data-widget_type=\"accordion.default\">\n\t\t\t\t<div class=\"elementor-widget-container\">\n\t\t\t\t\t\t\t<div class=\"elementor-accordion\">\n\t\t\t\t\t\t\t<div class=\"elementor-accordion-item\">\n\t\t\t\t\t<div id=\"elementor-tab-title-2241\" class=\"elementor-tab-title\" data-tab=\"1\" role=\"button\" aria-controls=\"elementor-tab-content-2241\" aria-expanded=\"false\">\n\t\t\t\t\t\t\t\t\t\t\t\t\t<span class=\"elementor-accordion-icon elementor-accordion-icon-left\" aria-hidden=\"true\">\n\t\t\t\t\t\t\t\t\t\t\t\t\t\t\t<span class=\"elementor-accordion-icon-closed\"><svg class=\"e-font-icon-svg e-fas-plus\" viewBox=\"0 0 448 512\" xmlns=\"http:\/\/www.w3.org\/2000\/svg\"><path d=\"M416 208H272V64c0-17.67-14.33-32-32-32h-32c-17.67 0-32 14.33-32 32v144H32c-17.67 0-32 14.33-32 32v32c0 17.67 14.33 32 32 32h144v144c0 17.67 14.33 32 32 32h32c17.67 0 32-14.33 32-32V304h144c17.67 0 32-14.33 32-32v-32c0-17.67-14.33-32-32-32z\"><\/path><\/svg><\/span>\n\t\t\t\t\t\t\t\t<span class=\"elementor-accordion-icon-opened\"><svg class=\"e-font-icon-svg e-fas-minus\" viewBox=\"0 0 448 512\" xmlns=\"http:\/\/www.w3.org\/2000\/svg\"><path d=\"M416 208H32c-17.67 0-32 14.33-32 32v32c0 17.67 14.33 32 32 32h384c17.67 0 32-14.33 32-32v-32c0-17.67-14.33-32-32-32z\"><\/path><\/svg><\/span>\n\t\t\t\t\t\t\t\t\t\t\t\t\t\t<\/span>\n\t\t\t\t\t\t\t\t\t\t\t\t<a class=\"elementor-accordion-title\" tabindex=\"0\">Uzrokuju li mobilni ure\u0111aji rak?<\/a>\n\t\t\t\t\t<\/div>\n\t\t\t\t\t<div id=\"elementor-tab-content-2241\" class=\"elementor-tab-content elementor-clearfix\" data-tab=\"1\" role=\"region\" aria-labelledby=\"elementor-tab-title-2241\"><p>Do sada ne postoje istra\u017eivanja koja su dokazala da mobilni ure\u0111aji uzrokuju rak. Radiovalovi koje emitiraju mobilni ure\u0111aji nemaju dovoljnu snagu kojom bi mogle o\u0161tetiti ljudski DNK-a. \u010cesto se uz mobilne ure\u0111aje ve\u017ee i pitanje \u0161tetnosti 4G i 5G mobilnih mre\u017ea. One koriste vi\u0161e frekvencije, ali i dalje nemaju dovoljnu snagu da bi bile \u0161tetne. Me\u0111utim, radi se o relativno novim pojavama s kojim nemamo dugoro\u010dnog iskustva pa se ne mo\u017ee isklju\u010diti mogu\u0107nost otkrivanja nekih njihovih \u0161tetnih u\u010dinaka u budu\u0107nosti.<\/p><\/div>\n\t\t\t\t<\/div>\n\t\t\t\t\t\t\t<div class=\"elementor-accordion-item\">\n\t\t\t\t\t<div id=\"elementor-tab-title-2242\" class=\"elementor-tab-title\" data-tab=\"2\" role=\"button\" aria-controls=\"elementor-tab-content-2242\" aria-expanded=\"false\">\n\t\t\t\t\t\t\t\t\t\t\t\t\t<span class=\"elementor-accordion-icon elementor-accordion-icon-left\" aria-hidden=\"true\">\n\t\t\t\t\t\t\t\t\t\t\t\t\t\t\t<span class=\"elementor-accordion-icon-closed\"><svg class=\"e-font-icon-svg e-fas-plus\" viewBox=\"0 0 448 512\" xmlns=\"http:\/\/www.w3.org\/2000\/svg\"><path d=\"M416 208H272V64c0-17.67-14.33-32-32-32h-32c-17.67 0-32 14.33-32 32v144H32c-17.67 0-32 14.33-32 32v32c0 17.67 14.33 32 32 32h144v144c0 17.67 14.33 32 32 32h32c17.67 0 32-14.33 32-32V304h144c17.67 0 32-14.33 32-32v-32c0-17.67-14.33-32-32-32z\"><\/path><\/svg><\/span>\n\t\t\t\t\t\t\t\t<span class=\"elementor-accordion-icon-opened\"><svg class=\"e-font-icon-svg e-fas-minus\" viewBox=\"0 0 448 512\" xmlns=\"http:\/\/www.w3.org\/2000\/svg\"><path d=\"M416 208H32c-17.67 0-32 14.33-32 32v32c0 17.67 14.33 32 32 32h384c17.67 0 32-14.33 32-32v-32c0-17.67-14.33-32-32-32z\"><\/path><\/svg><\/span>\n\t\t\t\t\t\t\t\t\t\t\t\t\t\t<\/span>\n\t\t\t\t\t\t\t\t\t\t\t\t<a class=\"elementor-accordion-title\" tabindex=\"0\">Uzrokuje li kori\u0161tenje plasti\u010dnih boca rak?<\/a>\n\t\t\t\t\t<\/div>\n\t\t\t\t\t<div id=\"elementor-tab-content-2242\" class=\"elementor-tab-content elementor-clearfix\" data-tab=\"2\" role=\"region\" aria-labelledby=\"elementor-tab-title-2242\"><p>Ne postoje dovoljno pouzdani i \u010dvrsti dokazi da kori\u0161tenje plasti\u010dnih boca uzrokuje rak. Ljudi uglavnom smatraju da postoje kemikalije u plasti\u010dnim ambala\u017eama koje dolaze u dodir s hranom i pi\u0107ima koja konzumiramo te tako uzrokuju rak. Iako postoje istra\u017eivanja koja su dokazala da putem proizvoda iz plasti\u010dnih pakiranja unosimo u organizam odre\u0111ene \u0161tetne kemikalije, smatra se da je kori\u0161tenje plasti\u010dnih ambala\u017ea sigurno zbog toga \u0161to je koli\u010dina unesenih \u0161tetnih tvari izuzetno mala. Iste rezultate pokazala su i istra\u017eivanja u kojima se koristila plastika koja je nekoliko sati grijana na suncu<\/p><\/div>\n\t\t\t\t<\/div>\n\t\t\t\t\t\t\t<div class=\"elementor-accordion-item\">\n\t\t\t\t\t<div id=\"elementor-tab-title-2243\" class=\"elementor-tab-title\" data-tab=\"3\" role=\"button\" aria-controls=\"elementor-tab-content-2243\" aria-expanded=\"false\">\n\t\t\t\t\t\t\t\t\t\t\t\t\t<span class=\"elementor-accordion-icon elementor-accordion-icon-left\" aria-hidden=\"true\">\n\t\t\t\t\t\t\t\t\t\t\t\t\t\t\t<span class=\"elementor-accordion-icon-closed\"><svg class=\"e-font-icon-svg e-fas-plus\" viewBox=\"0 0 448 512\" xmlns=\"http:\/\/www.w3.org\/2000\/svg\"><path d=\"M416 208H272V64c0-17.67-14.33-32-32-32h-32c-17.67 0-32 14.33-32 32v144H32c-17.67 0-32 14.33-32 32v32c0 17.67 14.33 32 32 32h144v144c0 17.67 14.33 32 32 32h32c17.67 0 32-14.33 32-32V304h144c17.67 0 32-14.33 32-32v-32c0-17.67-14.33-32-32-32z\"><\/path><\/svg><\/span>\n\t\t\t\t\t\t\t\t<span class=\"elementor-accordion-icon-opened\"><svg class=\"e-font-icon-svg e-fas-minus\" viewBox=\"0 0 448 512\" xmlns=\"http:\/\/www.w3.org\/2000\/svg\"><path d=\"M416 208H32c-17.67 0-32 14.33-32 32v32c0 17.67 14.33 32 32 32h384c17.67 0 32-14.33 32-32v-32c0-17.67-14.33-32-32-32z\"><\/path><\/svg><\/span>\n\t\t\t\t\t\t\t\t\t\t\t\t\t\t<\/span>\n\t\t\t\t\t\t\t\t\t\t\t\t<a class=\"elementor-accordion-title\" tabindex=\"0\">Uzrokuju li umjetna sladila rak?<\/a>\n\t\t\t\t\t<\/div>\n\t\t\t\t\t<div id=\"elementor-tab-content-2243\" class=\"elementor-tab-content elementor-clearfix\" data-tab=\"3\" role=\"region\" aria-labelledby=\"elementor-tab-title-2243\"><p>Nije dokazano da umjetna sladila pove\u0107avaju rizik od oboljevanja. Istra\u017eivanja koja su pokazala povezanost izme\u0111u kori\u0161tenja umjetnih sladila i raka su provedena na \u017eivotinjama, dok ona provedena na ljudima nisu dokazala navedenu tezu. Me\u0111utim, umjetna sladila mnogu prouzro\u010diti druge popratne pojave zbog kojih ima smisla razmisliti o nu\u017enosti njihove uporabe.<\/p><\/div>\n\t\t\t\t<\/div>\n\t\t\t\t\t\t\t<div class=\"elementor-accordion-item\">\n\t\t\t\t\t<div id=\"elementor-tab-title-2244\" class=\"elementor-tab-title\" data-tab=\"4\" role=\"button\" aria-controls=\"elementor-tab-content-2244\" aria-expanded=\"false\">\n\t\t\t\t\t\t\t\t\t\t\t\t\t<span class=\"elementor-accordion-icon elementor-accordion-icon-left\" aria-hidden=\"true\">\n\t\t\t\t\t\t\t\t\t\t\t\t\t\t\t<span class=\"elementor-accordion-icon-closed\"><svg class=\"e-font-icon-svg e-fas-plus\" viewBox=\"0 0 448 512\" xmlns=\"http:\/\/www.w3.org\/2000\/svg\"><path d=\"M416 208H272V64c0-17.67-14.33-32-32-32h-32c-17.67 0-32 14.33-32 32v144H32c-17.67 0-32 14.33-32 32v32c0 17.67 14.33 32 32 32h144v144c0 17.67 14.33 32 32 32h32c17.67 0 32-14.33 32-32V304h144c17.67 0 32-14.33 32-32v-32c0-17.67-14.33-32-32-32z\"><\/path><\/svg><\/span>\n\t\t\t\t\t\t\t\t<span class=\"elementor-accordion-icon-opened\"><svg class=\"e-font-icon-svg e-fas-minus\" viewBox=\"0 0 448 512\" xmlns=\"http:\/\/www.w3.org\/2000\/svg\"><path d=\"M416 208H32c-17.67 0-32 14.33-32 32v32c0 17.67 14.33 32 32 32h384c17.67 0 32-14.33 32-32v-32c0-17.67-14.33-32-32-32z\"><\/path><\/svg><\/span>\n\t\t\t\t\t\t\t\t\t\t\t\t\t\t<\/span>\n\t\t\t\t\t\t\t\t\t\t\t\t<a class=\"elementor-accordion-title\" tabindex=\"0\">Uzrokuju li neke prehrambene namirnice rak?<\/a>\n\t\t\t\t\t<\/div>\n\t\t\t\t\t<div id=\"elementor-tab-content-2244\" class=\"elementor-tab-content elementor-clearfix\" data-tab=\"4\" role=\"region\" aria-labelledby=\"elementor-tab-title-2244\"><p>Zdrava prehrana je va\u017ena u smanjenju rizika nastanka zlo\u0107udnih tumora, ali izuzetno je va\u017eno i kako su neke ina\u010de zdrave namirnice tretirane tijekom proizvodnje. Tako primjerice <strong>nezdrave<\/strong> mogu biti prema podacima u\u010dinjenih analiza: jabuke (od svih uzoraka jabuka koje su pro\u0161le test, 99 posto pozitivno je na pesticide; sadr\u017ee i do 56 vrsta razli\u010ditih kemikalija), breskve (\u010dak 85,6 posto razli\u010ditih vrsta breskvi na tr\u017ei\u0161tu sadr\u017ei dvije ili vi\u0161e vrsta pesticida, sa 57 vrsta razli\u010ditih kemikalija), nektarine (svaki uzorak uvezenih nektarina pozitivan je na neke vrste pesticida, a 90,8 posto njih sadr\u017eavalo je dvije ili vi\u0161e vrsta pesticida), jagode (u njima je otkriveno 13 razli\u010ditih pesticida), gro\u017e\u0111e (na jednom uzorku prona\u0111eno je \u010dak 15 vrsta pesticida), celer (kontaminiran sa 13 kemikalija), \u0161pinat (sadr\u017ei razli\u010dite kombinacije pesticida), slatka paprika (gotovo 69,4 testiranih paprika sadr\u017eavalo je vi\u0161e vrsta pesticida), krastavci (tretirani s \u010dak 68 razli\u010ditih pesticida), cherry raj\u010dice (jedan uzorak raj\u010dica <strong>zaga\u0111en<\/strong> je sa 13 razli\u010ditih kemikalija), gra\u0161ak (jedan uzorak gra\u0161ka tretiran je sa 13 vrsta kemijskih sredstava), dok je krumpir prosje\u010dne te\u017eine imao vi\u0161e vrsta pesticida od bilo koje druge hrane.<\/p><\/div>\n\t\t\t\t<\/div>\n\t\t\t\t\t\t\t<div class=\"elementor-accordion-item\">\n\t\t\t\t\t<div id=\"elementor-tab-title-2245\" class=\"elementor-tab-title\" data-tab=\"5\" role=\"button\" aria-controls=\"elementor-tab-content-2245\" aria-expanded=\"false\">\n\t\t\t\t\t\t\t\t\t\t\t\t\t<span class=\"elementor-accordion-icon elementor-accordion-icon-left\" aria-hidden=\"true\">\n\t\t\t\t\t\t\t\t\t\t\t\t\t\t\t<span class=\"elementor-accordion-icon-closed\"><svg class=\"e-font-icon-svg e-fas-plus\" viewBox=\"0 0 448 512\" xmlns=\"http:\/\/www.w3.org\/2000\/svg\"><path d=\"M416 208H272V64c0-17.67-14.33-32-32-32h-32c-17.67 0-32 14.33-32 32v144H32c-17.67 0-32 14.33-32 32v32c0 17.67 14.33 32 32 32h144v144c0 17.67 14.33 32 32 32h32c17.67 0 32-14.33 32-32V304h144c17.67 0 32-14.33 32-32v-32c0-17.67-14.33-32-32-32z\"><\/path><\/svg><\/span>\n\t\t\t\t\t\t\t\t<span class=\"elementor-accordion-icon-opened\"><svg class=\"e-font-icon-svg e-fas-minus\" viewBox=\"0 0 448 512\" xmlns=\"http:\/\/www.w3.org\/2000\/svg\"><path d=\"M416 208H32c-17.67 0-32 14.33-32 32v32c0 17.67 14.33 32 32 32h384c17.67 0 32-14.33 32-32v-32c0-17.67-14.33-32-32-32z\"><\/path><\/svg><\/span>\n\t\t\t\t\t\t\t\t\t\t\t\t\t\t<\/span>\n\t\t\t\t\t\t\t\t\t\t\t\t<a class=\"elementor-accordion-title\" tabindex=\"0\">Mogu li neki dijetalni postupci sprije\u010diti ili izlije\u010diti rak?<\/a>\n\t\t\t\t\t<\/div>\n\t\t\t\t\t<div id=\"elementor-tab-content-2245\" class=\"elementor-tab-content elementor-clearfix\" data-tab=\"5\" role=\"region\" aria-labelledby=\"elementor-tab-title-2245\"><p>Ne postoji prospektivna randomizirana studija koja bi potvrdila antitumorski u\u010dinak dijetetskih tretmana kao \u0161to su:<\/p><p>MAKROBIOTIKA (\u201ereligijsko-filozofski pristup\u201c sa polu-vegetarijanskom prehranom), GERSON \u2013dijeta (sirovo povr\u0107e + sokovi + enzimi + kava), ANN VIGMORE (dijeta sa sirovim povr\u0107em), LIVINGSTONE-WHEELER (vakcinacija, dig.enzimi + vegetarijanska dijeta + vitamini + minerali), PAN D ARC (taheebo) : lapachol ima antitumorsku aktivnost ali i antikoagulantni u\u010dinak; HRSKAVICA MORSKOG PSA (protein ima antiangiogeni\u010dni u\u010dinak ali oralni unos je neu\u010dinkovit), BREUSS (gladovanje)\u2026<\/p><\/div>\n\t\t\t\t<\/div>\n\t\t\t\t\t\t\t\t\t\t<script type=\"application\/ld+json\">{\"@context\":\"https:\\\/\\\/schema.org\",\"@type\":\"FAQPage\",\"mainEntity\":[{\"@type\":\"Question\",\"name\":\"Uzrokuju li mobilni ure\\u0111aji rak?\",\"acceptedAnswer\":{\"@type\":\"Answer\",\"text\":\"<p>Do sada ne postoje istra\\u017eivanja koja su dokazala da mobilni ure\\u0111aji uzrokuju rak. Radiovalovi koje emitiraju mobilni ure\\u0111aji nemaju dovoljnu snagu kojom bi mogle o\\u0161tetiti ljudski DNK-a. \\u010cesto se uz mobilne ure\\u0111aje ve\\u017ee i pitanje \\u0161tetnosti 4G i 5G mobilnih mre\\u017ea. One koriste vi\\u0161e frekvencije, ali i dalje nemaju dovoljnu snagu da bi bile \\u0161tetne. Me\\u0111utim, radi se o relativno novim pojavama s kojim nemamo dugoro\\u010dnog iskustva pa se ne mo\\u017ee isklju\\u010diti mogu\\u0107nost otkrivanja nekih njihovih \\u0161tetnih u\\u010dinaka u budu\\u0107nosti.<\\\/p>\"}},{\"@type\":\"Question\",\"name\":\"Uzrokuje li kori\\u0161tenje plasti\\u010dnih boca rak?\",\"acceptedAnswer\":{\"@type\":\"Answer\",\"text\":\"<p>Ne postoje dovoljno pouzdani i \\u010dvrsti dokazi da kori\\u0161tenje plasti\\u010dnih boca uzrokuje rak. Ljudi uglavnom smatraju da postoje kemikalije u plasti\\u010dnim ambala\\u017eama koje dolaze u dodir s hranom i pi\\u0107ima koja konzumiramo te tako uzrokuju rak. Iako postoje istra\\u017eivanja koja su dokazala da putem proizvoda iz plasti\\u010dnih pakiranja unosimo u organizam odre\\u0111ene \\u0161tetne kemikalije, smatra se da je kori\\u0161tenje plasti\\u010dnih ambala\\u017ea sigurno zbog toga \\u0161to je koli\\u010dina unesenih \\u0161tetnih tvari izuzetno mala. Iste rezultate pokazala su i istra\\u017eivanja u kojima se koristila plastika koja je nekoliko sati grijana na suncu<\\\/p>\"}},{\"@type\":\"Question\",\"name\":\"Uzrokuju li umjetna sladila rak?\",\"acceptedAnswer\":{\"@type\":\"Answer\",\"text\":\"<p>Nije dokazano da umjetna sladila pove\\u0107avaju rizik od oboljevanja. Istra\\u017eivanja koja su pokazala povezanost izme\\u0111u kori\\u0161tenja umjetnih sladila i raka su provedena na \\u017eivotinjama, dok ona provedena na ljudima nisu dokazala navedenu tezu. Me\\u0111utim, umjetna sladila mnogu prouzro\\u010diti druge popratne pojave zbog kojih ima smisla razmisliti o nu\\u017enosti njihove uporabe.<\\\/p>\"}},{\"@type\":\"Question\",\"name\":\"Uzrokuju li neke prehrambene namirnice rak?\",\"acceptedAnswer\":{\"@type\":\"Answer\",\"text\":\"<p>Zdrava prehrana je va\\u017ena u smanjenju rizika nastanka zlo\\u0107udnih tumora, ali izuzetno je va\\u017eno i kako su neke ina\\u010de zdrave namirnice tretirane tijekom proizvodnje. Tako primjerice <strong>nezdrave<\\\/strong> mogu biti prema podacima u\\u010dinjenih analiza: jabuke (od svih uzoraka jabuka koje su pro\\u0161le test, 99 posto pozitivno je na pesticide; sadr\\u017ee i do 56 vrsta razli\\u010ditih kemikalija), breskve (\\u010dak 85,6 posto razli\\u010ditih vrsta breskvi na tr\\u017ei\\u0161tu sadr\\u017ei dvije ili vi\\u0161e vrsta pesticida, sa 57 vrsta razli\\u010ditih kemikalija), nektarine (svaki uzorak uvezenih nektarina pozitivan je na neke vrste pesticida, a 90,8 posto njih sadr\\u017eavalo je dvije ili vi\\u0161e vrsta pesticida), jagode (u njima je otkriveno 13 razli\\u010ditih pesticida), gro\\u017e\\u0111e (na jednom uzorku prona\\u0111eno je \\u010dak 15 vrsta pesticida), celer (kontaminiran sa 13 kemikalija), \\u0161pinat (sadr\\u017ei razli\\u010dite kombinacije pesticida), slatka paprika (gotovo 69,4 testiranih paprika sadr\\u017eavalo je vi\\u0161e vrsta pesticida), krastavci (tretirani s \\u010dak 68 razli\\u010ditih pesticida), cherry raj\\u010dice (jedan uzorak raj\\u010dica <strong>zaga\\u0111en<\\\/strong> je sa 13 razli\\u010ditih kemikalija), gra\\u0161ak (jedan uzorak gra\\u0161ka tretiran je sa 13 vrsta kemijskih sredstava), dok je krumpir prosje\\u010dne te\\u017eine imao vi\\u0161e vrsta pesticida od bilo koje druge hrane.<\\\/p>\"}},{\"@type\":\"Question\",\"name\":\"Mogu li neki dijetalni postupci sprije\\u010diti ili izlije\\u010diti rak?\",\"acceptedAnswer\":{\"@type\":\"Answer\",\"text\":\"<p>Ne postoji prospektivna randomizirana studija koja bi potvrdila antitumorski u\\u010dinak dijetetskih tretmana kao \\u0161to su:<\\\/p><p>MAKROBIOTIKA (\\u201ereligijsko-filozofski pristup\\u201c sa polu-vegetarijanskom prehranom), GERSON \\u2013dijeta (sirovo povr\\u0107e + sokovi + enzimi + kava), ANN VIGMORE (dijeta sa sirovim povr\\u0107em), LIVINGSTONE-WHEELER (vakcinacija, dig.enzimi + vegetarijanska dijeta + vitamini + minerali), PAN D ARC (taheebo) : lapachol ima antitumorsku aktivnost ali i antikoagulantni u\\u010dinak; HRSKAVICA MORSKOG PSA (protein ima antiangiogeni\\u010dni u\\u010dinak ali oralni unos je neu\\u010dinkovit), BREUSS (gladovanje)\\u2026<\\\/p>\"}}]}<\/script>\n\t\t\t\t\t<\/div>\n\t\t\t\t\t\t<\/div>\n\t\t\t\t<\/div>\n\t\t\t\t<div class=\"elementor-element elementor-element-7ca6c4d elementor-widget elementor-widget-text-editor\" data-id=\"7ca6c4d\" data-element_type=\"widget\" data-widget_type=\"text-editor.default\">\n\t\t\t\t<div class=\"elementor-widget-container\">\n\t\t\t\t\t\t\t\t\tDefinitivno je vrlo va\u017eno informirati se o svojoj bolesti jer informiranost poma\u017ee u procesu lije\u010denja. Ali, isto tako je va\u017eno birati prave izvore za informiranje i poku\u0161ati znanstveno provjeriti svaku dobivenu informaciju.\t\t\t\t\t\t\t\t<\/div>\n\t\t\t\t<\/div>\n\t\t\t\t\t<\/div>\n\t\t<\/div>\n\t\t\t\t\t<\/div>\n\t\t<\/section>\n\t\t\t\t<\/div>\n\t\t","protected":false},"excerpt":{"rendered":"<p>O temi raka postoje mnogi mitovi Rak je po\u0161ast suvremene dobi \u2013 svake godine vi\u0161e od 12 milijuna ljudi u svijetu sazna da boluje od raka. Razni izvori, provjereni i neprovjereni, dobronamjerni i zlonamjerni, svakodnevno nas obasipaju mno\u0161tvom informacija. Tako \u010desto nastaju mitovi koje uzimamo \u201ezdravo za gotovo\u201c i prihva\u0107amo bez provjere to\u010dnosti. O temi [&hellip;]<\/p>\n","protected":false},"author":1,"featured_media":0,"parent":1617,"menu_order":0,"comment_status":"closed","ping_status":"closed","template":"","meta":{"footnotes":""},"class_list":["post-1620","page","type-page","status-publish","hentry"],"_links":{"self":[{"href":"https:\/\/2023.govorimoorakupluca.com\/en\/wp-json\/wp\/v2\/pages\/1620","targetHints":{"allow":["GET"]}}],"collection":[{"href":"https:\/\/2023.govorimoorakupluca.com\/en\/wp-json\/wp\/v2\/pages"}],"about":[{"href":"https:\/\/2023.govorimoorakupluca.com\/en\/wp-json\/wp\/v2\/types\/page"}],"author":[{"embeddable":true,"href":"https:\/\/2023.govorimoorakupluca.com\/en\/wp-json\/wp\/v2\/users\/1"}],"replies":[{"embeddable":true,"href":"https:\/\/2023.govorimoorakupluca.com\/en\/wp-json\/wp\/v2\/comments?post=1620"}],"version-history":[{"count":1,"href":"https:\/\/2023.govorimoorakupluca.com\/en\/wp-json\/wp\/v2\/pages\/1620\/revisions"}],"predecessor-version":[{"id":1644,"href":"https:\/\/2023.govorimoorakupluca.com\/en\/wp-json\/wp\/v2\/pages\/1620\/revisions\/1644"}],"up":[{"embeddable":true,"href":"https:\/\/2023.govorimoorakupluca.com\/en\/wp-json\/wp\/v2\/pages\/1617"}],"wp:attachment":[{"href":"https:\/\/2023.govorimoorakupluca.com\/en\/wp-json\/wp\/v2\/media?parent=1620"}],"curies":[{"name":"wp","href":"https:\/\/api.w.org\/{rel}","templated":true}]}}