{"id":1621,"date":"2021-09-21T11:22:11","date_gmt":"2021-09-21T11:22:11","guid":{"rendered":"https:\/\/govorimoorakupluca.com\/rak-pluca\/starenje-i-rak\/"},"modified":"2021-10-29T10:30:49","modified_gmt":"2021-10-29T10:30:49","slug":"starenje-i-rak","status":"publish","type":"page","link":"https:\/\/2023.govorimoorakupluca.com\/en\/rak-pluca\/starenje-i-rak\/","title":{"rendered":"Aging and cancer"},"content":{"rendered":"\t\t<div data-elementor-type=\"wp-page\" data-elementor-id=\"1621\" data-post-id=\"1621\" data-obj-id=\"1621\" class=\"elementor elementor-1621 dce-elementor-post-1621 elementor-354\">\n\t\t\t\t\t\t<section class=\"elementor-section elementor-top-section elementor-element elementor-element-79f6e94 elementor-section-boxed elementor-section-height-default elementor-section-height-default\" data-id=\"79f6e94\" data-element_type=\"section\">\n\t\t\t\t\t\t<div class=\"elementor-container elementor-column-gap-default\">\n\t\t\t\t\t<div class=\"elementor-column elementor-col-100 elementor-top-column elementor-element elementor-element-00aa9a6\" data-id=\"00aa9a6\" data-element_type=\"column\">\n\t\t\t<div class=\"elementor-widget-wrap elementor-element-populated\">\n\t\t\t\t\t\t<div class=\"elementor-element elementor-element-4f4f3a9 elementor-widget elementor-widget-heading\" data-id=\"4f4f3a9\" data-element_type=\"widget\" data-widget_type=\"heading.default\">\n\t\t\t\t<div class=\"elementor-widget-container\">\n\t\t\t\t\t<h2 class=\"elementor-heading-title elementor-size-default\">Razvoj karcinoma osim o \u017eivotnim navikama, genetskoj predispoziciju i nekim drugim \u010dimbenicima, ovisi i o dobi. <\/h2>\t\t\t\t<\/div>\n\t\t\t\t<\/div>\n\t\t\t\t\t<\/div>\n\t\t<\/div>\n\t\t\t\t\t<\/div>\n\t\t<\/section>\n\t\t\t\t<section class=\"elementor-section elementor-top-section elementor-element elementor-element-451eba1 elementor-section-boxed elementor-section-height-default elementor-section-height-default\" data-id=\"451eba1\" data-element_type=\"section\">\n\t\t\t\t\t\t<div class=\"elementor-container elementor-column-gap-default\">\n\t\t\t\t\t<div class=\"elementor-column elementor-col-50 elementor-top-column elementor-element elementor-element-e5dd79d\" data-id=\"e5dd79d\" data-element_type=\"column\">\n\t\t\t<div class=\"elementor-widget-wrap elementor-element-populated\">\n\t\t\t\t\t\t<div class=\"elementor-element elementor-element-5f0e63f elementor-widget elementor-widget-text-editor\" data-id=\"5f0e63f\" data-element_type=\"widget\" data-widget_type=\"text-editor.default\">\n\t\t\t\t<div class=\"elementor-widget-container\">\n\t\t\t\t\t\t\t\t\t<p>Prema nekim istra\u017eivanjima, \u010dak 89 od 100 ljudi oboljelih od raka ima 50 godina i vi\u0161e, dok je po drugim istra\u017eivanjima \u010dak 60 % oboljelih u dobi od 65 godina i vi\u0161e. Za\u0161to je to tako?<\/p><p>\u010covjekovo se tijelo mijenja s godinama na mnogo uo\u010dljivih na\u010dina. U ve\u0107ine ljudi, udio masnog tkiva raste vi\u0161e od 30% tijekom godina. Raspodjela masnog tkiva se tako\u0111er mijenja: manje je potko\u017enog masnog tkiva, a vi\u0161e masnog tkiva. Ko\u017ea postaje tanja, naborana i krhkija, a oblik trupa se mijenja.<\/p><p>Nije iznena\u0111uju\u0107e da i mnoge unutra\u0161nje funkcije slabe. Ove funkcije op\u0107enito dose\u017eu svoj maksimum prije 30. godine \u017eivota, a zatim postupno, ali neprestano dolazi do njihovog slabljenja. \u010cak i s ovim slabljenjem ve\u0107ina funkcija je odgovaraju\u0107a tijekom \u017eivota jer ve\u0107ina organa ima znatno ve\u0107i funkcionalni kapacitet nego \u0161to je tijelu potrebno (funkcionalna rezerva). Bolesti su \u010de\u0161\u0107e nego starenje razlog gubitka funkcija u starijoj dobi. Zna\u010di, smanjenje funkcija \u010dini starije ljude podlo\u017enijim \u0161tetnim utjecajima lijekova, promjenama u okolini, toksinima (otrovima) i bolestima.<\/p><p>Tako\u0111er smanjenje funkcije mnogih organa ima mali utjecaj na na\u010din \u017eivota, dok smanjenje funkcije pojedinog organa mo\u017ee zna\u010dajno utjecati na zdravlje i blagostanje.<\/p><p>\u00a0<\/p>\t\t\t\t\t\t\t\t<\/div>\n\t\t\t\t<\/div>\n\t\t\t\t\t<\/div>\n\t\t<\/div>\n\t\t\t\t<div class=\"elementor-column elementor-col-50 elementor-top-column elementor-element elementor-element-4408f3c\" data-id=\"4408f3c\" data-element_type=\"column\">\n\t\t\t<div class=\"elementor-widget-wrap elementor-element-populated\">\n\t\t\t\t\t\t<div class=\"elementor-element elementor-element-4779a0b elementor-widget elementor-widget-image\" data-id=\"4779a0b\" data-element_type=\"widget\" data-widget_type=\"image.default\">\n\t\t\t\t<div class=\"elementor-widget-container\">\n\t\t\t\t\t\t\t\t\t\t\t\t\t\t\t<img fetchpriority=\"high\" decoding=\"async\" width=\"800\" height=\"534\" src=\"https:\/\/2023.govorimoorakupluca.com\/wp-content\/uploads\/2021\/09\/Depositphotos_10858691_xl-2015-Medium-1024x683.jpg\" class=\"attachment-large size-large wp-image-1487\" alt=\"\" srcset=\"https:\/\/2023.govorimoorakupluca.com\/wp-content\/uploads\/2021\/09\/Depositphotos_10858691_xl-2015-Medium-1024x683.jpg 1024w, https:\/\/2023.govorimoorakupluca.com\/wp-content\/uploads\/2021\/09\/Depositphotos_10858691_xl-2015-Medium-300x200.jpg 300w, https:\/\/2023.govorimoorakupluca.com\/wp-content\/uploads\/2021\/09\/Depositphotos_10858691_xl-2015-Medium-768x512.jpg 768w, https:\/\/2023.govorimoorakupluca.com\/wp-content\/uploads\/2021\/09\/Depositphotos_10858691_xl-2015-Medium.jpg 1152w\" sizes=\"(max-width: 800px) 100vw, 800px\" \/>\t\t\t\t\t\t\t\t\t\t\t\t\t\t\t<\/div>\n\t\t\t\t<\/div>\n\t\t\t\t\t<\/div>\n\t\t<\/div>\n\t\t\t\t\t<\/div>\n\t\t<\/section>\n\t\t\t\t<section class=\"elementor-section elementor-top-section elementor-element elementor-element-4e1864a elementor-section-boxed elementor-section-height-default elementor-section-height-default\" data-id=\"4e1864a\" data-element_type=\"section\">\n\t\t\t\t\t\t<div class=\"elementor-container elementor-column-gap-default\">\n\t\t\t\t\t<div class=\"elementor-column elementor-col-100 elementor-top-column elementor-element elementor-element-9d1cf72\" data-id=\"9d1cf72\" data-element_type=\"column\">\n\t\t\t<div class=\"elementor-widget-wrap elementor-element-populated\">\n\t\t\t\t\t\t<div class=\"elementor-element elementor-element-bcef30d elementor-widget elementor-widget-text-editor\" data-id=\"bcef30d\" data-element_type=\"widget\" data-widget_type=\"text-editor.default\">\n\t\t\t\t<div class=\"elementor-widget-container\">\n\t\t\t\t\t\t\t\t\t<p>Ostali dobni \u010dimbenici koji mogu igrati ulogu u pove\u0107anju \u0161ansi za oboljenja od raka u starijoj dobi uklju\u010duju dugoro\u010dne u\u010dinke poput kroni\u010dnih upala i promjene u DNK koje su povoljne za razvoj raka, a uzrokovane su slobodnim radikalima. Tako\u0111er, uzrok tomu su i manje u\u010dinkoviti mehanizmi popravljanja o\u0161te\u0107enog DNK i generalno slabljenje imunolo\u0161kog sustava s godinama, zbog \u010dega je on automatski manje u\u010dinkovit u otkrivanju stanica raka i napadu na njih. Naravno, to ne zna\u010di da \u0107e starenje nu\u017eno uzrokovati karcinom.<\/p>\t\t\t\t\t\t\t\t<\/div>\n\t\t\t\t<\/div>\n\t\t\t\t\t<\/div>\n\t\t<\/div>\n\t\t\t\t\t<\/div>\n\t\t<\/section>\n\t\t\t\t<section class=\"elementor-section elementor-top-section elementor-element elementor-element-33fe442 elementor-section-boxed elementor-section-height-default elementor-section-height-default\" data-id=\"33fe442\" data-element_type=\"section\">\n\t\t\t\t\t\t<div class=\"elementor-container elementor-column-gap-default\">\n\t\t\t\t\t<div class=\"elementor-column elementor-col-50 elementor-top-column elementor-element elementor-element-2c1dacc\" data-id=\"2c1dacc\" data-element_type=\"column\">\n\t\t\t<div class=\"elementor-widget-wrap elementor-element-populated\">\n\t\t\t\t\t\t<div class=\"elementor-element elementor-element-30ab437 elementor-widget elementor-widget-image\" data-id=\"30ab437\" data-element_type=\"widget\" data-widget_type=\"image.default\">\n\t\t\t\t<div class=\"elementor-widget-container\">\n\t\t\t\t\t\t\t\t\t\t\t\t\t\t\t<img decoding=\"async\" width=\"800\" height=\"534\" src=\"https:\/\/2023.govorimoorakupluca.com\/wp-content\/uploads\/2021\/09\/Depositphotos_459249208_xl-2015-Medium-1024x683.jpg\" class=\"attachment-large size-large wp-image-1488\" alt=\"\" srcset=\"https:\/\/2023.govorimoorakupluca.com\/wp-content\/uploads\/2021\/09\/Depositphotos_459249208_xl-2015-Medium-1024x683.jpg 1024w, https:\/\/2023.govorimoorakupluca.com\/wp-content\/uploads\/2021\/09\/Depositphotos_459249208_xl-2015-Medium-300x200.jpg 300w, https:\/\/2023.govorimoorakupluca.com\/wp-content\/uploads\/2021\/09\/Depositphotos_459249208_xl-2015-Medium-768x512.jpg 768w, https:\/\/2023.govorimoorakupluca.com\/wp-content\/uploads\/2021\/09\/Depositphotos_459249208_xl-2015-Medium.jpg 1151w\" sizes=\"(max-width: 800px) 100vw, 800px\" \/>\t\t\t\t\t\t\t\t\t\t\t\t\t\t\t<\/div>\n\t\t\t\t<\/div>\n\t\t\t\t\t<\/div>\n\t\t<\/div>\n\t\t\t\t<div class=\"elementor-column elementor-col-50 elementor-top-column elementor-element elementor-element-7a417de\" data-id=\"7a417de\" data-element_type=\"column\">\n\t\t\t<div class=\"elementor-widget-wrap elementor-element-populated\">\n\t\t\t\t\t\t<div class=\"elementor-element elementor-element-a3a0b1e elementor-widget elementor-widget-text-editor\" data-id=\"a3a0b1e\" data-element_type=\"widget\" data-widget_type=\"text-editor.default\">\n\t\t\t\t<div class=\"elementor-widget-container\">\n\t\t\t\t\t\t\t\t\t<p>Kako se to\u010dno starenje i rak isprepli\u0107u jo\u0161 se uvijek istra\u017euje i postoje razli\u010dita istra\u017eivanja koja ovu tezu potvr\u0111uju i opovrgavaju. Va\u017eno je naglasiti da znanstvenici isti\u010du da upravljanje kroni\u010dnim stanjima i promjena na\u010dina \u017eivota u srednjoj dobi mogu zna\u010dajno umanjiti rizik od razvoja raka u starijoj dobi. Te promjene \u017eivotnih navika uklju\u010duju pove\u0107anje tjelesne aktivnosti, provo\u0111enje manje vremena sjede\u0107i, dobar i regularan san, uravnote\u017eena i zdrava prehrana, umjereno uzimanje alkohola i naravno, odvikavanje od pu\u0161enja koje je jedna od najve\u0107ih ugroza za zdravlje.<\/p>\t\t\t\t\t\t\t\t<\/div>\n\t\t\t\t<\/div>\n\t\t\t\t\t<\/div>\n\t\t<\/div>\n\t\t\t\t\t<\/div>\n\t\t<\/section>\n\t\t\t\t<\/div>\n\t\t","protected":false},"excerpt":{"rendered":"<p>Razvoj karcinoma osim o \u017eivotnim navikama, genetskoj predispoziciju i nekim drugim \u010dimbenicima, ovisi i o dobi. Prema nekim istra\u017eivanjima, \u010dak 89 od 100 ljudi oboljelih od raka ima 50 godina i vi\u0161e, dok je po drugim istra\u017eivanjima \u010dak 60 % oboljelih u dobi od 65 godina i vi\u0161e. Za\u0161to je to tako? \u010covjekovo se tijelo [&hellip;]<\/p>\n","protected":false},"author":1,"featured_media":0,"parent":1617,"menu_order":0,"comment_status":"closed","ping_status":"closed","template":"","meta":{"footnotes":""},"class_list":["post-1621","page","type-page","status-publish","hentry"],"_links":{"self":[{"href":"https:\/\/2023.govorimoorakupluca.com\/en\/wp-json\/wp\/v2\/pages\/1621","targetHints":{"allow":["GET"]}}],"collection":[{"href":"https:\/\/2023.govorimoorakupluca.com\/en\/wp-json\/wp\/v2\/pages"}],"about":[{"href":"https:\/\/2023.govorimoorakupluca.com\/en\/wp-json\/wp\/v2\/types\/page"}],"author":[{"embeddable":true,"href":"https:\/\/2023.govorimoorakupluca.com\/en\/wp-json\/wp\/v2\/users\/1"}],"replies":[{"embeddable":true,"href":"https:\/\/2023.govorimoorakupluca.com\/en\/wp-json\/wp\/v2\/comments?post=1621"}],"version-history":[{"count":1,"href":"https:\/\/2023.govorimoorakupluca.com\/en\/wp-json\/wp\/v2\/pages\/1621\/revisions"}],"predecessor-version":[{"id":1648,"href":"https:\/\/2023.govorimoorakupluca.com\/en\/wp-json\/wp\/v2\/pages\/1621\/revisions\/1648"}],"up":[{"embeddable":true,"href":"https:\/\/2023.govorimoorakupluca.com\/en\/wp-json\/wp\/v2\/pages\/1617"}],"wp:attachment":[{"href":"https:\/\/2023.govorimoorakupluca.com\/en\/wp-json\/wp\/v2\/media?parent=1621"}],"curies":[{"name":"wp","href":"https:\/\/api.w.org\/{rel}","templated":true}]}}