{"id":1622,"date":"2021-09-21T11:22:29","date_gmt":"2021-09-21T11:22:29","guid":{"rendered":"https:\/\/govorimoorakupluca.com\/rak-pluca\/utjecaj-e-cigareta-na-pluca\/"},"modified":"2021-10-29T10:30:44","modified_gmt":"2021-10-29T10:30:44","slug":"utjecaj-e-cigareta-na-pluca","status":"publish","type":"page","link":"https:\/\/2023.govorimoorakupluca.com\/en\/rak-pluca\/utjecaj-e-cigareta-na-pluca\/","title":{"rendered":"The effect of e-cigarettes on the lungs"},"content":{"rendered":"\t\t<div data-elementor-type=\"wp-page\" data-elementor-id=\"1622\" data-post-id=\"1622\" data-obj-id=\"1622\" class=\"elementor elementor-1622 dce-elementor-post-1622 elementor-358\">\n\t\t\t\t\t\t<section class=\"elementor-section elementor-top-section elementor-element elementor-element-c7e239c elementor-section-boxed elementor-section-height-default elementor-section-height-default\" data-id=\"c7e239c\" data-element_type=\"section\">\n\t\t\t\t\t\t<div class=\"elementor-container elementor-column-gap-default\">\n\t\t\t\t\t<div class=\"elementor-column elementor-col-100 elementor-top-column elementor-element elementor-element-1fb6444\" data-id=\"1fb6444\" data-element_type=\"column\">\n\t\t\t<div class=\"elementor-widget-wrap elementor-element-populated\">\n\t\t\t\t\t\t<div class=\"elementor-element elementor-element-3730fe2 elementor-widget elementor-widget-heading\" data-id=\"3730fe2\" data-element_type=\"widget\" data-widget_type=\"heading.default\">\n\t\t\t\t<div class=\"elementor-widget-container\">\n\t\t\t\t\t<h2 class=\"elementor-heading-title elementor-size-default\">E-cigarete su u zadnje vrijeme postale vrlo popularne. Zbog op\u0107e poznate \u010dinjenice da pu\u0161enje \u0161teti plu\u0107ima i uzrokuje rak, pojavile su se razli\u010dite verzije cigareta koje su predstavljane kao manje \u0161tetne. Me\u0111utim, je li to tako?<\/h2>\t\t\t\t<\/div>\n\t\t\t\t<\/div>\n\t\t\t\t\t<\/div>\n\t\t<\/div>\n\t\t\t\t\t<\/div>\n\t\t<\/section>\n\t\t\t\t<section class=\"elementor-section elementor-top-section elementor-element elementor-element-7ce6e59 elementor-section-boxed elementor-section-height-default elementor-section-height-default\" data-id=\"7ce6e59\" data-element_type=\"section\">\n\t\t\t\t\t\t<div class=\"elementor-container elementor-column-gap-default\">\n\t\t\t\t\t<div class=\"elementor-column elementor-col-100 elementor-top-column elementor-element elementor-element-e090895\" data-id=\"e090895\" data-element_type=\"column\">\n\t\t\t<div class=\"elementor-widget-wrap elementor-element-populated\">\n\t\t\t\t\t\t<div class=\"elementor-element elementor-element-18b218e elementor-widget elementor-widget-text-editor\" data-id=\"18b218e\" data-element_type=\"widget\" data-widget_type=\"text-editor.default\">\n\t\t\t\t<div class=\"elementor-widget-container\">\n\t\t\t\t\t\t\t\t\t<p>Razlog zbog kojeg su elektroni\u010dke cigarete ili e-cigarete postale popularne je jer ne sadr\u017ee dim ili katran kao obi\u010dne cigarete. Zbog toga se smatralo da su zdravije od obi\u010dnih. Me\u0111utim, postoje brojne, druge \u0161tetne tvari koje ulaze u va\u0161a plu\u0107a kada uvla\u010dite dim elektri\u010dne cigarete, posebno kod onih s aromama. Primjerice, neke od tih opasnih kemikalija uklju\u010duju acetaldehid, akrolein i formaldehid. Ti aldehidi mogu uzrokovati plu\u0107ne bolesti, kao i kardiovaskularne bolesti te suhi ka\u0161alj koji ne\u0107e nestati. Osim toga, uzrokuju ote\u017eano disanje, glavobolju, groznicu, bolove i druge zdravstvene probleme. Pare tako\u0111er mogu iritirati va\u0161e o\u010di, ko\u017eu, nos i grlo. Diacetil stvara o\u017eiljke na malenim zra\u010dnim vre\u0107icama u plu\u0107ima zbog \u010dega di\u0161ni putevi postaju debeli i uski.<\/p>\t\t\t\t\t\t\t\t<\/div>\n\t\t\t\t<\/div>\n\t\t\t\t\t<\/div>\n\t\t<\/div>\n\t\t\t\t\t<\/div>\n\t\t<\/section>\n\t\t\t\t<section class=\"elementor-section elementor-top-section elementor-element elementor-element-b8775a5 elementor-section-boxed elementor-section-height-default elementor-section-height-default\" data-id=\"b8775a5\" data-element_type=\"section\">\n\t\t\t\t\t\t<div class=\"elementor-container elementor-column-gap-default\">\n\t\t\t\t\t<div class=\"elementor-column elementor-col-50 elementor-top-column elementor-element elementor-element-4bf969d\" data-id=\"4bf969d\" data-element_type=\"column\">\n\t\t\t<div class=\"elementor-widget-wrap elementor-element-populated\">\n\t\t\t\t\t\t<div class=\"elementor-element elementor-element-58d7b2e elementor-widget elementor-widget-image\" data-id=\"58d7b2e\" data-element_type=\"widget\" data-widget_type=\"image.default\">\n\t\t\t\t<div class=\"elementor-widget-container\">\n\t\t\t\t\t\t\t\t\t\t\t\t\t\t\t<img fetchpriority=\"high\" decoding=\"async\" width=\"800\" height=\"534\" src=\"https:\/\/2023.govorimoorakupluca.com\/wp-content\/uploads\/2021\/09\/heat-burn-tobacco-product-technology-woman-holding-e-cigarette-his-hand-before-smoking-Medium-1024x683.jpg\" class=\"attachment-large size-large wp-image-1491\" alt=\"\" srcset=\"https:\/\/2023.govorimoorakupluca.com\/wp-content\/uploads\/2021\/09\/heat-burn-tobacco-product-technology-woman-holding-e-cigarette-his-hand-before-smoking-Medium-1024x683.jpg 1024w, https:\/\/2023.govorimoorakupluca.com\/wp-content\/uploads\/2021\/09\/heat-burn-tobacco-product-technology-woman-holding-e-cigarette-his-hand-before-smoking-Medium-300x200.jpg 300w, https:\/\/2023.govorimoorakupluca.com\/wp-content\/uploads\/2021\/09\/heat-burn-tobacco-product-technology-woman-holding-e-cigarette-his-hand-before-smoking-Medium-768x512.jpg 768w, https:\/\/2023.govorimoorakupluca.com\/wp-content\/uploads\/2021\/09\/heat-burn-tobacco-product-technology-woman-holding-e-cigarette-his-hand-before-smoking-Medium.jpg 1152w\" sizes=\"(max-width: 800px) 100vw, 800px\" \/>\t\t\t\t\t\t\t\t\t\t\t\t\t\t\t<\/div>\n\t\t\t\t<\/div>\n\t\t\t\t\t<\/div>\n\t\t<\/div>\n\t\t\t\t<div class=\"elementor-column elementor-col-50 elementor-top-column elementor-element elementor-element-f44d320\" data-id=\"f44d320\" data-element_type=\"column\">\n\t\t\t<div class=\"elementor-widget-wrap elementor-element-populated\">\n\t\t\t\t\t\t<div class=\"elementor-element elementor-element-e44e2eb elementor-widget elementor-widget-text-editor\" data-id=\"e44e2eb\" data-element_type=\"widget\" data-widget_type=\"text-editor.default\">\n\t\t\t\t<div class=\"elementor-widget-container\">\n\t\t\t\t\t\t\t\t\t<p>Godine 2016. dokazano je da e-cigarete sadr\u017ee razli\u010dite emisije nikotina, aroma poput diacetila, kemikalija povezanih s ozbiljnom plu\u0107nom bole\u0161\u0107u, hlapljive organske spojeve poput benzena koji se nalaze u ispu\u0161nim plinovima automobila, te\u0161kih metala poput nikla, kositra i olova.<\/p><p>Tako\u0111er, Ameri\u010dka uprava za hranu i lijekove nije utvrdila da je ijedna e-cigareta sigurna i u\u010dinkovita u pomaganju pu\u0161a\u010dima da prestanu pu\u0161iti. Ako su pu\u0161a\u010di spremni prestati pu\u0161iti zauvijek, trebali bi koristiti provjerene metode koje ne ugro\u017eavaju zdravlje dodatno i razgovarati sa svojim lije\u010dnikom o pronala\u017eenju najboljeg na\u010dina\u00a0 za njih.<\/p>\t\t\t\t\t\t\t\t<\/div>\n\t\t\t\t<\/div>\n\t\t\t\t\t<\/div>\n\t\t<\/div>\n\t\t\t\t\t<\/div>\n\t\t<\/section>\n\t\t\t\t<\/div>\n\t\t","protected":false},"excerpt":{"rendered":"<p>E-cigarete su u zadnje vrijeme postale vrlo popularne. Zbog op\u0107e poznate \u010dinjenice da pu\u0161enje \u0161teti plu\u0107ima i uzrokuje rak, pojavile su se razli\u010dite verzije cigareta koje su predstavljane kao manje \u0161tetne. Me\u0111utim, je li to tako? Razlog zbog kojeg su elektroni\u010dke cigarete ili e-cigarete postale popularne je jer ne sadr\u017ee dim ili katran kao obi\u010dne [&hellip;]<\/p>\n","protected":false},"author":1,"featured_media":0,"parent":1617,"menu_order":0,"comment_status":"closed","ping_status":"closed","template":"","meta":{"footnotes":""},"class_list":["post-1622","page","type-page","status-publish","hentry"],"_links":{"self":[{"href":"https:\/\/2023.govorimoorakupluca.com\/en\/wp-json\/wp\/v2\/pages\/1622","targetHints":{"allow":["GET"]}}],"collection":[{"href":"https:\/\/2023.govorimoorakupluca.com\/en\/wp-json\/wp\/v2\/pages"}],"about":[{"href":"https:\/\/2023.govorimoorakupluca.com\/en\/wp-json\/wp\/v2\/types\/page"}],"author":[{"embeddable":true,"href":"https:\/\/2023.govorimoorakupluca.com\/en\/wp-json\/wp\/v2\/users\/1"}],"replies":[{"embeddable":true,"href":"https:\/\/2023.govorimoorakupluca.com\/en\/wp-json\/wp\/v2\/comments?post=1622"}],"version-history":[{"count":1,"href":"https:\/\/2023.govorimoorakupluca.com\/en\/wp-json\/wp\/v2\/pages\/1622\/revisions"}],"predecessor-version":[{"id":1647,"href":"https:\/\/2023.govorimoorakupluca.com\/en\/wp-json\/wp\/v2\/pages\/1622\/revisions\/1647"}],"up":[{"embeddable":true,"href":"https:\/\/2023.govorimoorakupluca.com\/en\/wp-json\/wp\/v2\/pages\/1617"}],"wp:attachment":[{"href":"https:\/\/2023.govorimoorakupluca.com\/en\/wp-json\/wp\/v2\/media?parent=1622"}],"curies":[{"name":"wp","href":"https:\/\/api.w.org\/{rel}","templated":true}]}}