{"id":1623,"date":"2021-09-17T09:47:06","date_gmt":"2021-09-17T09:47:06","guid":{"rendered":"https:\/\/govorimoorakupluca.com\/zivjeti-s-rakom-pluca\/"},"modified":"2021-10-29T10:30:54","modified_gmt":"2021-10-29T10:30:54","slug":"zivjeti-s-rakom-pluca","status":"publish","type":"page","link":"https:\/\/2023.govorimoorakupluca.com\/en\/zivjeti-s-rakom-pluca\/","title":{"rendered":"Living With Lung Cancer"},"content":{"rendered":"\t\t<div data-elementor-type=\"wp-page\" data-elementor-id=\"1623\" data-post-id=\"1623\" data-obj-id=\"1623\" class=\"elementor elementor-1623 dce-elementor-post-1623 elementor-75\">\n\t\t\t\t\t\t<section class=\"elementor-section elementor-top-section elementor-element elementor-element-8fff6b3 elementor-section-boxed elementor-section-height-default elementor-section-height-default\" data-id=\"8fff6b3\" data-element_type=\"section\">\n\t\t\t\t\t\t<div class=\"elementor-container elementor-column-gap-default\">\n\t\t\t\t\t<div class=\"elementor-column elementor-col-50 elementor-top-column elementor-element elementor-element-a84ff91\" data-id=\"a84ff91\" data-element_type=\"column\">\n\t\t\t<div class=\"elementor-widget-wrap elementor-element-populated\">\n\t\t\t\t\t\t<div class=\"elementor-element elementor-element-4fac80d elementor-widget elementor-widget-heading\" data-id=\"4fac80d\" data-element_type=\"widget\" data-widget_type=\"heading.default\">\n\t\t\t\t<div class=\"elementor-widget-container\">\n\t\t\t\t\t<h2 class=\"elementor-heading-title elementor-size-default\">Pomognite sebi<\/h2>\t\t\t\t<\/div>\n\t\t\t\t<\/div>\n\t\t\t\t<div class=\"elementor-element elementor-element-a5bfb45 elementor-widget elementor-widget-text-editor\" data-id=\"a5bfb45\" data-element_type=\"widget\" data-widget_type=\"text-editor.default\">\n\t\t\t\t<div class=\"elementor-widget-container\">\n\t\t\t\t\t\t\t\t\t<p>Za po\u010detak, bilo bi dobro da se informirate o va\u0161oj bolesti. Osje\u0107aj informiranosti pomo\u0107i \u0107e vam da steknete osje\u0107aj \u00a0bolje kontrole nad bole\u0161\u0107u i znat \u0107ete \u0161to mo\u017eete o\u010dekivati od bolesti.<\/p><p>No va\u017eno je informirati se od pravih izvora i pravodobno. Previ\u0161e neprovjerenih informacija iz izvora koje nalazimo na \u201egoogle\u201c-u, mo\u017ee vas uznemiriti ili vam signalizirati pogre\u0161na predvi\u0111anja i opcije lije\u010denja. Informacije nastojte dobivati od medicinskog tima koji Vas lije\u010di. Naravno, od stru\u010dnjaka mo\u017eete dobiti informacije koje su to\u010dne, ali ipak mogu biti neo\u010dekivane ili neugodne. \u00a0Stoga, dajte si vremena da se suo\u010dite sa svakim pojedinim problemom. Tako\u0111er, pri posjetima doktoru, napravite listu pitanja i povedite nekoga sa sobom tko \u0107e vas podsjetiti \u0161to sve trebate pitati. Katkada se, zbog treme ili puno emocija, ne sjetimo pitati ne\u0161to \u0161to nam je va\u017eno.<\/p>\t\t\t\t\t\t\t\t<\/div>\n\t\t\t\t<\/div>\n\t\t\t\t\t<\/div>\n\t\t<\/div>\n\t\t\t\t<div class=\"elementor-column elementor-col-50 elementor-top-column elementor-element elementor-element-c435064\" data-id=\"c435064\" data-element_type=\"column\">\n\t\t\t<div class=\"elementor-widget-wrap elementor-element-populated\">\n\t\t\t\t\t\t<div class=\"elementor-element elementor-element-0e4472d elementor-widget elementor-widget-image\" data-id=\"0e4472d\" data-element_type=\"widget\" data-widget_type=\"image.default\">\n\t\t\t\t<div class=\"elementor-widget-container\">\n\t\t\t\t\t\t\t\t\t\t\t\t\t\t\t<img fetchpriority=\"high\" decoding=\"async\" width=\"800\" height=\"534\" src=\"https:\/\/2023.govorimoorakupluca.com\/wp-content\/uploads\/2021\/09\/doctors-patients-consulting-diagnostic-examining-sit-talk-table-near-window-hospital-medicine-concept-Medium-1024x683.jpg\" class=\"attachment-large size-large wp-image-1497\" alt=\"\" srcset=\"https:\/\/2023.govorimoorakupluca.com\/wp-content\/uploads\/2021\/09\/doctors-patients-consulting-diagnostic-examining-sit-talk-table-near-window-hospital-medicine-concept-Medium-1024x683.jpg 1024w, https:\/\/2023.govorimoorakupluca.com\/wp-content\/uploads\/2021\/09\/doctors-patients-consulting-diagnostic-examining-sit-talk-table-near-window-hospital-medicine-concept-Medium-300x200.jpg 300w, https:\/\/2023.govorimoorakupluca.com\/wp-content\/uploads\/2021\/09\/doctors-patients-consulting-diagnostic-examining-sit-talk-table-near-window-hospital-medicine-concept-Medium-768x512.jpg 768w, https:\/\/2023.govorimoorakupluca.com\/wp-content\/uploads\/2021\/09\/doctors-patients-consulting-diagnostic-examining-sit-talk-table-near-window-hospital-medicine-concept-Medium.jpg 1152w\" sizes=\"(max-width: 800px) 100vw, 800px\" \/>\t\t\t\t\t\t\t\t\t\t\t\t\t\t\t<\/div>\n\t\t\t\t<\/div>\n\t\t\t\t\t<\/div>\n\t\t<\/div>\n\t\t\t\t\t<\/div>\n\t\t<\/section>\n\t\t\t\t<section class=\"elementor-section elementor-top-section elementor-element elementor-element-eca2e03 elementor-reverse-tablet elementor-reverse-mobile elementor-section-boxed elementor-section-height-default elementor-section-height-default\" data-id=\"eca2e03\" data-element_type=\"section\">\n\t\t\t\t\t\t<div class=\"elementor-container elementor-column-gap-default\">\n\t\t\t\t\t<div class=\"elementor-column elementor-col-50 elementor-top-column elementor-element elementor-element-b1f991e\" data-id=\"b1f991e\" data-element_type=\"column\">\n\t\t\t<div class=\"elementor-widget-wrap elementor-element-populated\">\n\t\t\t\t\t\t<div class=\"elementor-element elementor-element-3c387cf elementor-widget elementor-widget-image\" data-id=\"3c387cf\" data-element_type=\"widget\" data-widget_type=\"image.default\">\n\t\t\t\t<div class=\"elementor-widget-container\">\n\t\t\t\t\t\t\t\t\t\t\t\t\t\t\t<img decoding=\"async\" width=\"800\" height=\"534\" src=\"https:\/\/2023.govorimoorakupluca.com\/wp-content\/uploads\/2021\/09\/presence-family-is-biggest-support-Medium-1024x683.jpg\" class=\"attachment-large size-large wp-image-1498\" alt=\"\" srcset=\"https:\/\/2023.govorimoorakupluca.com\/wp-content\/uploads\/2021\/09\/presence-family-is-biggest-support-Medium-1024x683.jpg 1024w, https:\/\/2023.govorimoorakupluca.com\/wp-content\/uploads\/2021\/09\/presence-family-is-biggest-support-Medium-300x200.jpg 300w, https:\/\/2023.govorimoorakupluca.com\/wp-content\/uploads\/2021\/09\/presence-family-is-biggest-support-Medium-768x512.jpg 768w, https:\/\/2023.govorimoorakupluca.com\/wp-content\/uploads\/2021\/09\/presence-family-is-biggest-support-Medium.jpg 1152w\" sizes=\"(max-width: 800px) 100vw, 800px\" \/>\t\t\t\t\t\t\t\t\t\t\t\t\t\t\t<\/div>\n\t\t\t\t<\/div>\n\t\t\t\t\t<\/div>\n\t\t<\/div>\n\t\t\t\t<div class=\"elementor-column elementor-col-50 elementor-top-column elementor-element elementor-element-ad37db9\" data-id=\"ad37db9\" data-element_type=\"column\">\n\t\t\t<div class=\"elementor-widget-wrap elementor-element-populated\">\n\t\t\t\t\t\t<div class=\"elementor-element elementor-element-b09cdfe elementor-widget elementor-widget-heading\" data-id=\"b09cdfe\" data-element_type=\"widget\" data-widget_type=\"heading.default\">\n\t\t\t\t<div class=\"elementor-widget-container\">\n\t\t\t\t\t<h2 class=\"elementor-heading-title elementor-size-default\">Razgovarajte sa svojim bli\u017enjima<\/h2>\t\t\t\t<\/div>\n\t\t\t\t<\/div>\n\t\t\t\t<div class=\"elementor-element elementor-element-f71483d elementor-widget elementor-widget-text-editor\" data-id=\"f71483d\" data-element_type=\"widget\" data-widget_type=\"text-editor.default\">\n\t\t\t\t<div class=\"elementor-widget-container\">\n\t\t\t\t\t\t\t\t\t<p>Normalno je da \u0107ete biti zabrinuti oko toga kako vijest o karcinomu priop\u0107iti svojim najbli\u017eima. Mo\u017eete osjetiti jaki nagon da to pre\u0161utite ili da Vas pomisao na to raspla\u010de ili u\u010dini dodatno tu\u017enima. To je tako\u0111er normalno. Slobodno se ispla\u010dite i razmislite ili se posavjetujte koji bi bio najbolji na\u010din razgovora, obzirom na njihovu dob, blizinu i dr. Mo\u017eda \u0107ete u po\u010detku osje\u0107ati njihovu jaku podr\u0161ku, mo\u017eda \u0107ete osjetiti da se i oni te\u0161ko nose ili mo\u017eete osjetiti krivicu jer \u201emoraju\u201c kroz sve to s Vama prolaziti. Sjetite se da i njima treba vremena i da ste im Vi, silno va\u017eni. \u00a0Kad se svi pomalo prilagode, takvi razgovori o bolesti i lije\u010denju pomo\u0107i \u0107e vam psihi\u010dki se nositi s bole\u0161\u0107u i oja\u010dati odnose s va\u0161im bli\u017enjima. Slobodno im dajte jasne upute \u0161to Vam pa\u0161e, a \u0161to ne; tako \u0107ete pomo\u0107i i ljudima u va\u0161oj okolini koji vam \u017eele biti podr\u0161ka, a ne znaju kako ili ih je sram zapo\u010deti razgovor o toj temi jer se boje kako biste vi to podnijeli. Ako se ipak dogodi da Va\u0161i bli\u017enji ne reagiraju onako kako je Vama korisno ili potrebno, potra\u017eite stru\u010dnjaka za razgovor o temama koje Vas mu\u010de. Nekad je lak\u0161e ako samo podijelite brige, a uvijek mo\u017eete doznati ne\u0161to korisno.<\/p>\t\t\t\t\t\t\t\t<\/div>\n\t\t\t\t<\/div>\n\t\t\t\t\t<\/div>\n\t\t<\/div>\n\t\t\t\t\t<\/div>\n\t\t<\/section>\n\t\t\t\t<section class=\"elementor-section elementor-top-section elementor-element elementor-element-8529139 elementor-section-boxed elementor-section-height-default elementor-section-height-default\" data-id=\"8529139\" data-element_type=\"section\">\n\t\t\t\t\t\t<div class=\"elementor-container elementor-column-gap-default\">\n\t\t\t\t\t<div class=\"elementor-column elementor-col-50 elementor-top-column elementor-element elementor-element-7ad6c9f\" data-id=\"7ad6c9f\" data-element_type=\"column\">\n\t\t\t<div class=\"elementor-widget-wrap elementor-element-populated\">\n\t\t\t\t\t\t<div class=\"elementor-element elementor-element-19779ef elementor-widget elementor-widget-heading\" data-id=\"19779ef\" data-element_type=\"widget\" data-widget_type=\"heading.default\">\n\t\t\t\t<div class=\"elementor-widget-container\">\n\t\t\t\t\t<h2 class=\"elementor-heading-title elementor-size-default\">Fizi\u010dke pote\u0161ko\u0107e no\u0161enja s rakom plu\u0107a<\/h2>\t\t\t\t<\/div>\n\t\t\t\t<\/div>\n\t\t\t\t<div class=\"elementor-element elementor-element-46ec044 elementor-widget elementor-widget-text-editor\" data-id=\"46ec044\" data-element_type=\"widget\" data-widget_type=\"text-editor.default\">\n\t\t\t\t<div class=\"elementor-widget-container\">\n\t\t\t\t\t\t\t\t\t<p>Rak plu\u0107a i njegovo lije\u010denje \u00a0gotovo \u0107e sigurno prouzro\u010diti promjene u va\u0161em tijelu. Neke od promjena bit \u0107e male i mo\u0107i \u0107ete se lagano nositi s njima, a neke \u0107e podrazumijevati simptome koji Vas mogu dodatno smetati ili \u010dak zabrinuti. Ako znate koji su to simptomi o\u010dekivani, vjerujemo da je razina brige manja. Problemi koji se mogu javiti uglavnom se odnose na simptome respiratornog sustava (kao na primjer, ote\u017eano disanje), ali uznapreduje li rak, problemi se mogu javiti u razli\u010ditim organskim sustavima. Ovo su neke od potencijalnih pote\u0161ko\u0107a: kratak dah, krv u ispljuvku, bol, voda u plu\u0107ima ili pleuralni izljev, umor te simptomi na nekom organu gdje se karcinom mo\u017eda pro\u0161irio Ve\u0107ina navedenih pote\u0161ko\u0107a mo\u017ee se tretirati, a za konkretne postupke raspitajte se kod svog lije\u010dnika.<\/p>\t\t\t\t\t\t\t\t<\/div>\n\t\t\t\t<\/div>\n\t\t\t\t\t<\/div>\n\t\t<\/div>\n\t\t\t\t<div class=\"elementor-column elementor-col-50 elementor-top-column elementor-element elementor-element-9c724bc\" data-id=\"9c724bc\" data-element_type=\"column\">\n\t\t\t<div class=\"elementor-widget-wrap elementor-element-populated\">\n\t\t\t\t\t\t<div class=\"elementor-element elementor-element-1c58c20 elementor-widget elementor-widget-image\" data-id=\"1c58c20\" data-element_type=\"widget\" data-widget_type=\"image.default\">\n\t\t\t\t<div class=\"elementor-widget-container\">\n\t\t\t\t\t\t\t\t\t\t\t\t\t\t\t<img decoding=\"async\" width=\"800\" height=\"534\" src=\"https:\/\/2023.govorimoorakupluca.com\/wp-content\/uploads\/2021\/09\/front-view-young-attractive-lady-designed-shirt-black-trousers-suffering-from-breath-troubles-white-Medium-1024x683.jpg\" class=\"attachment-large size-large wp-image-1499\" alt=\"\" srcset=\"https:\/\/2023.govorimoorakupluca.com\/wp-content\/uploads\/2021\/09\/front-view-young-attractive-lady-designed-shirt-black-trousers-suffering-from-breath-troubles-white-Medium-1024x683.jpg 1024w, https:\/\/2023.govorimoorakupluca.com\/wp-content\/uploads\/2021\/09\/front-view-young-attractive-lady-designed-shirt-black-trousers-suffering-from-breath-troubles-white-Medium-300x200.jpg 300w, https:\/\/2023.govorimoorakupluca.com\/wp-content\/uploads\/2021\/09\/front-view-young-attractive-lady-designed-shirt-black-trousers-suffering-from-breath-troubles-white-Medium-768x512.jpg 768w, https:\/\/2023.govorimoorakupluca.com\/wp-content\/uploads\/2021\/09\/front-view-young-attractive-lady-designed-shirt-black-trousers-suffering-from-breath-troubles-white-Medium.jpg 1152w\" sizes=\"(max-width: 800px) 100vw, 800px\" \/>\t\t\t\t\t\t\t\t\t\t\t\t\t\t\t<\/div>\n\t\t\t\t<\/div>\n\t\t\t\t\t<\/div>\n\t\t<\/div>\n\t\t\t\t\t<\/div>\n\t\t<\/section>\n\t\t\t\t<section class=\"elementor-section elementor-top-section elementor-element elementor-element-21ecfe4 elementor-section-boxed elementor-section-height-default elementor-section-height-default\" data-id=\"21ecfe4\" data-element_type=\"section\" data-settings=\"{&quot;background_background&quot;:&quot;classic&quot;}\">\n\t\t\t\t\t\t<div class=\"elementor-container elementor-column-gap-default\">\n\t\t\t\t\t<div class=\"elementor-column elementor-col-100 elementor-top-column elementor-element elementor-element-524919e\" data-id=\"524919e\" data-element_type=\"column\">\n\t\t\t<div class=\"elementor-widget-wrap elementor-element-populated\">\n\t\t\t\t\t\t<div class=\"elementor-element elementor-element-e11d312 elementor-widget elementor-widget-heading\" data-id=\"e11d312\" data-element_type=\"widget\" data-widget_type=\"heading.default\">\n\t\t\t\t<div class=\"elementor-widget-container\">\n\t\t\t\t\t<h2 class=\"elementor-heading-title elementor-size-default\">Saznaj vi\u0161e<\/h2>\t\t\t\t<\/div>\n\t\t\t\t<\/div>\n\t\t\t\t<div class=\"elementor-element elementor-element-9b7d905 elementor-widget elementor-widget-heading\" data-id=\"9b7d905\" data-element_type=\"widget\" data-widget_type=\"heading.default\">\n\t\t\t\t<div class=\"elementor-widget-container\">\n\t\t\t\t\t<h4 class=\"elementor-heading-title elementor-size-default\"><a href=\"https:\/\/govorimoorakupluca.com\/zivjeti-s-rakom-pluca\/kako-se-psihicki-nositi-s-rakom\/\">Kako se psihi\u010dki nositi s rakom<\/a><\/h4>\t\t\t\t<\/div>\n\t\t\t\t<\/div>\n\t\t\t\t<div class=\"elementor-element elementor-element-1adfb8c elementor-widget elementor-widget-heading\" data-id=\"1adfb8c\" data-element_type=\"widget\" data-widget_type=\"heading.default\">\n\t\t\t\t<div class=\"elementor-widget-container\">\n\t\t\t\t\t<h4 class=\"elementor-heading-title elementor-size-default\"><a href=\"https:\/\/govorimoorakupluca.com\/zivjeti-s-rakom-pluca\/kako-se-nositi-s-dijagnozom-karcinoma\/\">Kako se nositi s dijagnozom karcinoma<\/a><\/h4>\t\t\t\t<\/div>\n\t\t\t\t<\/div>\n\t\t\t\t<div class=\"elementor-element elementor-element-2e904b5 elementor-widget elementor-widget-heading\" data-id=\"2e904b5\" data-element_type=\"widget\" data-widget_type=\"heading.default\">\n\t\t\t\t<div class=\"elementor-widget-container\">\n\t\t\t\t\t<h4 class=\"elementor-heading-title elementor-size-default\"><a href=\"https:\/\/govorimoorakupluca.com\/zivjeti-s-rakom-pluca\/fizicke-poteskoce-nosenja-s-rakom-pluca-promjene-u-vasem-tijelu\/\">Fizi\u010dke pote\u0161ko\u0107e no\u0161enja s rakom plu\u0107a \u2013 promjene u va\u0161em tijelu<\/a><\/h4>\t\t\t\t<\/div>\n\t\t\t\t<\/div>\n\t\t\t\t<div class=\"elementor-element elementor-element-ec57cbb elementor-widget elementor-widget-heading\" data-id=\"ec57cbb\" data-element_type=\"widget\" data-widget_type=\"heading.default\">\n\t\t\t\t<div class=\"elementor-widget-container\">\n\t\t\t\t\t<h4 class=\"elementor-heading-title elementor-size-default\"><a href=\"https:\/\/govorimoorakupluca.com\/zivjeti-s-rakom-pluca\/upravljanje-popratnim-pojavama-kemoterapijskog-lijecenja\/\">Upravljanje popratnim pojavama kemoterapijskog lije\u010denja<\/a><\/h4>\t\t\t\t<\/div>\n\t\t\t\t<\/div>\n\t\t\t\t<div class=\"elementor-element elementor-element-f961747 elementor-widget elementor-widget-heading\" data-id=\"f961747\" data-element_type=\"widget\" data-widget_type=\"heading.default\">\n\t\t\t\t<div class=\"elementor-widget-container\">\n\t\t\t\t\t<h4 class=\"elementor-heading-title elementor-size-default\"><a href=\"https:\/\/govorimoorakupluca.com\/zivjeti-s-rakom-pluca\/pravilna-prehrana-za-oboljele-od-raka\/\">Pravilna prehrana za oboljele od raka<\/a><\/h4>\t\t\t\t<\/div>\n\t\t\t\t<\/div>\n\t\t\t\t\t<\/div>\n\t\t<\/div>\n\t\t\t\t\t<\/div>\n\t\t<\/section>\n\t\t\t\t<\/div>\n\t\t","protected":false},"excerpt":{"rendered":"<p>Pomognite sebi Za po\u010detak, bilo bi dobro da se informirate o va\u0161oj bolesti. Osje\u0107aj informiranosti pomo\u0107i \u0107e vam da steknete osje\u0107aj \u00a0bolje kontrole nad bole\u0161\u0107u i znat \u0107ete \u0161to mo\u017eete o\u010dekivati od bolesti. No va\u017eno je informirati se od pravih izvora i pravodobno. Previ\u0161e neprovjerenih informacija iz izvora koje nalazimo na \u201egoogle\u201c-u, mo\u017ee vas uznemiriti [&hellip;]<\/p>\n","protected":false},"author":1,"featured_media":0,"parent":0,"menu_order":0,"comment_status":"closed","ping_status":"closed","template":"","meta":{"footnotes":""},"class_list":["post-1623","page","type-page","status-publish","hentry"],"_links":{"self":[{"href":"https:\/\/2023.govorimoorakupluca.com\/en\/wp-json\/wp\/v2\/pages\/1623","targetHints":{"allow":["GET"]}}],"collection":[{"href":"https:\/\/2023.govorimoorakupluca.com\/en\/wp-json\/wp\/v2\/pages"}],"about":[{"href":"https:\/\/2023.govorimoorakupluca.com\/en\/wp-json\/wp\/v2\/types\/page"}],"author":[{"embeddable":true,"href":"https:\/\/2023.govorimoorakupluca.com\/en\/wp-json\/wp\/v2\/users\/1"}],"replies":[{"embeddable":true,"href":"https:\/\/2023.govorimoorakupluca.com\/en\/wp-json\/wp\/v2\/comments?post=1623"}],"version-history":[{"count":1,"href":"https:\/\/2023.govorimoorakupluca.com\/en\/wp-json\/wp\/v2\/pages\/1623\/revisions"}],"predecessor-version":[{"id":1649,"href":"https:\/\/2023.govorimoorakupluca.com\/en\/wp-json\/wp\/v2\/pages\/1623\/revisions\/1649"}],"wp:attachment":[{"href":"https:\/\/2023.govorimoorakupluca.com\/en\/wp-json\/wp\/v2\/media?parent=1623"}],"curies":[{"name":"wp","href":"https:\/\/api.w.org\/{rel}","templated":true}]}}