{"id":1624,"date":"2021-09-21T12:43:59","date_gmt":"2021-09-21T12:43:59","guid":{"rendered":"https:\/\/govorimoorakupluca.com\/zivjeti-s-rakom-pluca\/fizicke-poteskoce-nosenja-s-rakom-pluca\/"},"modified":"2021-10-29T10:37:56","modified_gmt":"2021-10-29T10:37:56","slug":"fizicke-poteskoce-nosenja-s-rakom-pluca","status":"publish","type":"page","link":"https:\/\/2023.govorimoorakupluca.com\/en\/zivjeti-s-rakom-pluca\/fizicke-poteskoce-nosenja-s-rakom-pluca\/","title":{"rendered":"Physical difficulties in coping with lung cancer"},"content":{"rendered":"\t\t<div data-elementor-type=\"wp-page\" data-elementor-id=\"1624\" data-post-id=\"1624\" data-obj-id=\"1624\" class=\"elementor elementor-1624 dce-elementor-post-1624 elementor-451\">\n\t\t\t\t\t\t<section class=\"elementor-section elementor-top-section elementor-element elementor-element-504411e elementor-section-boxed elementor-section-height-default elementor-section-height-default\" data-id=\"504411e\" data-element_type=\"section\">\n\t\t\t\t\t\t<div class=\"elementor-container elementor-column-gap-default\">\n\t\t\t\t\t<div class=\"elementor-column elementor-col-100 elementor-top-column elementor-element elementor-element-7886847\" data-id=\"7886847\" data-element_type=\"column\">\n\t\t\t<div class=\"elementor-widget-wrap elementor-element-populated\">\n\t\t\t\t\t\t<div class=\"elementor-element elementor-element-4ea8f8c elementor-widget elementor-widget-text-editor\" data-id=\"4ea8f8c\" data-element_type=\"widget\" data-widget_type=\"text-editor.default\">\n\t\t\t\t<div class=\"elementor-widget-container\">\n\t\t\t\t\t\t\t\t\t<h4>Rak plu\u0107a i njegovo tretiranje \u0107e prouzro\u010diti promjene u va\u0161em tijelu. Problemi se uglavnom odnose na respiratorni sustav, ali uznapreduje li rak, problemi se mogu javiti u razli\u010ditim organskim sustavima. Ovo su neke od potencijalnih pote\u0161ko\u0107a:<\/h4>\t\t\t\t\t\t\t\t<\/div>\n\t\t\t\t<\/div>\n\t\t\t\t\t<\/div>\n\t\t<\/div>\n\t\t\t\t\t<\/div>\n\t\t<\/section>\n\t\t\t\t<section class=\"elementor-section elementor-top-section elementor-element elementor-element-c65c66d elementor-section-boxed elementor-section-height-default elementor-section-height-default\" data-id=\"c65c66d\" data-element_type=\"section\" data-settings=\"{&quot;background_background&quot;:&quot;classic&quot;}\">\n\t\t\t\t\t\t<div class=\"elementor-container elementor-column-gap-default\">\n\t\t\t\t\t<div class=\"elementor-column elementor-col-100 elementor-top-column elementor-element elementor-element-f979aa4\" data-id=\"f979aa4\" data-element_type=\"column\">\n\t\t\t<div class=\"elementor-widget-wrap elementor-element-populated\">\n\t\t\t\t\t\t<div class=\"elementor-element elementor-element-56b8543 elementor-widget elementor-widget-heading\" data-id=\"56b8543\" data-element_type=\"widget\" data-widget_type=\"heading.default\">\n\t\t\t\t<div class=\"elementor-widget-container\">\n\t\t\t\t\t<h4 class=\"elementor-heading-title elementor-size-default\"><a href=\"https:\/\/govorimoorakupluca.com\/zivjeti-s-rakom-pluca\/fizicke-poteskoce-nosenja-s-rakom-pluca\/dispeneja\/\">Dispeneja<\/a><\/h4>\t\t\t\t<\/div>\n\t\t\t\t<\/div>\n\t\t\t\t<div class=\"elementor-element elementor-element-7db08d3 elementor-widget elementor-widget-heading\" data-id=\"7db08d3\" data-element_type=\"widget\" data-widget_type=\"heading.default\">\n\t\t\t\t<div class=\"elementor-widget-container\">\n\t\t\t\t\t<h4 class=\"elementor-heading-title elementor-size-default\"><a href=\"https:\/\/govorimoorakupluca.com\/zivjeti-s-rakom-pluca\/fizicke-poteskoce-nosenja-s-rakom-pluca\/hemoptiza\/\">Hemoptiza<\/a><\/h4>\t\t\t\t<\/div>\n\t\t\t\t<\/div>\n\t\t\t\t<div class=\"elementor-element elementor-element-b66ac93 elementor-widget elementor-widget-heading\" data-id=\"b66ac93\" data-element_type=\"widget\" data-widget_type=\"heading.default\">\n\t\t\t\t<div class=\"elementor-widget-container\">\n\t\t\t\t\t<h4 class=\"elementor-heading-title elementor-size-default\"><a href=\"https:\/\/govorimoorakupluca.com\/zivjeti-s-rakom-pluca\/fizicke-poteskoce-nosenja-s-rakom-pluca\/magilna-bol\/\">Magilna bol<\/a><\/h4>\t\t\t\t<\/div>\n\t\t\t\t<\/div>\n\t\t\t\t<div class=\"elementor-element elementor-element-4ea48f0 elementor-widget elementor-widget-heading\" data-id=\"4ea48f0\" data-element_type=\"widget\" data-widget_type=\"heading.default\">\n\t\t\t\t<div class=\"elementor-widget-container\">\n\t\t\t\t\t<h4 class=\"elementor-heading-title elementor-size-default\"><a href=\"https:\/\/govorimoorakupluca.com\/zivjeti-s-rakom-pluca\/fizicke-poteskoce-nosenja-s-rakom-pluca\/nakupljanje-vode-u-plucima\/\">Nakupljanje vode u plu\u0107ima<\/a><\/h4>\t\t\t\t<\/div>\n\t\t\t\t<\/div>\n\t\t\t\t<div class=\"elementor-element elementor-element-a98961b elementor-widget elementor-widget-heading\" data-id=\"a98961b\" data-element_type=\"widget\" data-widget_type=\"heading.default\">\n\t\t\t\t<div class=\"elementor-widget-container\">\n\t\t\t\t\t<h4 class=\"elementor-heading-title elementor-size-default\"><a href=\"https:\/\/govorimoorakupluca.com\/zivjeti-s-rakom-pluca\/fizicke-poteskoce-nosenja-s-rakom-pluca\/umor\/\">Umor<\/a><\/h4>\t\t\t\t<\/div>\n\t\t\t\t<\/div>\n\t\t\t\t<div class=\"elementor-element elementor-element-0c3251e elementor-widget elementor-widget-heading\" data-id=\"0c3251e\" data-element_type=\"widget\" data-widget_type=\"heading.default\">\n\t\t\t\t<div class=\"elementor-widget-container\">\n\t\t\t\t\t<h4 class=\"elementor-heading-title elementor-size-default\"><a href=\"https:\/\/govorimoorakupluca.com\/zivjeti-s-rakom-pluca\/fizicke-poteskoce-nosenja-s-rakom-pluca\/metastatski-rak\/\">Metastatski rak<\/a><\/h4>\t\t\t\t<\/div>\n\t\t\t\t<\/div>\n\t\t\t\t<div class=\"elementor-element elementor-element-6e27c03 elementor-widget elementor-widget-heading\" data-id=\"6e27c03\" data-element_type=\"widget\" data-widget_type=\"heading.default\">\n\t\t\t\t<div class=\"elementor-widget-container\">\n\t\t\t\t\t<h4 class=\"elementor-heading-title elementor-size-default\"><a href=\"https:\/\/govorimoorakupluca.com\/zivjeti-s-rakom-pluca\/fizicke-poteskoce-nosenja-s-rakom-pluca\/rak-pluca-i-oksigenoterapija\/\">Rak plu\u0107a i oksigenoterapija<\/a><\/h4>\t\t\t\t<\/div>\n\t\t\t\t<\/div>\n\t\t\t\t\t<\/div>\n\t\t<\/div>\n\t\t\t\t\t<\/div>\n\t\t<\/section>\n\t\t\t\t<\/div>\n\t\t","protected":false},"excerpt":{"rendered":"<p>Rak plu\u0107a i njegovo tretiranje \u0107e prouzro\u010diti promjene u va\u0161em tijelu. Problemi se uglavnom odnose na respiratorni sustav, ali uznapreduje li rak, problemi se mogu javiti u razli\u010ditim organskim sustavima. Ovo su neke od potencijalnih pote\u0161ko\u0107a: Dispeneja Hemoptiza Magilna bol Nakupljanje vode u plu\u0107ima Umor Metastatski rak Rak plu\u0107a i oksigenoterapija<\/p>\n","protected":false},"author":1,"featured_media":0,"parent":1623,"menu_order":0,"comment_status":"closed","ping_status":"closed","template":"","meta":{"footnotes":""},"class_list":["post-1624","page","type-page","status-publish","hentry"],"_links":{"self":[{"href":"https:\/\/2023.govorimoorakupluca.com\/en\/wp-json\/wp\/v2\/pages\/1624","targetHints":{"allow":["GET"]}}],"collection":[{"href":"https:\/\/2023.govorimoorakupluca.com\/en\/wp-json\/wp\/v2\/pages"}],"about":[{"href":"https:\/\/2023.govorimoorakupluca.com\/en\/wp-json\/wp\/v2\/types\/page"}],"author":[{"embeddable":true,"href":"https:\/\/2023.govorimoorakupluca.com\/en\/wp-json\/wp\/v2\/users\/1"}],"replies":[{"embeddable":true,"href":"https:\/\/2023.govorimoorakupluca.com\/en\/wp-json\/wp\/v2\/comments?post=1624"}],"version-history":[{"count":1,"href":"https:\/\/2023.govorimoorakupluca.com\/en\/wp-json\/wp\/v2\/pages\/1624\/revisions"}],"predecessor-version":[{"id":1661,"href":"https:\/\/2023.govorimoorakupluca.com\/en\/wp-json\/wp\/v2\/pages\/1624\/revisions\/1661"}],"up":[{"embeddable":true,"href":"https:\/\/2023.govorimoorakupluca.com\/en\/wp-json\/wp\/v2\/pages\/1623"}],"wp:attachment":[{"href":"https:\/\/2023.govorimoorakupluca.com\/en\/wp-json\/wp\/v2\/media?parent=1624"}],"curies":[{"name":"wp","href":"https:\/\/api.w.org\/{rel}","templated":true}]}}