{"id":1626,"date":"2021-09-21T13:29:25","date_gmt":"2021-09-21T13:29:25","guid":{"rendered":"https:\/\/govorimoorakupluca.com\/zivjeti-s-rakom-pluca\/fizicke-poteskoce-nosenja-s-rakom-pluca\/hemoptiza\/"},"modified":"2021-10-29T10:37:01","modified_gmt":"2021-10-29T10:37:01","slug":"hemoptiza","status":"publish","type":"page","link":"https:\/\/2023.govorimoorakupluca.com\/en\/zivjeti-s-rakom-pluca\/fizicke-poteskoce-nosenja-s-rakom-pluca\/hemoptiza\/","title":{"rendered":"Hemoptysis"},"content":{"rendered":"\t\t<div data-elementor-type=\"wp-page\" data-elementor-id=\"1626\" data-post-id=\"1626\" data-obj-id=\"1626\" class=\"elementor elementor-1626 dce-elementor-post-1626 elementor-498\">\n\t\t\t\t\t\t<section class=\"elementor-section elementor-top-section elementor-element elementor-element-77e4938 elementor-section-boxed elementor-section-height-default elementor-section-height-default\" data-id=\"77e4938\" data-element_type=\"section\">\n\t\t\t\t\t\t<div class=\"elementor-container elementor-column-gap-default\">\n\t\t\t\t\t<div class=\"elementor-column elementor-col-50 elementor-top-column elementor-element elementor-element-1badc3a\" data-id=\"1badc3a\" data-element_type=\"column\">\n\t\t\t<div class=\"elementor-widget-wrap elementor-element-populated\">\n\t\t\t\t\t\t<div class=\"elementor-element elementor-element-5affd26 elementor-widget elementor-widget-text-editor\" data-id=\"5affd26\" data-element_type=\"widget\" data-widget_type=\"text-editor.default\">\n\t\t\t\t<div class=\"elementor-widget-container\">\n\t\t\t\t\t\t\t\t\t<p><strong>Krv u ispljuvku (<\/strong><strong>hemoptiza)<\/strong><\/p><p>Iska\u0161ljavanje krvi iz plu\u0107a naziva se hemoptiza i jedan je od naj\u010de\u0161\u0107ih simptoma raka plu\u0107a.\u00a0 Iska\u0161ljavanje krvi se ne odnosi ukoliko je prisutno krvarenje u ustima, grlu ili u probavnom sustavu. Krv koja se iska\u0161lja karakterizirana je ispljuvkom s puno mjehuri\u0107a (mje\u0161avina zraka i sekreta) te je naj\u010de\u0161\u0107e svjetlocrvene boje.\u00a0 Rak plu\u0107a mo\u017ee izazvati krvarenje u di\u0161nom sustavu koje dovodi do krvavog ispljuvka. Takva o\u0161te\u0107enja mogu biti vrlo ozbiljna te postoje tretmani kojima se mo\u017ee kontrolirati krvarenje.<\/p><p>\u00a0<\/p><p>Prema Ameri\u010dkom udru\u017eenju za rak (eng. American Cancer Society) iska\u0161ljavanje krvi nije isklju\u010divo povezan s odre\u0111enim stadijem raka plu\u0107a, ali ve\u0107ina simptoma raka plu\u0107a nastaju kada bolest napreduje. Va\u017eno je naglasiti da iska\u0161ljavanje krvi nije indikator pre\u017eivljenja kod oboljelih od raka plu\u0107a.<\/p>\t\t\t\t\t\t\t\t<\/div>\n\t\t\t\t<\/div>\n\t\t\t\t\t<\/div>\n\t\t<\/div>\n\t\t\t\t<div class=\"elementor-column elementor-col-50 elementor-top-column elementor-element elementor-element-81e7b58\" data-id=\"81e7b58\" data-element_type=\"column\">\n\t\t\t<div class=\"elementor-widget-wrap elementor-element-populated\">\n\t\t\t\t\t\t<div class=\"elementor-element elementor-element-e50a1c7 elementor-widget elementor-widget-image\" data-id=\"e50a1c7\" data-element_type=\"widget\" data-widget_type=\"image.default\">\n\t\t\t\t<div class=\"elementor-widget-container\">\n\t\t\t\t\t\t\t\t\t\t\t\t\t\t\t<img fetchpriority=\"high\" decoding=\"async\" width=\"732\" height=\"1024\" src=\"https:\/\/2023.govorimoorakupluca.com\/wp-content\/uploads\/2021\/09\/front-view-older-woman-coughing-while-home-Medium-732x1024.jpg\" class=\"attachment-large size-large wp-image-1514\" alt=\"\" srcset=\"https:\/\/2023.govorimoorakupluca.com\/wp-content\/uploads\/2021\/09\/front-view-older-woman-coughing-while-home-Medium-732x1024.jpg 732w, https:\/\/2023.govorimoorakupluca.com\/wp-content\/uploads\/2021\/09\/front-view-older-woman-coughing-while-home-Medium-214x300.jpg 214w, https:\/\/2023.govorimoorakupluca.com\/wp-content\/uploads\/2021\/09\/front-view-older-woman-coughing-while-home-Medium.jpg 768w\" sizes=\"(max-width: 732px) 100vw, 732px\" \/>\t\t\t\t\t\t\t\t\t\t\t\t\t\t\t<\/div>\n\t\t\t\t<\/div>\n\t\t\t\t\t<\/div>\n\t\t<\/div>\n\t\t\t\t\t<\/div>\n\t\t<\/section>\n\t\t\t\t<section class=\"elementor-section elementor-top-section elementor-element elementor-element-4449a64 elementor-section-boxed elementor-section-height-default elementor-section-height-default\" data-id=\"4449a64\" data-element_type=\"section\">\n\t\t\t\t\t\t<div class=\"elementor-container elementor-column-gap-default\">\n\t\t\t\t\t<div class=\"elementor-column elementor-col-100 elementor-top-column elementor-element elementor-element-4e6b67b\" data-id=\"4e6b67b\" data-element_type=\"column\">\n\t\t\t<div class=\"elementor-widget-wrap elementor-element-populated\">\n\t\t\t\t\t\t<div class=\"elementor-element elementor-element-19bd0d0 elementor-widget elementor-widget-text-editor\" data-id=\"19bd0d0\" data-element_type=\"widget\" data-widget_type=\"text-editor.default\">\n\t\t\t\t<div class=\"elementor-widget-container\">\n\t\t\t\t\t\t\t\t\t<p><strong>\u00a0<\/strong><strong>Osim raka plu\u0107a postoje i druga stanja koja mogu dovesti do iska\u0161ljavanje krvi iz plu\u0107a <\/strong><\/p><ul><li>Kroni\u010dna opstruktivna plu\u0107na bolest \u2013 KOPB ili bronhiektazije<\/li><li>Cisti\u010dna fibroza<\/li><li>Rak jednjaka<\/li><li>Apsces u plu\u0107ima<\/li><li>Stenoza sr\u010danog zaliska<\/li><li>Parazitska infekcija<\/li><li>Upala plu\u0107a<\/li><li>Plu\u0107na embolija<\/li><li>Tuberkuloza<\/li><li>Edem plu\u0107a<\/li><\/ul><p>Iako sva navedena stanja mogu dovesti do iska\u0161ljavanja krvi iz plu\u0107a, va\u0161 lije\u010dnik morat \u0107e napraviti dijagnosti\u010dku obradu da bi se otkrio uzrok i po\u010delo adekvatno lije\u010denje.<\/p>\t\t\t\t\t\t\t\t<\/div>\n\t\t\t\t<\/div>\n\t\t\t\t\t<\/div>\n\t\t<\/div>\n\t\t\t\t\t<\/div>\n\t\t<\/section>\n\t\t\t\t<section class=\"elementor-section elementor-top-section elementor-element elementor-element-f2bb2f6 elementor-section-boxed elementor-section-height-default elementor-section-height-default\" data-id=\"f2bb2f6\" data-element_type=\"section\">\n\t\t\t\t\t\t<div class=\"elementor-container elementor-column-gap-default\">\n\t\t\t\t\t<div class=\"elementor-column elementor-col-100 elementor-top-column elementor-element elementor-element-eae18c2\" data-id=\"eae18c2\" data-element_type=\"column\">\n\t\t\t<div class=\"elementor-widget-wrap elementor-element-populated\">\n\t\t\t\t\t\t<div class=\"elementor-element elementor-element-c1b19b2 elementor-widget elementor-widget-image\" data-id=\"c1b19b2\" data-element_type=\"widget\" data-widget_type=\"image.default\">\n\t\t\t\t<div class=\"elementor-widget-container\">\n\t\t\t\t\t\t\t\t\t\t\t\t\t\t\t<img decoding=\"async\" width=\"800\" height=\"534\" src=\"https:\/\/2023.govorimoorakupluca.com\/wp-content\/uploads\/2021\/09\/sick-aged-woman-calling-her-doctor-healthcare-old-people-concept-Medium-1024x683.jpg\" class=\"attachment-large size-large wp-image-1515\" alt=\"\" srcset=\"https:\/\/2023.govorimoorakupluca.com\/wp-content\/uploads\/2021\/09\/sick-aged-woman-calling-her-doctor-healthcare-old-people-concept-Medium-1024x683.jpg 1024w, https:\/\/2023.govorimoorakupluca.com\/wp-content\/uploads\/2021\/09\/sick-aged-woman-calling-her-doctor-healthcare-old-people-concept-Medium-300x200.jpg 300w, https:\/\/2023.govorimoorakupluca.com\/wp-content\/uploads\/2021\/09\/sick-aged-woman-calling-her-doctor-healthcare-old-people-concept-Medium-768x512.jpg 768w, https:\/\/2023.govorimoorakupluca.com\/wp-content\/uploads\/2021\/09\/sick-aged-woman-calling-her-doctor-healthcare-old-people-concept-Medium.jpg 1152w\" sizes=\"(max-width: 800px) 100vw, 800px\" \/>\t\t\t\t\t\t\t\t\t\t\t\t\t\t\t<\/div>\n\t\t\t\t<\/div>\n\t\t\t\t<div class=\"elementor-element elementor-element-01bbbe3 elementor-widget elementor-widget-text-editor\" data-id=\"01bbbe3\" data-element_type=\"widget\" data-widget_type=\"text-editor.default\">\n\t\t\t\t<div class=\"elementor-widget-container\">\n\t\t\t\t\t\t\t\t\t<p><strong>Kad se javiti nadle\u017enom lije\u010dniku op\u0107e prakse ili u hitnu slu\u017ebu <\/strong><\/p><p>Naglo i neo\u010dekivano iska\u0161ljavanje krvi iz plu\u0107a je uvijek razlog da se javite svom nadle\u017enom lije\u010dniku op\u0107e prakse ili u hitnu slu\u017ebu. Ako je va\u0161 ka\u0161alj pra\u0107en vrtoglavicom ili jakim nedostatkom zraka ili iska\u0161ljavate velike koli\u010dine krvi (vi\u0161e od nekoliko \u010dajnih \u017eli\u010dica) ODMAH potra\u017eite pomo\u0107 u obli\u017enjoj hitnoj slu\u017ebi.<\/p><p><strong>\u00a0<\/strong>Lijekovi koji se mogu primijeniti u ovakvim situacijama su antitusici, lijekovi koji sprje\u010davaju \u00a0ka\u0161alj. Neki od ovih lijekova mogu dovesti do opstrukcije di\u0161nih putova iz tog razloga potreban je oprez i primijenite lijekove samo koji su preporu\u010deni od strane va\u0161eg nadle\u017enog lije\u010dnika op\u0107e prakse ili specijaliste. \u00a0<\/p><p>Redovni kontrolni pregledi su od izuzetne va\u017enosti za va\u0161e lije\u010denje i sigurnost. Preporuka je da se pridr\u017eavate preporuke specijaliste, redovno odlazite na kontrolne preglede te ukoliko se pojave bilo kakvi problemi da pravovremeno obavijestite svog nadle\u017enog lije\u010dnika op\u0107e prakse ili specijalistu.<\/p>\t\t\t\t\t\t\t\t<\/div>\n\t\t\t\t<\/div>\n\t\t\t\t\t<\/div>\n\t\t<\/div>\n\t\t\t\t\t<\/div>\n\t\t<\/section>\n\t\t\t\t<section class=\"elementor-section elementor-top-section elementor-element elementor-element-37a5efb elementor-section-boxed elementor-section-height-default elementor-section-height-default\" data-id=\"37a5efb\" data-element_type=\"section\">\n\t\t\t\t\t\t<div class=\"elementor-container elementor-column-gap-default\">\n\t\t\t\t\t<div class=\"elementor-column elementor-col-100 elementor-top-column elementor-element elementor-element-26c66c2\" data-id=\"26c66c2\" data-element_type=\"column\">\n\t\t\t<div class=\"elementor-widget-wrap elementor-element-populated\">\n\t\t\t\t\t\t<div class=\"elementor-element elementor-element-15e9800 elementor-widget elementor-widget-text-editor\" data-id=\"15e9800\" data-element_type=\"widget\" data-widget_type=\"text-editor.default\">\n\t\t\t\t<div class=\"elementor-widget-container\">\n\t\t\t\t\t\t\t\t\t<p><strong>\u0160to je va\u017eno kada iska\u0161ljava<\/strong><strong>te krv:<\/strong><\/p><ul><li>Izuzetno je va\u017eno zabilje\u017eiti koliko vremenski dugo iska\u0161ljavate krv, omjer krv i sekreta iz plu\u0107a, boju iska\u0161ljaja: da li je svijetlo crvena ili tamno crvena, prisutnost krvi u sekretu da li je sama krv ili je prozirni sekret koji je pro\u0161arano nitima krvi, viskoznost iska\u0161ljaja te miris.<\/li><li>Obratite pa\u017enju na simptome kao \u0161to su vrtoglavica, omaglica, \u017ee\u0111anje koji mogu ukazati na veliki gubitak krvi. Drugi simptomi mogu biti vru\u0107ica, bol u prsima, nedostatak zraka, krv u urinu.<\/li><li>Ukoliko vam lije\u010dnik prepi\u0161e antibiotik, uzimajte antibiotike kako je prepisano. NE prekidajte primjenu antibiotika kada osjetite pobolj\u0161anje, izuzetno je va\u017eno da cijelu kuru antibiotika primijenite kako vam je preporu\u010deno.<\/li><li>NE uzimajte lijekove za suzbijanje ka\u0161lja bez konzultiranja s nadle\u017enim lije\u010dnikom.<\/li><li>Izbjegavajte pu\u0161enje, izlo\u017eenost pra\u0161ini, dimu ili nadra\u017euju\u0107im parama. Pu\u0161enje mo\u017ee iritirati di\u0161ne putove i pogor\u0161ati ka\u0161alj.<\/li><li>Ukoliko imate iznenadnu bol u prsima i nedostatak zraka ODMAH nazovite hitnu slu\u017ebu<\/li><\/ul>\t\t\t\t\t\t\t\t<\/div>\n\t\t\t\t<\/div>\n\t\t\t\t\t<\/div>\n\t\t<\/div>\n\t\t\t\t\t<\/div>\n\t\t<\/section>\n\t\t\t\t<\/div>\n\t\t","protected":false},"excerpt":{"rendered":"<p>Krv u ispljuvku (hemoptiza) Iska\u0161ljavanje krvi iz plu\u0107a naziva se hemoptiza i jedan je od naj\u010de\u0161\u0107ih simptoma raka plu\u0107a.\u00a0 Iska\u0161ljavanje krvi se ne odnosi ukoliko je prisutno krvarenje u ustima, grlu ili u probavnom sustavu. Krv koja se iska\u0161lja karakterizirana je ispljuvkom s puno mjehuri\u0107a (mje\u0161avina zraka i sekreta) te je naj\u010de\u0161\u0107e svjetlocrvene boje.\u00a0 Rak [&hellip;]<\/p>\n","protected":false},"author":1,"featured_media":0,"parent":1624,"menu_order":0,"comment_status":"closed","ping_status":"closed","template":"","meta":{"footnotes":""},"class_list":["post-1626","page","type-page","status-publish","hentry"],"_links":{"self":[{"href":"https:\/\/2023.govorimoorakupluca.com\/en\/wp-json\/wp\/v2\/pages\/1626","targetHints":{"allow":["GET"]}}],"collection":[{"href":"https:\/\/2023.govorimoorakupluca.com\/en\/wp-json\/wp\/v2\/pages"}],"about":[{"href":"https:\/\/2023.govorimoorakupluca.com\/en\/wp-json\/wp\/v2\/types\/page"}],"author":[{"embeddable":true,"href":"https:\/\/2023.govorimoorakupluca.com\/en\/wp-json\/wp\/v2\/users\/1"}],"replies":[{"embeddable":true,"href":"https:\/\/2023.govorimoorakupluca.com\/en\/wp-json\/wp\/v2\/comments?post=1626"}],"version-history":[{"count":1,"href":"https:\/\/2023.govorimoorakupluca.com\/en\/wp-json\/wp\/v2\/pages\/1626\/revisions"}],"predecessor-version":[{"id":1654,"href":"https:\/\/2023.govorimoorakupluca.com\/en\/wp-json\/wp\/v2\/pages\/1626\/revisions\/1654"}],"up":[{"embeddable":true,"href":"https:\/\/2023.govorimoorakupluca.com\/en\/wp-json\/wp\/v2\/pages\/1624"}],"wp:attachment":[{"href":"https:\/\/2023.govorimoorakupluca.com\/en\/wp-json\/wp\/v2\/media?parent=1626"}],"curies":[{"name":"wp","href":"https:\/\/api.w.org\/{rel}","templated":true}]}}