{"id":1627,"date":"2021-09-21T13:29:34","date_gmt":"2021-09-21T13:29:34","guid":{"rendered":"https:\/\/govorimoorakupluca.com\/zivjeti-s-rakom-pluca\/fizicke-poteskoce-nosenja-s-rakom-pluca\/maligna-bol\/"},"modified":"2021-10-29T10:37:09","modified_gmt":"2021-10-29T10:37:09","slug":"maligna-bol","status":"publish","type":"page","link":"https:\/\/2023.govorimoorakupluca.com\/en\/zivjeti-s-rakom-pluca\/fizicke-poteskoce-nosenja-s-rakom-pluca\/maligna-bol\/","title":{"rendered":"Malignant pain"},"content":{"rendered":"\t\t<div data-elementor-type=\"wp-page\" data-elementor-id=\"1627\" data-post-id=\"1627\" data-obj-id=\"1627\" class=\"elementor elementor-1627 dce-elementor-post-1627 elementor-500\">\n\t\t\t\t\t\t<section class=\"elementor-section elementor-top-section elementor-element elementor-element-0a4f20e elementor-section-boxed elementor-section-height-default elementor-section-height-default\" data-id=\"0a4f20e\" data-element_type=\"section\">\n\t\t\t\t\t\t<div class=\"elementor-container elementor-column-gap-default\">\n\t\t\t\t\t<div class=\"elementor-column elementor-col-50 elementor-top-column elementor-element elementor-element-22bbcf3\" data-id=\"22bbcf3\" data-element_type=\"column\">\n\t\t\t<div class=\"elementor-widget-wrap elementor-element-populated\">\n\t\t\t\t\t\t<div class=\"elementor-element elementor-element-2245e01 elementor-widget elementor-widget-text-editor\" data-id=\"2245e01\" data-element_type=\"widget\" data-widget_type=\"text-editor.default\">\n\t\t\t\t<div class=\"elementor-widget-container\">\n\t\t\t\t\t\t\t\t\t<p><strong>Maligna bol <\/strong><\/p><p>Uznapredovali rak mo\u017ee zahvatiti i ostala podru\u010dja oko plu\u0107a, npr. kosti, \u0161to mo\u017ee prouzro\u010diti bol. Ako osjetite bol, obratite se svojem lije\u010dniku jer postoje tretmani kojima se ubla\u017eava bol.<\/p><p><strong>Kako ubla\u017eiti bol <\/strong><\/p><p>Bol naj\u010de\u0161\u0107e postaje neizbje\u017eni dio raka plu\u0107a, ali postoje mnoge strategije koju mogu pomo\u0107i u olak\u0161anju nelagode. Kod upravljanja boli je izuzetno va\u017eno da bol bude dio lije\u010denja bez obzira je li\u00a0 bol prisutna zbog raka plu\u0107a ili kao popratna pojava onkolo\u0161kog lije\u010denja. U dana\u0161nje vrijeme postoje mnoge opcije za upravljanje malignom boli od lijekova do alternativnih postupaka.<\/p><p>\u00a0<\/p>\t\t\t\t\t\t\t\t<\/div>\n\t\t\t\t<\/div>\n\t\t\t\t\t<\/div>\n\t\t<\/div>\n\t\t\t\t<div class=\"elementor-column elementor-col-50 elementor-top-column elementor-element elementor-element-962df72\" data-id=\"962df72\" data-element_type=\"column\">\n\t\t\t<div class=\"elementor-widget-wrap elementor-element-populated\">\n\t\t\t\t\t\t<div class=\"elementor-element elementor-element-9a17fa5 elementor-widget elementor-widget-image\" data-id=\"9a17fa5\" data-element_type=\"widget\" data-widget_type=\"image.default\">\n\t\t\t\t<div class=\"elementor-widget-container\">\n\t\t\t\t\t\t\t\t\t\t\t\t\t\t\t<img fetchpriority=\"high\" decoding=\"async\" width=\"800\" height=\"534\" src=\"https:\/\/2023.govorimoorakupluca.com\/wp-content\/uploads\/2021\/09\/closeup-young-woman-touching-chest-outdoors-Medium-1024x683.jpg\" class=\"attachment-large size-large wp-image-1516\" alt=\"\" srcset=\"https:\/\/2023.govorimoorakupluca.com\/wp-content\/uploads\/2021\/09\/closeup-young-woman-touching-chest-outdoors-Medium-1024x683.jpg 1024w, https:\/\/2023.govorimoorakupluca.com\/wp-content\/uploads\/2021\/09\/closeup-young-woman-touching-chest-outdoors-Medium-300x200.jpg 300w, https:\/\/2023.govorimoorakupluca.com\/wp-content\/uploads\/2021\/09\/closeup-young-woman-touching-chest-outdoors-Medium-768x512.jpg 768w, https:\/\/2023.govorimoorakupluca.com\/wp-content\/uploads\/2021\/09\/closeup-young-woman-touching-chest-outdoors-Medium.jpg 1152w\" sizes=\"(max-width: 800px) 100vw, 800px\" \/>\t\t\t\t\t\t\t\t\t\t\t\t\t\t\t<\/div>\n\t\t\t\t<\/div>\n\t\t\t\t\t<\/div>\n\t\t<\/div>\n\t\t\t\t\t<\/div>\n\t\t<\/section>\n\t\t\t\t<section class=\"elementor-section elementor-top-section elementor-element elementor-element-d5fc49b elementor-section-boxed elementor-section-height-default elementor-section-height-default\" data-id=\"d5fc49b\" data-element_type=\"section\">\n\t\t\t\t\t\t<div class=\"elementor-container elementor-column-gap-default\">\n\t\t\t\t\t<div class=\"elementor-column elementor-col-100 elementor-top-column elementor-element elementor-element-fd8c636\" data-id=\"fd8c636\" data-element_type=\"column\">\n\t\t\t<div class=\"elementor-widget-wrap elementor-element-populated\">\n\t\t\t\t\t\t<div class=\"elementor-element elementor-element-a8eeb30 elementor-widget elementor-widget-text-editor\" data-id=\"a8eeb30\" data-element_type=\"widget\" data-widget_type=\"text-editor.default\">\n\t\t\t\t<div class=\"elementor-widget-container\">\n\t\t\t\t\t\t\t\t\t<p><strong>Bol ima veliki utjecaj na kvalitetu \u017eivota, savjetujemo da obavijestite svog nadle\u017enog lije\u010dnika op\u0107e prakse ili specijalistu ukoliko imate prisutnost boli povezanu s rakom plu\u0107a. Bol kod onkolo\u0161ki bolesti mo\u017ee biti povezana sa:<\/strong><\/p><ul><li>Bol koja je povezan sa tumorskim sijelom, razlog mo\u017ee biti ukoliko tumorsko tkivo u prsi\u0161tu priti\u0161\u0107e zavr\u0161etke \u017eivaca va\u0161e kraja\u0161enice, \u0161to mo\u017ee rezultirati pojavom boli u prsi\u0161tu ili u le\u0111ima.<\/li><li>Bol uzrokovana tumorskim sijelom koje je metastaziralo, pro\u0161irilo se na druga mjesta u tijelu. Ako se rak\u00a0 pro\u0161irio na kosti, najvjerojatnije osje\u0107at \u0107e te bol u kostima. Rak koji se pro\u0161irio na jetru u tom slu\u010daju bol \u0107e se manifestirati u trbuhu, ukoliko se rak pro\u0161irio na mozak mo\u017ee uzrokovati glavobolje.<\/li><li>Bol koja nastaje kao popratna pojava onkolo\u0161kog lije\u010denja. Bol se naj\u010de\u0161\u0107e javlja nakon operativnih zahvata te mo\u017ee trajati od nekoliko dana do tjedana. Bol se mo\u017ee javiti i nakon primjene kemoterapije, neke kemoterapije mogu uzrokovati o\u0161te\u0107enja perifernih \u017eivaca ruku i nogu a manifestira se bolom, osje\u0107ajem \u017earenja ili trnjenja.<\/li><li>Bol kao paraneoplasti\u010dni sindromom. Ovaj rijetki sindrom je uzrokovan imunolo\u0161kim odgovorom tijela na tumorske tvorbe. U ovom imunolo\u0161kom odgovoru tijela \u010desto se dogodi da imunolo\u0161ki sustav ne napada samo tumorske stanice ve\u0107 i zdrave stanice i tkivo te posljedi\u010dno tome mo\u017ee dovesti i do pojave boli.<\/li><\/ul>\t\t\t\t\t\t\t\t<\/div>\n\t\t\t\t<\/div>\n\t\t\t\t<div class=\"elementor-element elementor-element-b1a8d73 elementor-widget elementor-widget-text-editor\" data-id=\"b1a8d73\" data-element_type=\"widget\" data-widget_type=\"text-editor.default\">\n\t\t\t\t<div class=\"elementor-widget-container\">\n\t\t\t\t\t\t\t\t\t<p><strong>Strategije koje mo\u017eete primijeniti za bolju kontrolu boli<\/strong><\/p><ul><li>Odmor: od izuzetne je va\u017enosti izdvojiti vrijeme za odmor. Umor mo\u017ee pove\u0107ati va\u0161u percepciju boli i smanjiti toleranciju na bol. Osigurajte si vrijeme za odmor<\/li><li>Prikladna obu\u0107a i odje\u0107a: u udobnoj odje\u0107i i obu\u0107i smanjit \u0107e te ne\u017eeljene senzacije uzrokovane neuropatijom (poratna pojava kemoterapije)<\/li><li>Razmje\u0161taj namje\u0161taja u va\u0161em domu: obratite pozornost na razmje\u0161taj namje\u0161taja u va\u0161em domu, oboljeli od raka \u010desto se ozljede zbog namje\u0161taj u svom vlastitom domu. Obratite pa\u017enju na svoj naslonja\u010d ili krevet , osigurajte si najve\u0107u razinu ugode<\/li><li>Primjena hladnih obloga: ako imate bol uslijed edema (nakupljanja teku\u0107ine), primjena hladnih obloga mo\u017ee smanjiti otekline.<\/li><\/ul>\t\t\t\t\t\t\t\t<\/div>\n\t\t\t\t<\/div>\n\t\t\t\t<div class=\"elementor-element elementor-element-f9acabb elementor-widget elementor-widget-text-editor\" data-id=\"f9acabb\" data-element_type=\"widget\" data-widget_type=\"text-editor.default\">\n\t\t\t\t<div class=\"elementor-widget-container\">\n\t\t\t\t\t\t\t\t\t<p><strong>Upravljanje boli<\/strong><\/p><p>Kako \u0107e se bol lije\u010diti ovisi o intenzitetu boli i uzroku. Strategije za dobru kontrolu boli mogu uklju\u010divati:<\/p><ul><li>Lijekove: bol uzrokovan tumorskim sijelo ponekad se mogu dobro kontrolirati uz primjenu lijekova kao \u0161to su paracetamol ili ibuprofen. U slu\u010dajevima jake boli koje se ne mogu dobro kontrolirati uz prija\u0161nje naveden lijekove tad se mo\u017ee razmotriti primjena kodeina ili morfija. Za odre\u0111ene varijacije boli mogu se i propisati lijekovi kao \u0161to su antidepresivi, anksiolitici ili antiepileptici.<\/li><li>Radioterapiju: bol koja je uzrokovan rakom ili rakom koji se pro\u0161irio na druge dijelove tijela, radioterapija mo\u017ee se koristiti palijativno s ciljem smanjenja tumorske tvorbe ili nelagode.<\/li><li>Operativni zahvat: u nekim slu\u010dajevima, operativni zahvat mo\u017ee se koristiti s ciljem smanjenja boli, uklanjanjem dijela ili cijelog tumorskog tkiva. Operativni zahvat mo\u017ee se i u nekim slu\u010dajevima koristiti za presijecanje \u017eiv\u010danih zavr\u0161etaka i na taj na\u010din mo\u017ee se olak\u0161ati bol.<\/li><li>Blokada \u017eivaca: za bolju kontrolu boli mogu se dati ciljani lijekovi za \u017eivce u obliku injekcije.<\/li><li>Alternativne postupke: tehnika relaksacije, trening biolo\u0161kom povratnom vezom (biofeedback), tehnika upravljanja osje\u0107ajima, hipnoza, stimulacija \u017eivaca, akupunktura, masa\u017ea, fizikalna terapija i savjetovanje su dokazane da poma\u017eu u upravljanju maligne boli. ve\u0107ina ovih tehnika su vo\u0111ene pomo\u0107u obu\u010denih zdravstvenih radnika ali neke od ovih metoda kao \u0161to su tehnike relaksacije i upravljanja osje\u0107ajima mogu se samostalno izvoditi.<\/li><\/ul>\t\t\t\t\t\t\t\t<\/div>\n\t\t\t\t<\/div>\n\t\t\t\t\t<\/div>\n\t\t<\/div>\n\t\t\t\t\t<\/div>\n\t\t<\/section>\n\t\t\t\t<\/div>\n\t\t","protected":false},"excerpt":{"rendered":"<p>Maligna bol Uznapredovali rak mo\u017ee zahvatiti i ostala podru\u010dja oko plu\u0107a, npr. kosti, \u0161to mo\u017ee prouzro\u010diti bol. Ako osjetite bol, obratite se svojem lije\u010dniku jer postoje tretmani kojima se ubla\u017eava bol. Kako ubla\u017eiti bol Bol naj\u010de\u0161\u0107e postaje neizbje\u017eni dio raka plu\u0107a, ali postoje mnoge strategije koju mogu pomo\u0107i u olak\u0161anju nelagode. Kod upravljanja boli je [&hellip;]<\/p>\n","protected":false},"author":1,"featured_media":0,"parent":1624,"menu_order":0,"comment_status":"closed","ping_status":"closed","template":"","meta":{"footnotes":""},"class_list":["post-1627","page","type-page","status-publish","hentry"],"_links":{"self":[{"href":"https:\/\/2023.govorimoorakupluca.com\/en\/wp-json\/wp\/v2\/pages\/1627","targetHints":{"allow":["GET"]}}],"collection":[{"href":"https:\/\/2023.govorimoorakupluca.com\/en\/wp-json\/wp\/v2\/pages"}],"about":[{"href":"https:\/\/2023.govorimoorakupluca.com\/en\/wp-json\/wp\/v2\/types\/page"}],"author":[{"embeddable":true,"href":"https:\/\/2023.govorimoorakupluca.com\/en\/wp-json\/wp\/v2\/users\/1"}],"replies":[{"embeddable":true,"href":"https:\/\/2023.govorimoorakupluca.com\/en\/wp-json\/wp\/v2\/comments?post=1627"}],"version-history":[{"count":1,"href":"https:\/\/2023.govorimoorakupluca.com\/en\/wp-json\/wp\/v2\/pages\/1627\/revisions"}],"predecessor-version":[{"id":1655,"href":"https:\/\/2023.govorimoorakupluca.com\/en\/wp-json\/wp\/v2\/pages\/1627\/revisions\/1655"}],"up":[{"embeddable":true,"href":"https:\/\/2023.govorimoorakupluca.com\/en\/wp-json\/wp\/v2\/pages\/1624"}],"wp:attachment":[{"href":"https:\/\/2023.govorimoorakupluca.com\/en\/wp-json\/wp\/v2\/media?parent=1627"}],"curies":[{"name":"wp","href":"https:\/\/api.w.org\/{rel}","templated":true}]}}