{"id":1628,"date":"2021-09-21T13:29:50","date_gmt":"2021-09-21T13:29:50","guid":{"rendered":"https:\/\/govorimoorakupluca.com\/zivjeti-s-rakom-pluca\/fizicke-poteskoce-nosenja-s-rakom-pluca\/metastatski-rak\/"},"modified":"2021-10-29T10:37:30","modified_gmt":"2021-10-29T10:37:30","slug":"metastatski-rak","status":"publish","type":"page","link":"https:\/\/2023.govorimoorakupluca.com\/en\/zivjeti-s-rakom-pluca\/fizicke-poteskoce-nosenja-s-rakom-pluca\/metastatski-rak\/","title":{"rendered":"Metastatic cancer"},"content":{"rendered":"\t\t<div data-elementor-type=\"wp-page\" data-elementor-id=\"1628\" data-post-id=\"1628\" data-obj-id=\"1628\" class=\"elementor elementor-1628 dce-elementor-post-1628 elementor-504\">\n\t\t\t\t\t\t<section class=\"elementor-section elementor-top-section elementor-element elementor-element-a20bc78 elementor-section-boxed elementor-section-height-default elementor-section-height-default\" data-id=\"a20bc78\" data-element_type=\"section\">\n\t\t\t\t\t\t<div class=\"elementor-container elementor-column-gap-default\">\n\t\t\t\t\t<div class=\"elementor-column elementor-col-50 elementor-top-column elementor-element elementor-element-06f375c\" data-id=\"06f375c\" data-element_type=\"column\">\n\t\t\t<div class=\"elementor-widget-wrap elementor-element-populated\">\n\t\t\t\t\t\t<div class=\"elementor-element elementor-element-a485480 elementor-widget elementor-widget-text-editor\" data-id=\"a485480\" data-element_type=\"widget\" data-widget_type=\"text-editor.default\">\n\t\t\t\t<div class=\"elementor-widget-container\">\n\t\t\t\t\t\t\t\t\t<p><strong>Metastatski rak <\/strong><\/p><p>Rak plu\u0107a \u010desto mo\u017ee pro\u0161iriti se na ostale dijelove tijela kao \u0161to su mozak i kosti. Rak koji se \u0161iri mo\u017ee uzrokovati bol, mu\u010dninu, glavobolju i druge simptome, ovisno o tome koji je organ zahva\u0107en. Jednom kada se rak plu\u0107a pro\u0161iri izvan plu\u0107a, u pravilu se ne mo\u017ee izlije\u010diti. Dostupni su tretmani za smanjenje simptoma i produljenje \u017eivota.<\/p><p><strong>Metastaze u mozgu<\/strong><\/p><p>Simptomi metastaza u mozgu mogu uklju\u010divati:<\/p><ul><li>Glavobolja (\u010de\u0161\u0107e u ujutro)<\/li><li>Slabost (\u010de\u0161\u0107e se manifestira kao slabost ruku i nogu)<\/li><li>Promjena u vidnom polju<\/li><li>Ote\u017ean tok misli<\/li><li>Konvulzije (epi napadi)<\/li><\/ul>\t\t\t\t\t\t\t\t<\/div>\n\t\t\t\t<\/div>\n\t\t\t\t\t<\/div>\n\t\t<\/div>\n\t\t\t\t<div class=\"elementor-column elementor-col-50 elementor-top-column elementor-element elementor-element-f48214a\" data-id=\"f48214a\" data-element_type=\"column\">\n\t\t\t<div class=\"elementor-widget-wrap elementor-element-populated\">\n\t\t\t\t\t\t<div class=\"elementor-element elementor-element-00b842a elementor-widget elementor-widget-image\" data-id=\"00b842a\" data-element_type=\"widget\" data-widget_type=\"image.default\">\n\t\t\t\t<div class=\"elementor-widget-container\">\n\t\t\t\t\t\t\t\t\t\t\t\t\t\t\t<img fetchpriority=\"high\" decoding=\"async\" width=\"800\" height=\"534\" src=\"https:\/\/2023.govorimoorakupluca.com\/wp-content\/uploads\/2021\/09\/doctor-examining-chest-x-ray-film-patient-hospital-Medium-1024x683.jpg\" class=\"attachment-large size-large wp-image-1519\" alt=\"\" srcset=\"https:\/\/2023.govorimoorakupluca.com\/wp-content\/uploads\/2021\/09\/doctor-examining-chest-x-ray-film-patient-hospital-Medium-1024x683.jpg 1024w, https:\/\/2023.govorimoorakupluca.com\/wp-content\/uploads\/2021\/09\/doctor-examining-chest-x-ray-film-patient-hospital-Medium-300x200.jpg 300w, https:\/\/2023.govorimoorakupluca.com\/wp-content\/uploads\/2021\/09\/doctor-examining-chest-x-ray-film-patient-hospital-Medium-768x512.jpg 768w, https:\/\/2023.govorimoorakupluca.com\/wp-content\/uploads\/2021\/09\/doctor-examining-chest-x-ray-film-patient-hospital-Medium.jpg 1152w\" sizes=\"(max-width: 800px) 100vw, 800px\" \/>\t\t\t\t\t\t\t\t\t\t\t\t\t\t\t<\/div>\n\t\t\t\t<\/div>\n\t\t\t\t\t<\/div>\n\t\t<\/div>\n\t\t\t\t\t<\/div>\n\t\t<\/section>\n\t\t\t\t<section class=\"elementor-section elementor-top-section elementor-element elementor-element-be72914 elementor-section-boxed elementor-section-height-default elementor-section-height-default\" data-id=\"be72914\" data-element_type=\"section\">\n\t\t\t\t\t\t<div class=\"elementor-container elementor-column-gap-default\">\n\t\t\t\t\t<div class=\"elementor-column elementor-col-100 elementor-top-column elementor-element elementor-element-f1fa612\" data-id=\"f1fa612\" data-element_type=\"column\">\n\t\t\t<div class=\"elementor-widget-wrap elementor-element-populated\">\n\t\t\t\t\t\t<div class=\"elementor-element elementor-element-db538d2 elementor-widget elementor-widget-text-editor\" data-id=\"db538d2\" data-element_type=\"widget\" data-widget_type=\"text-editor.default\">\n\t\t\t\t<div class=\"elementor-widget-container\">\n\t\t\t\t\t\t\t\t\t<p>Ako je va\u0161 lije\u010dnik sumnja na metastazu u mozgu, preporu\u010diti \u0107e magnetsku rezonancu (MR) ili kompjuteriziranu tomografiju (CT) mozga. Terapijski postupci metastaze u mozak mogu uklju\u010divati zra\u010denje, operativni zahvat i\/ili medikamentozno lije\u010denje.<\/p><p>Ukoliko je jedna ili mali broj metastaza u mozgu postoji indikacija za proceduru gama-no\u017eem. Pomo\u0107u gama-no\u017ea koristi se velike doze zra\u010denja na malom podru\u010dju u malom broju tretmana. Me\u0111utim, ukoliko nije indiciran postupak gama-no\u017eem kod odre\u0111enog broja onkolo\u0161kih bolesnika postoji opcija lije\u010denja ciljanom terapijom ili imunoterapijom. Izbor terapije ovisi o opsegu bolesti mozga, kao i o karakteristikama raka.<\/p>\t\t\t\t\t\t\t\t<\/div>\n\t\t\t\t<\/div>\n\t\t\t\t<div class=\"elementor-element elementor-element-25a6fa1 elementor-widget elementor-widget-text-editor\" data-id=\"25a6fa1\" data-element_type=\"widget\" data-widget_type=\"text-editor.default\">\n\t\t\t\t<div class=\"elementor-widget-container\">\n\t\t\t\t\t\t\t\t\t<p><strong>Metastaze u kostima <\/strong><\/p><p>Rak plu\u0107a mo\u017ee metastazirati na jednu ili vi\u0161e kostiju, te uzrokovati bol ili prijelome. Postoji nekoliko mogu\u0107nosti za lije\u010denje metastaza u kostima:<\/p><ul><li><strong>Ciljana terapija ili kemoterapija: <\/strong>\u010desto mogu smanjiti ili usporiti rast ko\u0161tanih metastaza, jer ti lijekovi djeluju u cijelom tijelu.<\/li><li><strong>Terapija zra\u010denjem<\/strong>: mogu smanjiti bolove u kostima uzrokovane metastazama. Ovaj je tretman dobra opcija za ljude s jakim bolovima u kostima uzrokovanim metastazama u jednom ili ograni\u010denom broju podru\u010dja. Lije\u010denje obi\u010dno zapo\u010dinje s ubla\u017eavanjem boli u roku od jednog tjedna nakon tretmana. Lije\u010denje zra\u010denjem se aplicira u jednoj ili nekoliko doza.<\/li><li><strong>Lijekovi<\/strong> (bisfosfonat ili denosumab) mo\u017ee se koristiti za spre\u010davanje problema povezanih s metastazama u kostima, poput prijeloma i gubitka kosti.<\/li><\/ul><p>\u00a0<\/p><p><strong>Oligometastaze<\/strong><\/p><p>Neki pacijenti imaju samo mali broj metastaza koje zahva\u0107aju samo nekoliko dijelova tijela. Kada je opseg metastatskog raka na ovaj na\u010din ograni\u010den, naziva se &#8220;oligometastatski&#8221;. Terapijski postupci kao \u0161to je terapija zra\u010denja mogu nekim ljudima s oligometastatskom bole\u0161\u0107u pomo\u0107i da \u017eive du\u017ee.<\/p>\t\t\t\t\t\t\t\t<\/div>\n\t\t\t\t<\/div>\n\t\t\t\t\t<\/div>\n\t\t<\/div>\n\t\t\t\t\t<\/div>\n\t\t<\/section>\n\t\t\t\t<\/div>\n\t\t","protected":false},"excerpt":{"rendered":"<p>Metastatski rak Rak plu\u0107a \u010desto mo\u017ee pro\u0161iriti se na ostale dijelove tijela kao \u0161to su mozak i kosti. Rak koji se \u0161iri mo\u017ee uzrokovati bol, mu\u010dninu, glavobolju i druge simptome, ovisno o tome koji je organ zahva\u0107en. Jednom kada se rak plu\u0107a pro\u0161iri izvan plu\u0107a, u pravilu se ne mo\u017ee izlije\u010diti. Dostupni su tretmani za [&hellip;]<\/p>\n","protected":false},"author":1,"featured_media":0,"parent":1624,"menu_order":0,"comment_status":"closed","ping_status":"closed","template":"","meta":{"footnotes":""},"class_list":["post-1628","page","type-page","status-publish","hentry"],"_links":{"self":[{"href":"https:\/\/2023.govorimoorakupluca.com\/en\/wp-json\/wp\/v2\/pages\/1628","targetHints":{"allow":["GET"]}}],"collection":[{"href":"https:\/\/2023.govorimoorakupluca.com\/en\/wp-json\/wp\/v2\/pages"}],"about":[{"href":"https:\/\/2023.govorimoorakupluca.com\/en\/wp-json\/wp\/v2\/types\/page"}],"author":[{"embeddable":true,"href":"https:\/\/2023.govorimoorakupluca.com\/en\/wp-json\/wp\/v2\/users\/1"}],"replies":[{"embeddable":true,"href":"https:\/\/2023.govorimoorakupluca.com\/en\/wp-json\/wp\/v2\/comments?post=1628"}],"version-history":[{"count":1,"href":"https:\/\/2023.govorimoorakupluca.com\/en\/wp-json\/wp\/v2\/pages\/1628\/revisions"}],"predecessor-version":[{"id":1658,"href":"https:\/\/2023.govorimoorakupluca.com\/en\/wp-json\/wp\/v2\/pages\/1628\/revisions\/1658"}],"up":[{"embeddable":true,"href":"https:\/\/2023.govorimoorakupluca.com\/en\/wp-json\/wp\/v2\/pages\/1624"}],"wp:attachment":[{"href":"https:\/\/2023.govorimoorakupluca.com\/en\/wp-json\/wp\/v2\/media?parent=1628"}],"curies":[{"name":"wp","href":"https:\/\/api.w.org\/{rel}","templated":true}]}}