{"id":1629,"date":"2021-09-21T13:29:57","date_gmt":"2021-09-21T13:29:57","guid":{"rendered":"https:\/\/govorimoorakupluca.com\/zivjeti-s-rakom-pluca\/fizicke-poteskoce-nosenja-s-rakom-pluca\/rak-pluca-i-oksigenoterapija\/"},"modified":"2021-10-29T10:37:37","modified_gmt":"2021-10-29T10:37:37","slug":"rak-pluca-i-oksigenoterapija","status":"publish","type":"page","link":"https:\/\/2023.govorimoorakupluca.com\/en\/zivjeti-s-rakom-pluca\/fizicke-poteskoce-nosenja-s-rakom-pluca\/rak-pluca-i-oksigenoterapija\/","title":{"rendered":"Lung cancer and oxygen therapy"},"content":{"rendered":"\t\t<div data-elementor-type=\"wp-page\" data-elementor-id=\"1629\" data-post-id=\"1629\" data-obj-id=\"1629\" class=\"elementor elementor-1629 dce-elementor-post-1629 elementor-506\">\n\t\t\t\t\t\t<section class=\"elementor-section elementor-top-section elementor-element elementor-element-dea69d6 elementor-section-boxed elementor-section-height-default elementor-section-height-default\" data-id=\"dea69d6\" data-element_type=\"section\">\n\t\t\t\t\t\t<div class=\"elementor-container elementor-column-gap-default\">\n\t\t\t\t\t<div class=\"elementor-column elementor-col-100 elementor-top-column elementor-element elementor-element-476b152\" data-id=\"476b152\" data-element_type=\"column\">\n\t\t\t<div class=\"elementor-widget-wrap elementor-element-populated\">\n\t\t\t\t\t\t<div class=\"elementor-element elementor-element-772d33d elementor-widget elementor-widget-text-editor\" data-id=\"772d33d\" data-element_type=\"widget\" data-widget_type=\"text-editor.default\">\n\t\t\t\t<div class=\"elementor-widget-container\">\n\t\t\t\t\t\t\t\t\t<p><strong>Rak plu\u0107a i oksigenoterapija<\/strong><\/p><p>Osobe koje imaju prisutnu dispneju (ote\u017eano disanje), upotreba oksigenoterapije mo\u017ee biti od velike koristi i dovesti do olak\u0161anja tegoba. Oksigenoterapija pove\u0107ava opskrbu plu\u0107a kisikom i posljedi\u010dno tom pove\u0107ava se oksigenacija u tkivima i stanicama tijela. Oksigenoterapiju mo\u017ee preporu\u010diti samo lije\u010dnik specijalist i to na temelju va\u0161eg nalaza plinske analize arterijske krvi.\u00a0 Terapija kisikom mo\u017ee biti privremena opcija lije\u010denja ili stalna, u kontinuitetu kroz 24 sata dnevno ili u odre\u0111enom vremenskom periodu. Blagotvorni u\u010dinak oksigenoterapije imaju samo osobe koje imaju nisku razinu parcijalnog kisika u arterijskoj krvi i koje pravilno primjenjuju terapija kisikom kako je indicirano sa strane lije\u010dnika.<\/p>\t\t\t\t\t\t\t\t<\/div>\n\t\t\t\t<\/div>\n\t\t\t\t\t<\/div>\n\t\t<\/div>\n\t\t\t\t\t<\/div>\n\t\t<\/section>\n\t\t\t\t<section class=\"elementor-section elementor-top-section elementor-element elementor-element-b762fa1 elementor-section-boxed elementor-section-height-default elementor-section-height-default\" data-id=\"b762fa1\" data-element_type=\"section\">\n\t\t\t\t\t\t<div class=\"elementor-container elementor-column-gap-default\">\n\t\t\t\t\t<div class=\"elementor-column elementor-col-100 elementor-top-column elementor-element elementor-element-882355e\" data-id=\"882355e\" data-element_type=\"column\">\n\t\t\t<div class=\"elementor-widget-wrap elementor-element-populated\">\n\t\t\t\t\t\t<div class=\"elementor-element elementor-element-c28ec3f elementor-widget elementor-widget-text-editor\" data-id=\"c28ec3f\" data-element_type=\"widget\" data-widget_type=\"text-editor.default\">\n\t\t\t\t<div class=\"elementor-widget-container\">\n\t\t\t\t\t\t\t\t\t<p>Terapija kisikom obi\u010dno se isporu\u010duje kao koncentrator (ku\u0107na upotreba) ili u boci (pogodno za aktivnosti na otvorenom). Nastavci za kisik postoje u raznim varijacijama a ovise o ordiniranoj koncentraciji kisika koja je potrebna osobi. Naj\u010de\u0161\u0107e je ordinirana primjena kisika putem nosnih kanila koje se namjeste da ulaze u nosnice ili putem maske koja pokriva usta i nos. Kod nosne kanile pravilno kori\u0161tenje je udah na nos izdah na usta, kod primjene maske za kisik osoba mo\u017ee prilagoditi disanje kako joj prirodno odgovara. Izuzetno je va\u017eno kod dispneje da osoba obrati na pa\u017enju disanja, da disanje bude kontrolirano, usporeno, s udahom na nos izdahom na usta. Ukoliko je disanje nepravilno i ubrzano primjena kisika ne\u0107e imati svoj blagotvorni u\u010dinak.\u00a0\u00a0<\/p><p>Primjena oksigenoterapije podi\u017ee razinu kisika u arterijskoj krvi, olak\u0161ava disanje i smanjuje napor va\u0161em tijelu. VA\u017dNO je zapamtiti da primjena kisika je u\u010dinkovita samo dok se primjenjuje.\u00a0 Oksigenoterapiju mo\u017ee preporu\u010diti samo lije\u010dnik specijalist, potreban je oprez kod primjene kisika, va\u017eno je da se dr\u017eite preporu\u010denih uputa va\u0161eg lije\u010dnika. Lije\u010dnik \u0107e ordinirati protok kisika koji je vama potreban, OPREZ ne mijenjajte protok kisika po svom vlastitom naho\u0111enju. Od ovla\u0161tenog distributera dobit \u0107e te jasne upute o kori\u0161tenju i odr\u017eavanju koncentratora kisika. Koncentrator kisika ne mo\u017eete kupiti a nabavlja se isklju\u010divo na preporuku specijaliste. U RH osobe koje zadovoljavaju kriterije za oksigenoterapijom ne moraju pla\u0107ati dodatno nabavku koncentratora kisika, tro\u0161kove pokriva HZZO.<\/p>\t\t\t\t\t\t\t\t<\/div>\n\t\t\t\t<\/div>\n\t\t\t\t\t<\/div>\n\t\t<\/div>\n\t\t\t\t\t<\/div>\n\t\t<\/section>\n\t\t\t\t<section class=\"elementor-section elementor-top-section elementor-element elementor-element-aae243c elementor-section-boxed elementor-section-height-default elementor-section-height-default\" data-id=\"aae243c\" data-element_type=\"section\">\n\t\t\t\t\t\t<div class=\"elementor-container elementor-column-gap-default\">\n\t\t\t\t\t<div class=\"elementor-column elementor-col-100 elementor-top-column elementor-element elementor-element-611567d\" data-id=\"611567d\" data-element_type=\"column\">\n\t\t\t<div class=\"elementor-widget-wrap elementor-element-populated\">\n\t\t\t\t\t\t<div class=\"elementor-element elementor-element-730ea46 elementor-widget elementor-widget-text-editor\" data-id=\"730ea46\" data-element_type=\"widget\" data-widget_type=\"text-editor.default\">\n\t\t\t\t<div class=\"elementor-widget-container\">\n\t\t\t\t\t\t\t\t\t<p><strong>Koliko dugo se koristi oksigenoterapija?<\/strong><\/p><p>Ako imate respiratornu infekciju, kisik \u0107e vam trebati samo dok se infekcija ne smiri i dok se razina kisika u krvi ne normalizira. Ako imate kroni\u010dno nisku razinu kisika u krvi zbog raka ili kroni\u010dnog bronhitisa, tad je najvjerojatnije da primjena kisika \u0107e biti trajna.\u00a0<\/p><p><strong>\u00a0<\/strong><strong>Savjeti za kori\u0161tenje oksigenoterapije<\/strong><\/p><p>Odr\u017eavajte opremu \u010distom i urednom po uputi proizvo\u0111a\u010da. Odr\u017eavanjem \u010disto\u0107e koncentratora kisika osiguravate rad ure\u0111aja i sprje\u010davat mogu\u0107nost infekcije.<\/p><p><strong>Putovanje sa oksigenoterapijom<\/strong><\/p><p>Ukoliko planirate put postoje vi\u0161e varijacija ure\u0111aja, koji je primjenjiv za vas\u00a0 ovisi o du\u017eini puta, na\u010dinu putovanja te potrebnom protoku kisika. Preporu\u010dujemo da se savjetujte sa svojim nadle\u017enim lije\u010dnikom ili specijalistom ukoliko planirate du\u017ea putovanja. Ako je potreba za oksigenoterapijom na kratki period od svega par sati tad mo\u017ee se primijeniti transportna boca kisika, savjetujte se i informirajte se sa ovla\u0161tenim distributerom koliko jedan spremnik kisika na va\u0161 ordinirani protok kisika mo\u017ee vremenski trajati.<\/p>\t\t\t\t\t\t\t\t<\/div>\n\t\t\t\t<\/div>\n\t\t\t\t\t<\/div>\n\t\t<\/div>\n\t\t\t\t\t<\/div>\n\t\t<\/section>\n\t\t\t\t<section class=\"elementor-section elementor-top-section elementor-element elementor-element-681fb4c elementor-section-boxed elementor-section-height-default elementor-section-height-default\" data-id=\"681fb4c\" data-element_type=\"section\">\n\t\t\t\t\t\t<div class=\"elementor-container elementor-column-gap-default\">\n\t\t\t\t\t<div class=\"elementor-column elementor-col-100 elementor-top-column elementor-element elementor-element-316a564\" data-id=\"316a564\" data-element_type=\"column\">\n\t\t\t<div class=\"elementor-widget-wrap elementor-element-populated\">\n\t\t\t\t\t\t<div class=\"elementor-element elementor-element-babbb7c elementor-widget elementor-widget-text-editor\" data-id=\"babbb7c\" data-element_type=\"widget\" data-widget_type=\"text-editor.default\">\n\t\t\t\t<div class=\"elementor-widget-container\">\n\t\t\t\t\t\t\t\t\t<p><strong>OPREZ <\/strong><\/p><p>\u2714 <strong>U\u017eivanje duhana, vatra i zapaljivi proizvodi:<\/strong> zbog opasnosti od po\u017eara nikad ne pu\u0161ite cigarete dok upotrebljavate kisik. Upozorite \u010dlanove obitelji i posjetitelje da ne pu\u0161e u va\u0161oj blizini kada koristite kisik. Ako iza\u0111ete u restoran sa svojim prijenosnim kisikom, sjednete u odjeljak za nepu\u0161a\u010de. Tako\u0111er, dr\u017eite razmak od 5 metara od zapaljene svije\u0107e, upaljenog kamina i plinske pe\u0107i. Ne koristiti zapaljive proizvode (npr. aerosolne sprejeve) dok koristite kisik.<\/p><p>\u2714 <strong>Protok kisika<\/strong>: nikada ne mijenjate protok kisika, osim ako to nije odredio lije\u010dnik.<\/p><p><strong>\u00a0<\/strong>Terapija kisikom mo\u017ee vam pomo\u0107i da se osje\u0107ate bolje i ostanete aktivni.<\/p>\t\t\t\t\t\t\t\t<\/div>\n\t\t\t\t<\/div>\n\t\t\t\t\t<\/div>\n\t\t<\/div>\n\t\t\t\t\t<\/div>\n\t\t<\/section>\n\t\t\t\t<\/div>\n\t\t","protected":false},"excerpt":{"rendered":"<p>Rak plu\u0107a i oksigenoterapija Osobe koje imaju prisutnu dispneju (ote\u017eano disanje), upotreba oksigenoterapije mo\u017ee biti od velike koristi i dovesti do olak\u0161anja tegoba. Oksigenoterapija pove\u0107ava opskrbu plu\u0107a kisikom i posljedi\u010dno tom pove\u0107ava se oksigenacija u tkivima i stanicama tijela. Oksigenoterapiju mo\u017ee preporu\u010diti samo lije\u010dnik specijalist i to na temelju va\u0161eg nalaza plinske analize arterijske krvi.\u00a0 [&hellip;]<\/p>\n","protected":false},"author":1,"featured_media":0,"parent":1624,"menu_order":0,"comment_status":"closed","ping_status":"closed","template":"","meta":{"footnotes":""},"class_list":["post-1629","page","type-page","status-publish","hentry"],"_links":{"self":[{"href":"https:\/\/2023.govorimoorakupluca.com\/en\/wp-json\/wp\/v2\/pages\/1629","targetHints":{"allow":["GET"]}}],"collection":[{"href":"https:\/\/2023.govorimoorakupluca.com\/en\/wp-json\/wp\/v2\/pages"}],"about":[{"href":"https:\/\/2023.govorimoorakupluca.com\/en\/wp-json\/wp\/v2\/types\/page"}],"author":[{"embeddable":true,"href":"https:\/\/2023.govorimoorakupluca.com\/en\/wp-json\/wp\/v2\/users\/1"}],"replies":[{"embeddable":true,"href":"https:\/\/2023.govorimoorakupluca.com\/en\/wp-json\/wp\/v2\/comments?post=1629"}],"version-history":[{"count":1,"href":"https:\/\/2023.govorimoorakupluca.com\/en\/wp-json\/wp\/v2\/pages\/1629\/revisions"}],"predecessor-version":[{"id":1659,"href":"https:\/\/2023.govorimoorakupluca.com\/en\/wp-json\/wp\/v2\/pages\/1629\/revisions\/1659"}],"up":[{"embeddable":true,"href":"https:\/\/2023.govorimoorakupluca.com\/en\/wp-json\/wp\/v2\/pages\/1624"}],"wp:attachment":[{"href":"https:\/\/2023.govorimoorakupluca.com\/en\/wp-json\/wp\/v2\/media?parent=1629"}],"curies":[{"name":"wp","href":"https:\/\/api.w.org\/{rel}","templated":true}]}}