{"id":1761,"date":"2022-01-04T12:46:52","date_gmt":"2022-01-04T12:46:52","guid":{"rendered":"https:\/\/govorimoorakupluca.com\/?page_id=1761"},"modified":"2022-01-04T13:59:07","modified_gmt":"2022-01-04T13:59:07","slug":"lijecenje-raka-pluca","status":"publish","type":"page","link":"https:\/\/2023.govorimoorakupluca.com\/en\/lijecenje-raka-pluca\/","title":{"rendered":"Lije\u010denje raka plu\u0107a"},"content":{"rendered":"\t\t<div data-elementor-type=\"wp-page\" data-elementor-id=\"1761\" data-post-id=\"1761\" data-obj-id=\"1761\" class=\"elementor elementor-1761 dce-elementor-post-1761\">\n\t\t\t\t\t\t<section class=\"elementor-section elementor-top-section elementor-element elementor-element-bf3f8bb elementor-section-boxed elementor-section-height-default elementor-section-height-default\" data-id=\"bf3f8bb\" data-element_type=\"section\">\n\t\t\t\t\t\t<div class=\"elementor-container elementor-column-gap-default\">\n\t\t\t\t\t<div class=\"elementor-column elementor-col-100 elementor-top-column elementor-element elementor-element-b653ac4\" data-id=\"b653ac4\" data-element_type=\"column\">\n\t\t\t<div class=\"elementor-widget-wrap elementor-element-populated\">\n\t\t\t\t\t\t<div class=\"elementor-element elementor-element-d2bda1b elementor-widget elementor-widget-heading\" data-id=\"d2bda1b\" data-element_type=\"widget\" data-widget_type=\"heading.default\">\n\t\t\t\t<div class=\"elementor-widget-container\">\n\t\t\t\t\t<h2 class=\"elementor-heading-title elementor-size-default\">Lije\u010denje <\/h2>\t\t\t\t<\/div>\n\t\t\t\t<\/div>\n\t\t\t\t<div class=\"elementor-element elementor-element-36a5bca elementor-widget elementor-widget-text-editor\" data-id=\"36a5bca\" data-element_type=\"widget\" data-widget_type=\"text-editor.default\">\n\t\t\t\t<div class=\"elementor-widget-container\">\n\t\t\t\t\t\t\t\t\t<p>Lije\u010denje raka plu\u0107a u dana\u0161nje vrijeme mogu\u0107e je na vi\u0161e na\u010dina, ovisno o vrsti tumora (tzv. histolo\u0161kom tipu odnosno, prema izgledu tkiva tumora), prisutnosti pojedinih biljega na stanicama tumora, stupnju pro\u0161irenosti zlo\u0107udne bolesti, op\u0107em stanju bolesnika kao i drugim bolestima od kojih bolesnik boluje.<\/p><p>Lije\u010denje zlo\u0107udnih bolesti, pa tako i raka plu\u0107a, mo\u017ee biti lokalizirano tj. ono koje rje\u0161ava bolest na jednom mjestu u tijelu (bilo da se radi o primarnom tumoru ili pojedinom metastatskom sijelu) kao \u0161to je primjerice kirur\u0161ko lije\u010denje (operacija) ili lije\u010denje radioterapijom (zra\u010denjem).<\/p>\t\t\t\t\t\t\t\t<\/div>\n\t\t\t\t<\/div>\n\t\t\t\t\t<\/div>\n\t\t<\/div>\n\t\t\t\t\t<\/div>\n\t\t<\/section>\n\t\t\t\t<section class=\"elementor-section elementor-top-section elementor-element elementor-element-156a386 elementor-reverse-tablet elementor-reverse-mobile elementor-section-boxed elementor-section-height-default elementor-section-height-default\" data-id=\"156a386\" data-element_type=\"section\">\n\t\t\t\t\t\t<div class=\"elementor-container elementor-column-gap-default\">\n\t\t\t\t\t<div class=\"elementor-column elementor-col-100 elementor-top-column elementor-element elementor-element-2613831\" data-id=\"2613831\" data-element_type=\"column\">\n\t\t\t<div class=\"elementor-widget-wrap elementor-element-populated\">\n\t\t\t\t\t\t<div class=\"elementor-element elementor-element-6ae6d77 elementor-widget elementor-widget-text-editor\" data-id=\"6ae6d77\" data-element_type=\"widget\" data-widget_type=\"text-editor.default\">\n\t\t\t\t<div class=\"elementor-widget-container\">\n\t\t\t\t\t\t\t\t\t<p>Osim toga, lije\u010denje se provodi sustavno. To zna\u010di da se djeluje na tumorske stanice bilo gdje u tijelu i to uz lije\u010denje kemoterapijom ili lije\u010denje tzv. ciljanim terapijama i\/ili imunoterapijom.<\/p><p>Vrlo va\u017ean dio lije\u010denja raka plu\u0107a je potporno ili suportivno lije\u010denje kojim djelujemo na brojnesimptome koje bolesnik ima, bilo zbog prisustva same bolesti ili zbog primjene neke vrste onkolo\u0161kog lije\u010denja. Ono obuhva\u0107a sprje\u010davanje i\/ili lije\u010denje simptoma poput mu\u010dnine i povra\u0107anja, bolova, neadekvatne ili nedostatne prehrane, slabokrvnosti i drugo.<\/p><p>Primjena samo ove vrste lije\u010denja (engl. <em>best suportive care<\/em> odnosno tzv. najbolja potporna skrb)produljuje \u017eivot bolesnika s rakom plu\u0107a \u010dak i da se ne primjenjuju druge vrste onkolo\u0161kog lije\u010denja.<\/p><p>Uzev\u0161i u obzir sve navedene parametre, uz ostavljenu mogu\u0107nost i preferenciju bolesnika, lije\u010dnik koji vodi bolesnika s rakom plu\u0107a \u0107e procijeniti koji je modalitet tj. vrsta lije\u010denja u odre\u0111enoj fazi bolesti optimalna za svakog bolesnika.<\/p>\t\t\t\t\t\t\t\t<\/div>\n\t\t\t\t<\/div>\n\t\t\t\t\t<\/div>\n\t\t<\/div>\n\t\t\t\t\t<\/div>\n\t\t<\/section>\n\t\t\t\t<\/div>\n\t\t","protected":false},"excerpt":{"rendered":"<p>Lije\u010denje Lije\u010denje raka plu\u0107a u dana\u0161nje vrijeme mogu\u0107e je na vi\u0161e na\u010dina, ovisno o vrsti tumora (tzv. histolo\u0161kom tipu odnosno, prema izgledu tkiva tumora), prisutnosti pojedinih biljega na stanicama tumora, stupnju pro\u0161irenosti zlo\u0107udne bolesti, op\u0107em stanju bolesnika kao i drugim bolestima od kojih bolesnik boluje. Lije\u010denje zlo\u0107udnih bolesti, pa tako i raka plu\u0107a, mo\u017ee biti [&hellip;]<\/p>\n","protected":false},"author":1,"featured_media":0,"parent":0,"menu_order":0,"comment_status":"closed","ping_status":"closed","template":"","meta":{"footnotes":""},"class_list":["post-1761","page","type-page","status-publish","hentry"],"_links":{"self":[{"href":"https:\/\/2023.govorimoorakupluca.com\/en\/wp-json\/wp\/v2\/pages\/1761","targetHints":{"allow":["GET"]}}],"collection":[{"href":"https:\/\/2023.govorimoorakupluca.com\/en\/wp-json\/wp\/v2\/pages"}],"about":[{"href":"https:\/\/2023.govorimoorakupluca.com\/en\/wp-json\/wp\/v2\/types\/page"}],"author":[{"embeddable":true,"href":"https:\/\/2023.govorimoorakupluca.com\/en\/wp-json\/wp\/v2\/users\/1"}],"replies":[{"embeddable":true,"href":"https:\/\/2023.govorimoorakupluca.com\/en\/wp-json\/wp\/v2\/comments?post=1761"}],"version-history":[{"count":19,"href":"https:\/\/2023.govorimoorakupluca.com\/en\/wp-json\/wp\/v2\/pages\/1761\/revisions"}],"predecessor-version":[{"id":1837,"href":"https:\/\/2023.govorimoorakupluca.com\/en\/wp-json\/wp\/v2\/pages\/1761\/revisions\/1837"}],"wp:attachment":[{"href":"https:\/\/2023.govorimoorakupluca.com\/en\/wp-json\/wp\/v2\/media?parent=1761"}],"curies":[{"name":"wp","href":"https:\/\/api.w.org\/{rel}","templated":true}]}}