{"id":1778,"date":"2022-01-04T12:57:24","date_gmt":"2022-01-04T12:57:24","guid":{"rendered":"https:\/\/govorimoorakupluca.com\/?page_id=1778"},"modified":"2022-09-15T17:41:00","modified_gmt":"2022-09-15T17:41:00","slug":"kirursko-lijecenje","status":"publish","type":"page","link":"https:\/\/2023.govorimoorakupluca.com\/en\/lijecenje-raka-pluca\/kirursko-lijecenje\/","title":{"rendered":"Kirur\u0161ko lije\u010denje"},"content":{"rendered":"\t\t<div data-elementor-type=\"wp-page\" data-elementor-id=\"1778\" data-post-id=\"1778\" data-obj-id=\"1778\" class=\"elementor elementor-1778 dce-elementor-post-1778\">\n\t\t\t\t\t\t<section class=\"elementor-section elementor-top-section elementor-element elementor-element-bf3f8bb elementor-section-boxed elementor-section-height-default elementor-section-height-default\" data-id=\"bf3f8bb\" data-element_type=\"section\">\n\t\t\t\t\t\t<div class=\"elementor-container elementor-column-gap-default\">\n\t\t\t\t\t<div class=\"elementor-column elementor-col-100 elementor-top-column elementor-element elementor-element-b653ac4\" data-id=\"b653ac4\" data-element_type=\"column\">\n\t\t\t<div class=\"elementor-widget-wrap elementor-element-populated\">\n\t\t\t\t\t\t<div class=\"elementor-element elementor-element-d2bda1b elementor-widget elementor-widget-heading\" data-id=\"d2bda1b\" data-element_type=\"widget\" data-widget_type=\"heading.default\">\n\t\t\t\t<div class=\"elementor-widget-container\">\n\t\t\t\t\t<h2 class=\"elementor-heading-title elementor-size-default\">Kirur\u0161ko ili operativno lije\u010denje<\/h2>\t\t\t\t<\/div>\n\t\t\t\t<\/div>\n\t\t\t\t<div class=\"elementor-element elementor-element-36a5bca elementor-widget elementor-widget-text-editor\" data-id=\"36a5bca\" data-element_type=\"widget\" data-widget_type=\"text-editor.default\">\n\t\t\t\t<div class=\"elementor-widget-container\">\n\t\t\t\t\t\t\t\t\t<p>Kirur\u0161ko ili operativno lije\u010denje raka plu\u0107a uglavnom se preporu\u010duje bolesnicima s rakom plu\u0107a ne-malih stanica u ranim ili ranijim stadijima pro\u0161irenosti bolesti. Ukoliko je rak plu\u0107a otkriven u najranijem (prvom) stadiju pro\u0161irenosti bolesti, operacija je naj\u010de\u0161\u0107e jedini nu\u017ean oblik lije\u010denja.<\/p><p>Kod uznapredovalijih stadija pro\u0161irenosti bolesti,vjerojatno \u0107e uz kirur\u0161ko lije\u010denje biti preporu\u010dena i neka druga vrsta terapije (primjerice, kemoterapija).O tome \u0107e odluku i preporuku donijeti nadle\u017eni onkolog savjetuju\u0107i se, u idealnom slu\u010daju,\u00a0 s multidisciplinarnim timom.<\/p><p>\u00a0<\/p>\t\t\t\t\t\t\t\t<\/div>\n\t\t\t\t<\/div>\n\t\t\t\t\t<\/div>\n\t\t<\/div>\n\t\t\t\t\t<\/div>\n\t\t<\/section>\n\t\t\t\t<section class=\"elementor-section elementor-top-section elementor-element elementor-element-156a386 elementor-reverse-tablet elementor-reverse-mobile elementor-section-boxed elementor-section-height-default elementor-section-height-default\" data-id=\"156a386\" data-element_type=\"section\">\n\t\t\t\t\t\t<div class=\"elementor-container elementor-column-gap-default\">\n\t\t\t\t\t<div class=\"elementor-column elementor-col-100 elementor-top-column elementor-element elementor-element-2613831\" data-id=\"2613831\" data-element_type=\"column\">\n\t\t\t<div class=\"elementor-widget-wrap elementor-element-populated\">\n\t\t\t\t\t\t<div class=\"elementor-element elementor-element-6ae6d77 elementor-widget elementor-widget-text-editor\" data-id=\"6ae6d77\" data-element_type=\"widget\" data-widget_type=\"text-editor.default\">\n\t\t\t\t<div class=\"elementor-widget-container\">\n\t\t\t\t\t\t\t\t\t<p>U tom slu\u010daju, sustavna terapija ima za cilj ili smanjiti veli\u010dinu tumora prije operacije kako bi kirur\u0161ki zahvat bio mogu\u0107 odnosno uspje\u0161niji (i po\u0161tedniji) ili uni\u0161tavanje eventualnih postoje\u0107ih (dostupnim tehnikama nevidljivih) mikrometastaza nakon kirur\u0161kog odstranjenja tumora.<\/p><p>Operacija mo\u017ee uklju\u010divati odstranjivanje jednog ili vi\u0161e re\u017enjeva plu\u0107a, a ponekad i cijele jedne strane plu\u0107a (plu\u0107nog krila) uz istodobno odstranjivanje i limfnih \u010dvorova u sredoprsju. Nakon provedenog operativnog zahvata radi se analiza izva\u0111enog tumora i pridru\u017eenog tkiva te se postavlja definitivna patolo\u0161ka dijagnoza vrste tumora kao i (mikroskopskog) patolo\u0161kog stupnja pro\u0161irenosti bolesti.<\/p>\t\t\t\t\t\t\t\t<\/div>\n\t\t\t\t<\/div>\n\t\t\t\t\t<\/div>\n\t\t<\/div>\n\t\t\t\t\t<\/div>\n\t\t<\/section>\n\t\t\t\t<\/div>\n\t\t","protected":false},"excerpt":{"rendered":"<p>Der College-Aufsatz ist ein entscheidender Bestandteils des College Bewerbung Verfahren. Der Aufsatz sollte einen Fortschritt und Perspektiven des Sch\u00fclers widerspiegeln. Es ist entscheidend dass der Autor nicht vergleicht den Aufsatz mit einem anderen dem sie in dem College geschrieben haben. Es ist wesentlich zu verstehen das Format von Aufs\u00e4tzen vorher Sie Beginnen Sie mit dem [&hellip;]<\/p>\n","protected":false},"author":1,"featured_media":0,"parent":1761,"menu_order":0,"comment_status":"closed","ping_status":"closed","template":"","meta":{"footnotes":""},"class_list":["post-1778","page","type-page","status-publish","hentry"],"_links":{"self":[{"href":"https:\/\/2023.govorimoorakupluca.com\/en\/wp-json\/wp\/v2\/pages\/1778","targetHints":{"allow":["GET"]}}],"collection":[{"href":"https:\/\/2023.govorimoorakupluca.com\/en\/wp-json\/wp\/v2\/pages"}],"about":[{"href":"https:\/\/2023.govorimoorakupluca.com\/en\/wp-json\/wp\/v2\/types\/page"}],"author":[{"embeddable":true,"href":"https:\/\/2023.govorimoorakupluca.com\/en\/wp-json\/wp\/v2\/users\/1"}],"replies":[{"embeddable":true,"href":"https:\/\/2023.govorimoorakupluca.com\/en\/wp-json\/wp\/v2\/comments?post=1778"}],"version-history":[{"count":18,"href":"https:\/\/2023.govorimoorakupluca.com\/en\/wp-json\/wp\/v2\/pages\/1778\/revisions"}],"predecessor-version":[{"id":1915,"href":"https:\/\/2023.govorimoorakupluca.com\/en\/wp-json\/wp\/v2\/pages\/1778\/revisions\/1915"}],"up":[{"embeddable":true,"href":"https:\/\/2023.govorimoorakupluca.com\/en\/wp-json\/wp\/v2\/pages\/1761"}],"wp:attachment":[{"href":"https:\/\/2023.govorimoorakupluca.com\/en\/wp-json\/wp\/v2\/media?parent=1778"}],"curies":[{"name":"wp","href":"https:\/\/api.w.org\/{rel}","templated":true}]}}