{"id":1786,"date":"2022-01-04T13:02:05","date_gmt":"2022-01-04T13:02:05","guid":{"rendered":"https:\/\/govorimoorakupluca.com\/?page_id=1786"},"modified":"2022-01-04T13:59:08","modified_gmt":"2022-01-04T13:59:08","slug":"imunoterapija","status":"publish","type":"page","link":"https:\/\/2023.govorimoorakupluca.com\/en\/lijecenje-raka-pluca\/imunoterapija\/","title":{"rendered":"Imunoterapija"},"content":{"rendered":"\t\t<div data-elementor-type=\"wp-page\" data-elementor-id=\"1786\" data-post-id=\"1786\" data-obj-id=\"1786\" class=\"elementor elementor-1786 dce-elementor-post-1786\">\n\t\t\t\t\t\t<section class=\"elementor-section elementor-top-section elementor-element elementor-element-bf3f8bb elementor-section-boxed elementor-section-height-default elementor-section-height-default\" data-id=\"bf3f8bb\" data-element_type=\"section\">\n\t\t\t\t\t\t<div class=\"elementor-container elementor-column-gap-default\">\n\t\t\t\t\t<div class=\"elementor-column elementor-col-100 elementor-top-column elementor-element elementor-element-b653ac4\" data-id=\"b653ac4\" data-element_type=\"column\">\n\t\t\t<div class=\"elementor-widget-wrap elementor-element-populated\">\n\t\t\t\t\t\t<div class=\"elementor-element elementor-element-d2bda1b elementor-widget elementor-widget-heading\" data-id=\"d2bda1b\" data-element_type=\"widget\" data-widget_type=\"heading.default\">\n\t\t\t\t<div class=\"elementor-widget-container\">\n\t\t\t\t\t<h2 class=\"elementor-heading-title elementor-size-default\">Imunoterapija<\/h2>\t\t\t\t<\/div>\n\t\t\t\t<\/div>\n\t\t\t\t<div class=\"elementor-element elementor-element-36a5bca elementor-widget elementor-widget-text-editor\" data-id=\"36a5bca\" data-element_type=\"widget\" data-widget_type=\"text-editor.default\">\n\t\t\t\t<div class=\"elementor-widget-container\">\n\t\t\t\t\t\t\t\t\t<p>Imunoterapija je najnovija vrsta sustavne onkolo\u0161ke terapije. Koristi se u svakodnevnoj primjeni u lije\u010denju raka plu\u0107a nemalih stanica i to tek posljednjih nekoliko godina u najnaprednijim zemljama svijeta.Na sre\u0107u to uklju\u010duje i Hrvatsku.<\/p><p>Imunoterapija se razlikuje od svih ostalih terapijskih opcija sustavnog onkolo\u0161kog lije\u010denja po \u010dinjenici da lijekovi koje dajemo bolesnicimanemaju za cilj uni\u0161tavati tumorske stanice, ve\u0107 im je zadatak potaknuti imunolo\u0161ki sustav doma\u0107ina (tj. bolesnika s rakom) na djelovanje i uni\u0161tavanje stanica tumora.U lije\u010denju raka plu\u0107a primjenjuju se tzv. inhibitori kontrolnih to\u010daka.<\/p><p>Naime, jedna od funkcija na\u0161eg imunolo\u0161kog sustava je i razlikovanje zdravih stanica na\u0161eg organizma od abnormalnih stanica. Stanice tumora na svojoj povr\u0161ini, me\u0111utim, mogu imati vrstu proteina koja je sposobna vezati se za stanice imunolo\u0161kog sustava (aktivirane T limfocite) nakon \u010dega na\u0161 imunolo\u0161ki sustav prestaje prepoznavati tumorsku stanicu kao \u201eabnormalnu\u201c. Tako zvani inhibitori kontrolnih to\u010daka su lijekovi koji sprje\u010davaju vezanje proteina s tumorske stanice ilimfocita, te se tako\u00a0 \u201eotpu\u0161ta ko\u010dnica\u201c na\u0161eg imunolo\u0161kog sustava koji ponovno prepoznaje tumorsku stanicu (kao abnormalnu stanicu u organizmu) i uni\u0161tava je.<\/p>\t\t\t\t\t\t\t\t<\/div>\n\t\t\t\t<\/div>\n\t\t\t\t\t<\/div>\n\t\t<\/div>\n\t\t\t\t\t<\/div>\n\t\t<\/section>\n\t\t\t\t<section class=\"elementor-section elementor-top-section elementor-element elementor-element-156a386 elementor-reverse-tablet elementor-reverse-mobile elementor-section-boxed elementor-section-height-default elementor-section-height-default\" data-id=\"156a386\" data-element_type=\"section\">\n\t\t\t\t\t\t<div class=\"elementor-container elementor-column-gap-default\">\n\t\t\t\t\t<div class=\"elementor-column elementor-col-100 elementor-top-column elementor-element elementor-element-2613831\" data-id=\"2613831\" data-element_type=\"column\">\n\t\t\t<div class=\"elementor-widget-wrap elementor-element-populated\">\n\t\t\t\t\t\t<div class=\"elementor-element elementor-element-6ae6d77 elementor-widget elementor-widget-text-editor\" data-id=\"6ae6d77\" data-element_type=\"widget\" data-widget_type=\"text-editor.default\">\n\t\t\t\t<div class=\"elementor-widget-container\">\n\t\t\t\t\t\t\t\t\t<p>Lije\u010denje imunoterapijom se mo\u017ee primjenjivati i u kombinaciji s drugim vrstama onkolo\u0161kog lije\u010denja (primjerice kemoterapijom). Kaouz svaki tip lije\u010denja, i uz ovu je vrstu mogu\u0107e, uz po\u017eeljne, imati i nepo\u017eeljne popratne pojave lije\u010denja. One su uz ovu vrstu terapije izuzetno rijetke, ali ako se pojave, mogu se razviti na bilo kojem organu ili organskom sustavu u tijelu u bilo kojoj fazi lije\u010denja, \u010dak i nakon \u0161to je lije\u010denje imunoterapijom prekinuto odnosno zavr\u0161eno.<\/p><p>Naime, (re)aktivacijom na\u0161eg imunolo\u0161kog sustava (T-limfocita) u borbi protiv stanica tumora mo\u017ee ponekad do\u0107i i do ozlje\u0111ivanja vlastitihzdravih stanica \u2013 \u0161to dovodi do klini\u010dke slike upale sli\u010dne autoimunim bolestima (u kojima vlastiti imunolo\u0161ki sustav spontano napada vlastite zdrave stanice). Ovu vrstu nuspojava nazivamo \u201eimunolo\u0161ki posredovane nuspojave lije\u010denja\u201c. Ukoliko se pojave takve nuspojave va\u017eno ih je na vrijeme prepoznati i lije\u010diti (naj\u010de\u0161\u0107e lijekovima iz skupine kortikosteroida), a lije\u010denje u pojedinim slu\u010dajevima mo\u017ee biti i dugotrajno te zahtijevati prekid specifi\u010dne terapije.<\/p><p>Ako se u lije\u010denju raka plu\u0107a primjenjuje istodobno vi\u0161e vrsta terapija (npr. kombinacije imunoterapije i kemoterapije) mogu se o\u010dekivati i u\u010dinci i nuspojave obje vrste primijenjene terapije.<\/p>\t\t\t\t\t\t\t\t<\/div>\n\t\t\t\t<\/div>\n\t\t\t\t\t<\/div>\n\t\t<\/div>\n\t\t\t\t\t<\/div>\n\t\t<\/section>\n\t\t\t\t<\/div>\n\t\t","protected":false},"excerpt":{"rendered":"<p>Imunoterapija Imunoterapija je najnovija vrsta sustavne onkolo\u0161ke terapije. Koristi se u svakodnevnoj primjeni u lije\u010denju raka plu\u0107a nemalih stanica i to tek posljednjih nekoliko godina u najnaprednijim zemljama svijeta.Na sre\u0107u to uklju\u010duje i Hrvatsku. Imunoterapija se razlikuje od svih ostalih terapijskih opcija sustavnog onkolo\u0161kog lije\u010denja po \u010dinjenici da lijekovi koje dajemo bolesnicimanemaju za cilj uni\u0161tavati [&hellip;]<\/p>\n","protected":false},"author":1,"featured_media":0,"parent":1761,"menu_order":0,"comment_status":"closed","ping_status":"closed","template":"","meta":{"footnotes":""},"class_list":["post-1786","page","type-page","status-publish","hentry"],"_links":{"self":[{"href":"https:\/\/2023.govorimoorakupluca.com\/en\/wp-json\/wp\/v2\/pages\/1786","targetHints":{"allow":["GET"]}}],"collection":[{"href":"https:\/\/2023.govorimoorakupluca.com\/en\/wp-json\/wp\/v2\/pages"}],"about":[{"href":"https:\/\/2023.govorimoorakupluca.com\/en\/wp-json\/wp\/v2\/types\/page"}],"author":[{"embeddable":true,"href":"https:\/\/2023.govorimoorakupluca.com\/en\/wp-json\/wp\/v2\/users\/1"}],"replies":[{"embeddable":true,"href":"https:\/\/2023.govorimoorakupluca.com\/en\/wp-json\/wp\/v2\/comments?post=1786"}],"version-history":[{"count":19,"href":"https:\/\/2023.govorimoorakupluca.com\/en\/wp-json\/wp\/v2\/pages\/1786\/revisions"}],"predecessor-version":[{"id":1838,"href":"https:\/\/2023.govorimoorakupluca.com\/en\/wp-json\/wp\/v2\/pages\/1786\/revisions\/1838"}],"up":[{"embeddable":true,"href":"https:\/\/2023.govorimoorakupluca.com\/en\/wp-json\/wp\/v2\/pages\/1761"}],"wp:attachment":[{"href":"https:\/\/2023.govorimoorakupluca.com\/en\/wp-json\/wp\/v2\/media?parent=1786"}],"curies":[{"name":"wp","href":"https:\/\/api.w.org\/{rel}","templated":true}]}}