{"id":1794,"date":"2022-01-04T13:09:48","date_gmt":"2022-01-04T13:09:48","guid":{"rendered":"https:\/\/govorimoorakupluca.com\/?page_id=1794"},"modified":"2022-01-04T13:59:39","modified_gmt":"2022-01-04T13:59:39","slug":"lijecenje-kemoterapijom","status":"publish","type":"page","link":"https:\/\/2023.govorimoorakupluca.com\/en\/lijecenje-raka-pluca\/lijecenje-kemoterapijom\/","title":{"rendered":"Lije\u010denje kemoterapijom"},"content":{"rendered":"\t\t<div data-elementor-type=\"wp-page\" data-elementor-id=\"1794\" data-post-id=\"1794\" data-obj-id=\"1794\" class=\"elementor elementor-1794 dce-elementor-post-1794\">\n\t\t\t\t\t\t<section class=\"elementor-section elementor-top-section elementor-element elementor-element-bf3f8bb elementor-section-boxed elementor-section-height-default elementor-section-height-default\" data-id=\"bf3f8bb\" data-element_type=\"section\">\n\t\t\t\t\t\t<div class=\"elementor-container elementor-column-gap-default\">\n\t\t\t\t\t<div class=\"elementor-column elementor-col-100 elementor-top-column elementor-element elementor-element-b653ac4\" data-id=\"b653ac4\" data-element_type=\"column\">\n\t\t\t<div class=\"elementor-widget-wrap elementor-element-populated\">\n\t\t\t\t\t\t<div class=\"elementor-element elementor-element-d2bda1b elementor-widget elementor-widget-heading\" data-id=\"d2bda1b\" data-element_type=\"widget\" data-widget_type=\"heading.default\">\n\t\t\t\t<div class=\"elementor-widget-container\">\n\t\t\t\t\t<h2 class=\"elementor-heading-title elementor-size-default\">Citostatska kemoterapija<\/h2>\t\t\t\t<\/div>\n\t\t\t\t<\/div>\n\t\t\t\t<div class=\"elementor-element elementor-element-36a5bca elementor-widget elementor-widget-text-editor\" data-id=\"36a5bca\" data-element_type=\"widget\" data-widget_type=\"text-editor.default\">\n\t\t\t\t<div class=\"elementor-widget-container\">\n\t\t\t\t\t\t\t\t\t<p>Citostatska kemoterapija se primjenjuje u lije\u010denju bolesnika s rakom plu\u0107a nekoliko desetlje\u0107a i donedavno je bila jedina metoda sustavnog lije\u010denja. Danas se primjenjuje u razli\u010ditim stadijima pro\u0161irenosti bolesti, kod razli\u010ditih vrsta tumora te u razli\u010ditim fazama lije\u010denja.<\/p><p>Primjenjuju se tzv. protokoli koji su medicinski standard u cijelome svijetu i koji uklju\u010duju citostatike novijih generacija. Poznat je velik broj citostatika koji se mogu svrstati u razli\u010dite skupinei na temelju razli\u010ditih\u00a0 svojstava i mehanizama djelovanja.<\/p><p>Lije\u010denje se provodi u ciklusima. Ciklus uklju\u010duje aplikaciju jednog (monoterapija) ili vi\u0161e lijekova (polikemoterapija) i to tijekom jednog ili vi\u0161e dana. Ciklusi se naj\u010de\u0161\u0107e ponavljaju nakon nekoliko tjedana (kod ve\u0107ine protokola nakon tri tjedna).<\/p>\t\t\t\t\t\t\t\t<\/div>\n\t\t\t\t<\/div>\n\t\t\t\t\t<\/div>\n\t\t<\/div>\n\t\t\t\t\t<\/div>\n\t\t<\/section>\n\t\t\t\t<section class=\"elementor-section elementor-top-section elementor-element elementor-element-156a386 elementor-reverse-tablet elementor-reverse-mobile elementor-section-boxed elementor-section-height-default elementor-section-height-default\" data-id=\"156a386\" data-element_type=\"section\">\n\t\t\t\t\t\t<div class=\"elementor-container elementor-column-gap-default\">\n\t\t\t\t\t<div class=\"elementor-column elementor-col-100 elementor-top-column elementor-element elementor-element-2613831\" data-id=\"2613831\" data-element_type=\"column\">\n\t\t\t<div class=\"elementor-widget-wrap elementor-element-populated\">\n\t\t\t\t\t\t<div class=\"elementor-element elementor-element-6ae6d77 elementor-widget elementor-widget-text-editor\" data-id=\"6ae6d77\" data-element_type=\"widget\" data-widget_type=\"text-editor.default\">\n\t\t\t\t<div class=\"elementor-widget-container\">\n\t\t\t\t\t\t\t\t\t<p>Danas se citostatici naj\u010de\u0161\u0107e primjenjuju intravenozno putem bolusa ili prolongirane infuzije. Kemoterapeutici nisu selektivni i djeluju na one stanice u tijelu koje se brzo dijele, \u0161to je karakteristika ve\u0107ine tumorskih stanica, ali i nekih normalnih stanica zdravih tkiva (spolnih, krvotvornih, stanicaprobavnog trakta).<\/p><p>Posljedi\u010dno tome, kemoterapija mo\u017ee imati i karakteristi\u010dna ne\u017eeljena djelovanja, ali je podno\u0161enje lije\u010denja posljednjih godina zna\u010dajno pobolj\u0161ano napretkom i primjenom vrlo u\u010dinkovite suportivne terapije u svakodnevnoj klini\u010dkoj praksi.<\/p>\t\t\t\t\t\t\t\t<\/div>\n\t\t\t\t<\/div>\n\t\t\t\t\t<\/div>\n\t\t<\/div>\n\t\t\t\t\t<\/div>\n\t\t<\/section>\n\t\t\t\t<\/div>\n\t\t","protected":false},"excerpt":{"rendered":"<p>Citostatska kemoterapija Citostatska kemoterapija se primjenjuje u lije\u010denju bolesnika s rakom plu\u0107a nekoliko desetlje\u0107a i donedavno je bila jedina metoda sustavnog lije\u010denja. Danas se primjenjuje u razli\u010ditim stadijima pro\u0161irenosti bolesti, kod razli\u010ditih vrsta tumora te u razli\u010ditim fazama lije\u010denja. Primjenjuju se tzv. protokoli koji su medicinski standard u cijelome svijetu i koji uklju\u010duju citostatike novijih [&hellip;]<\/p>\n","protected":false},"author":1,"featured_media":0,"parent":1761,"menu_order":0,"comment_status":"closed","ping_status":"closed","template":"","meta":{"footnotes":""},"class_list":["post-1794","page","type-page","status-publish","hentry"],"_links":{"self":[{"href":"https:\/\/2023.govorimoorakupluca.com\/en\/wp-json\/wp\/v2\/pages\/1794","targetHints":{"allow":["GET"]}}],"collection":[{"href":"https:\/\/2023.govorimoorakupluca.com\/en\/wp-json\/wp\/v2\/pages"}],"about":[{"href":"https:\/\/2023.govorimoorakupluca.com\/en\/wp-json\/wp\/v2\/types\/page"}],"author":[{"embeddable":true,"href":"https:\/\/2023.govorimoorakupluca.com\/en\/wp-json\/wp\/v2\/users\/1"}],"replies":[{"embeddable":true,"href":"https:\/\/2023.govorimoorakupluca.com\/en\/wp-json\/wp\/v2\/comments?post=1794"}],"version-history":[{"count":5,"href":"https:\/\/2023.govorimoorakupluca.com\/en\/wp-json\/wp\/v2\/pages\/1794\/revisions"}],"predecessor-version":[{"id":1841,"href":"https:\/\/2023.govorimoorakupluca.com\/en\/wp-json\/wp\/v2\/pages\/1794\/revisions\/1841"}],"up":[{"embeddable":true,"href":"https:\/\/2023.govorimoorakupluca.com\/en\/wp-json\/wp\/v2\/pages\/1761"}],"wp:attachment":[{"href":"https:\/\/2023.govorimoorakupluca.com\/en\/wp-json\/wp\/v2\/media?parent=1794"}],"curies":[{"name":"wp","href":"https:\/\/api.w.org\/{rel}","templated":true}]}}