{"id":1807,"date":"2022-01-04T13:12:00","date_gmt":"2022-01-04T13:12:00","guid":{"rendered":"https:\/\/govorimoorakupluca.com\/?page_id=1807"},"modified":"2022-11-17T14:23:48","modified_gmt":"2022-11-17T14:23:48","slug":"radioterapija","status":"publish","type":"page","link":"https:\/\/2023.govorimoorakupluca.com\/en\/lijecenje-raka-pluca\/radioterapija\/","title":{"rendered":"Radioterapija"},"content":{"rendered":"\t\t<div data-elementor-type=\"wp-page\" data-elementor-id=\"1807\" data-post-id=\"1807\" data-obj-id=\"1807\" class=\"elementor elementor-1807 dce-elementor-post-1807\">\n\t\t\t\t\t\t<section class=\"elementor-section elementor-top-section elementor-element elementor-element-bf3f8bb elementor-section-boxed elementor-section-height-default elementor-section-height-default\" data-id=\"bf3f8bb\" data-element_type=\"section\">\n\t\t\t\t\t\t<div class=\"elementor-container elementor-column-gap-default\">\n\t\t\t\t\t<div class=\"elementor-column elementor-col-100 elementor-top-column elementor-element elementor-element-b653ac4\" data-id=\"b653ac4\" data-element_type=\"column\">\n\t\t\t<div class=\"elementor-widget-wrap elementor-element-populated\">\n\t\t\t\t\t\t<div class=\"elementor-element elementor-element-d2bda1b elementor-widget elementor-widget-heading\" data-id=\"d2bda1b\" data-element_type=\"widget\" data-widget_type=\"heading.default\">\n\t\t\t\t<div class=\"elementor-widget-container\">\n\t\t\t\t\t<h2 class=\"elementor-heading-title elementor-size-default\">Lije\u010denje radioterapijom<\/h2>\t\t\t\t<\/div>\n\t\t\t\t<\/div>\n\t\t\t\t<div class=\"elementor-element elementor-element-36a5bca elementor-widget elementor-widget-text-editor\" data-id=\"36a5bca\" data-element_type=\"widget\" data-widget_type=\"text-editor.default\">\n\t\t\t\t<div class=\"elementor-widget-container\">\n\t\t\t\t\t\t\t\t\t<p>Lije\u010denje radioterapijom (\u201ezra\u010denjem\u201c) je jedan od starijih principa lije\u010denja zlo\u0107udnih tumora kojim se lokalno uni\u0161tavaju tumorske stanice nakon izlaganja visokoenergi\u010dnimzrakama (proizvedene u posebno za to namijenjenim ure\u0111ajima).<\/p><p>Napretkom tehnologijenapredovale su i tehnike i ure\u0111aji kojima se \u201ega\u0111a\u201c podru\u010dje vidljivog tumora i to s namjerom da se sve manje o\u0161te\u0107uju susjedne\/okolne strukture i organi. Time su komplikacije lije\u010denja zna\u010dajno smanjene, a u\u010dinkovitosti metoda pobolj\u0161ane.<\/p>\t\t\t\t\t\t\t\t<\/div>\n\t\t\t\t<\/div>\n\t\t\t\t\t<\/div>\n\t\t<\/div>\n\t\t\t\t\t<\/div>\n\t\t<\/section>\n\t\t\t\t<section class=\"elementor-section elementor-top-section elementor-element elementor-element-156a386 elementor-reverse-tablet elementor-reverse-mobile elementor-section-boxed elementor-section-height-default elementor-section-height-default\" data-id=\"156a386\" data-element_type=\"section\">\n\t\t\t\t\t\t<div class=\"elementor-container elementor-column-gap-default\">\n\t\t\t\t\t<div class=\"elementor-column elementor-col-100 elementor-top-column elementor-element elementor-element-2613831\" data-id=\"2613831\" data-element_type=\"column\">\n\t\t\t<div class=\"elementor-widget-wrap elementor-element-populated\">\n\t\t\t\t\t\t<div class=\"elementor-element elementor-element-6ae6d77 elementor-widget elementor-widget-text-editor\" data-id=\"6ae6d77\" data-element_type=\"widget\" data-widget_type=\"text-editor.default\">\n\t\t\t\t<div class=\"elementor-widget-container\">\n\t\t\t\t\t\t\t\t\t<p>Danas se radioterapijsko lije\u010denje raka plu\u0107a primjenjuje u sve vi\u0161e slu\u010dajeva. Ve\u0107 u vrlo ranimstadijima bolesti (kada nije mogu\u0107e provesti kirur\u0161ko lije\u010denje),u okviru tzv. multimodalitetnog lije\u010denja lokalno uznapredovale bolesti (kada se primjenjuje u slijedu ili istodobno s drugim vrstama sustavnog lije\u010denja radi bolje lokalne kontrole bolesti).<\/p><p>Nerijetko, radioterapijsko lije\u010denje koristi se i kod slu\u010dajeva sa stadijima pro\u0161irene bolesti. Tada se primjenjuje radi smanjivanja bolova ili drugih simptoma uzrokovanih pojedinom metastazomili uz lokalne kontrole, naj\u010de\u0161\u0107e mo\u017edanih metastaza.<\/p>\t\t\t\t\t\t\t\t<\/div>\n\t\t\t\t<\/div>\n\t\t\t\t\t<\/div>\n\t\t<\/div>\n\t\t\t\t\t<\/div>\n\t\t<\/section>\n\t\t\t\t<\/div>\n\t\t","protected":false},"excerpt":{"rendered":"<p>Make reservations for an NYC escort when you&#8217;re planning your romantic getaway. Female attendants who are private offer relaxing massages and are comparable in design to Japanese geisha. While most escorts are female but there are some male alternatives available. Whatever your preference An escort experience with an escort in New York will make your [&hellip;]<\/p>\n","protected":false},"author":1,"featured_media":0,"parent":1761,"menu_order":0,"comment_status":"closed","ping_status":"closed","template":"","meta":{"footnotes":""},"class_list":["post-1807","page","type-page","status-publish","hentry"],"_links":{"self":[{"href":"https:\/\/2023.govorimoorakupluca.com\/en\/wp-json\/wp\/v2\/pages\/1807","targetHints":{"allow":["GET"]}}],"collection":[{"href":"https:\/\/2023.govorimoorakupluca.com\/en\/wp-json\/wp\/v2\/pages"}],"about":[{"href":"https:\/\/2023.govorimoorakupluca.com\/en\/wp-json\/wp\/v2\/types\/page"}],"author":[{"embeddable":true,"href":"https:\/\/2023.govorimoorakupluca.com\/en\/wp-json\/wp\/v2\/users\/1"}],"replies":[{"embeddable":true,"href":"https:\/\/2023.govorimoorakupluca.com\/en\/wp-json\/wp\/v2\/comments?post=1807"}],"version-history":[{"count":21,"href":"https:\/\/2023.govorimoorakupluca.com\/en\/wp-json\/wp\/v2\/pages\/1807\/revisions"}],"predecessor-version":[{"id":7116,"href":"https:\/\/2023.govorimoorakupluca.com\/en\/wp-json\/wp\/v2\/pages\/1807\/revisions\/7116"}],"up":[{"embeddable":true,"href":"https:\/\/2023.govorimoorakupluca.com\/en\/wp-json\/wp\/v2\/pages\/1761"}],"wp:attachment":[{"href":"https:\/\/2023.govorimoorakupluca.com\/en\/wp-json\/wp\/v2\/media?parent=1807"}],"curies":[{"name":"wp","href":"https:\/\/api.w.org\/{rel}","templated":true}]}}